

{"id":96306,"date":"2025-04-08T17:40:21","date_gmt":"2025-04-08T15:40:21","guid":{"rendered":"https:\/\/www.praktivak.be\/naggura\/"},"modified":"2025-07-01T17:15:35","modified_gmt":"2025-07-01T15:15:35","slug":"naggura","status":"publish","type":"page","link":"https:\/\/www.praktivak.be\/fr\/naggura\/","title":{"rendered":"Naggura"},"content":{"rendered":"\n<div style=\"height:20px\" aria-hidden=\"true\" class=\"wp-block-spacer\"><\/div>\n\n<div class=\"wp-block-madeit-block-content container-fluid margin-column-mobile\"><div class=\"row\">\n<div class=\"wp-block-madeit-block-content-column col-12 col-lg-2\" style=\"padding-top:0px;padding-bottom:0px;padding-left:0px;padding-right:0px\"><\/div>\n\n\n\n<div class=\"wp-block-madeit-block-content-column col-12 col-lg-8\">\n<figure class=\"wp-block-image aligncenter size-full w-100 do-lightbox\"><a href=\"https:\/\/www.praktivak.be\/fr\/categorie-de-produit\/inrichtingen-fr\/naggura-swop-inrichtingen-fr\/\"><img loading=\"lazy\" decoding=\"async\" width=\"3840\" height=\"1060\" src=\"https:\/\/www.praktivak.be\/wp-content\/uploads\/2025\/04\/Kopie-van-Praktivak-slider-9.png\" alt=\"\" class=\"wp-image-32748\"><\/a><\/figure>\n<\/div>\n\n\n\n<div class=\"wp-block-madeit-block-content-column col-12 col-lg-2\"><\/div>\n<\/div><\/div>\n\n<div class=\"wp-block-madeit-block-content container\" style=\"margin-top:50px;margin-bottom:50px\"><div class=\"row\">\n<div class=\"wp-block-madeit-block-content-column col-12 col-lg-2\"><\/div>\n\n\n\n<div class=\"wp-block-madeit-block-content-column col-12 col-lg-8\">\n<p class=\"has-text-align-center\"><br>Les tables et fauteuils de traitement de SWOP sont les seuls sur le march&eacute; &agrave; permettre une personnalisation compl&egrave;te. Parce que vous n&rsquo;&ecirc;tes jamais dans le m&ecirc;me &eacute;tat d&rsquo;esprit&#8239;! Adaptez en un clin d&rsquo;&oelig;il votre fauteuil ou table de soin &agrave; l&rsquo;ambiance qui convient &agrave; votre traitement. &Eacute;clairage LED d&rsquo;ambiance r&eacute;glable, panneaux lat&eacute;raux design interchangeables et musique d&rsquo;ambiance assortie cr&eacute;ent une exp&eacute;rience unique&#8239;!   <\/p>\n<\/div>\n\n\n\n<div class=\"wp-block-madeit-block-content-column col-12 col-lg-2\"><\/div>\n<\/div><\/div>\n\n<div class=\"wp-block-madeit-block-content container\"><div class=\"row\">\n<div class=\"wp-block-madeit-block-content-column col-12 col-lg-2\"><\/div>\n\n\n\n<div class=\"wp-block-madeit-block-content-column is-vertically-aligned-center col-12 col-lg-8\">\n<div class=\"wp-block-buttons is-content-justification-center is-layout-flex wp-container-core-buttons-is-layout-16018d1d wp-block-buttons-is-layout-flex\">\n<div class=\"wp-block-button\"><a class=\"wp-block-button__link wp-element-button\" href=\"https:\/\/www.praktivak.be\/fr\/categorie-de-produit\/inrichtingen-fr\/naggura-swop-inrichtingen-fr\/\">D&eacute;couvrez les produits<\/a><\/div>\n<\/div>\n<\/div>\n\n\n\n<div class=\"wp-block-madeit-block-content-column is-vertically-aligned-center col-12 col-lg-2\"><\/div>\n<\/div><\/div>\n\n<div class=\"wp-block-madeit-block-content container margin-column-mobile\" style=\"margin-top:50px;margin-bottom:50px\"><div class=\"row\">\n<div class=\"wp-block-madeit-block-content-column col-12 col-lg-4\">\n<figure class=\"wp-block-image size-full wp-container-content-69bc4bdf\"><img loading=\"lazy\" decoding=\"async\" width=\"1024\" height=\"1024\" src=\"https:\/\/www.praktivak.be\/wp-content\/uploads\/2025\/04\/Bamboo-sound-system.jpg\" alt=\"\" class=\"wp-image-32573\" style=\"aspect-ratio:16\/9;object-fit:cover\"><\/figure>\n\n\n\n<p class=\"has-text-align-left\">Il est possible d&rsquo;&eacute;quiper votre table de bien-&ecirc;tre ou fauteuil de soin SWOP d&rsquo;un luxueux syst&egrave;me audio Bamboo Sound System. Vous pouvez ainsi diffuser une musique relaxante pendant que vous choyez vos clients. Utilisez la playlist SWOP sur Spotify avec des morceaux apaisants, ou cr&eacute;ez votre propre liste personnalis&eacute;e.<br>Choisissez vous-m&ecirc;me le rythme de votre journ&eacute;e&#8239;!   <\/p>\n<\/div>\n\n\n\n<div class=\"wp-block-madeit-block-content-column col-12 col-lg-4\">\n<figure class=\"wp-block-image size-full wp-container-content-69bc4bdf\"><img loading=\"lazy\" decoding=\"async\" width=\"750\" height=\"600\" src=\"https:\/\/www.praktivak.be\/wp-content\/uploads\/2025\/04\/CROMO-MOOD.png\" alt=\"\" class=\"wp-image-32765\" style=\"aspect-ratio:16\/9;object-fit:cover\"><\/figure>\n\n\n\n<p class=\"has-text-align-left\">Et bien s&ucirc;r, cela s&rsquo;accompagne de la bonne ambiance&#8239;!<br>Les tables SWOP brillent gr&acirc;ce &agrave; leur propre &eacute;clairage LED. Choisissez une couleur fixe ou activez le mode lumineux dynamique.<br>Ajoutez le mode Cromo &agrave; votre table de soin et laissez-vous emporter par un r&ecirc;ve en couleurs.   <\/p>\n<\/div>\n\n\n\n<div class=\"wp-block-madeit-block-content-column col-12 col-lg-4\">\n<figure class=\"wp-block-image size-large\"><img loading=\"lazy\" decoding=\"async\" width=\"1024\" height=\"683\" src=\"https:\/\/www.praktivak.be\/wp-content\/uploads\/2025\/04\/Foll-1024x683.jpg\" alt=\"\" class=\"wp-image-32788\" style=\"aspect-ratio:16\/9;object-fit:cover\"><\/figure>\n\n\n\n<p class=\"has-text-align-left wp-container-content-69bc4bdf\">SWOP est un nouveau concept de tables et fauteuils de soin qui vous permet de composer et de modifier le design et l&rsquo;ambiance aussi souvent que vous le souhaitez.<br>Changez les panneaux lat&eacute;raux color&eacute;s en quelques secondes et cr&eacute;ez un tout nouveau look &amp; feel.<br>Aucun outil n&rsquo;est n&eacute;cessaire&#8239;! Choisissez simplement la couleur ou le mat&eacute;riau qui vous pla&icirc;t ou qui correspond &agrave; votre style, et souriez.<br>C&rsquo;est vous qui d&eacute;cidez&#8239;!<br>[Cliquez <a href=\"https:\/\/www.praktivak.be\/naggura-swop-panels\/\">ici<\/a> pour d&eacute;couvrir les diff&eacute;rentes collections de panneaux lat&eacute;raux.]     <\/p>\n<\/div>\n<\/div><\/div>\n\n<div style=\"height:20px\" aria-hidden=\"true\" class=\"wp-block-spacer\"><\/div>\n\n<div class=\"wp-block-madeit-block-content container-fluid\"><div class=\"row\">\n<div class=\"wp-block-madeit-block-content-column col-12 col-lg-2\" style=\"padding-top:0px;padding-bottom:0px;padding-left:0px;padding-right:0px\"><\/div>\n\n\n\n<div class=\"wp-block-madeit-block-content-column col-12 col-lg-8\">\n<figure class=\"wp-block-image aligncenter size-full w-100 do-lightbox\"><a href=\"https:\/\/www.praktivak.be\/fr\/categorie-de-produit\/inrichtingen-fr\/naggura-swop-inrichtingen-fr\/\"><img loading=\"lazy\" decoding=\"async\" width=\"3840\" height=\"1060\" src=\"https:\/\/www.praktivak.be\/wp-content\/uploads\/2025\/04\/Kopie-van-Praktivak-slider-8.png\" alt=\"\" class=\"wp-image-32744\"><\/a><\/figure>\n<\/div>\n\n\n\n<div class=\"wp-block-madeit-block-content-column col-12 col-lg-2\"><\/div>\n<\/div><\/div>\n\n<div class=\"wp-block-madeit-block-content container\" style=\"margin-top:50px;margin-bottom:50px\"><div class=\"row\">\n<div class=\"wp-block-madeit-block-content-column col-12 col-lg-12\">\n<p class=\"has-text-align-center\">Swop SPA est une gamme de tables de massage &eacute;lectriques &agrave; trois sections, avec un matelas d&rsquo;un seul tenant et une structure en bois.<br>Disponible en versions Starter, Pro et Up, la Swop SPA propose diff&eacute;rentes fonctionnalit&eacute;s tout en conservant la qualit&eacute; qui fait la renomm&eacute;e de Naggura. <\/p>\n<\/div>\n<\/div><\/div>\n\n<div class=\"wp-block-madeit-block-content container margin-column-mobile\" style=\"margin-top:50px;margin-bottom:50px\"><div class=\"row\">\n<div class=\"wp-block-madeit-block-content-column col-12 col-lg-3\">\n<figure class=\"wp-block-image size-large wp-container-content-69bc4bdf\"><img loading=\"lazy\" decoding=\"async\" width=\"1024\" height=\"768\" src=\"https:\/\/www.praktivak.be\/wp-content\/uploads\/2025\/04\/Swop_UP22_1488-1024x768.jpg\" alt=\"\" class=\"wp-image-32720\"><\/figure>\n\n\n\n<h2 class=\"wp-block-heading wp-container-content-69bc4bdf\">MOVE pack<\/h2>\n\n\n\n<p class=\"wp-container-content-69bc4bdf\">La table Swop S4 SPA est &eacute;quip&eacute;e de moteurs trois fois plus rapides que ceux des tables conventionnelles.<br>Elle offre trois positions m&eacute;moire et un bouton de r&eacute;initialisation pour ajuster facilement les r&eacute;glages.<br>Une cl&eacute; de s&eacute;curit&eacute; assure une protection suppl&eacute;mentaire.<br>Profitez toujours des toutes derni&egrave;res fonctionnalit&eacute;s&#8239;!  <\/p>\n<\/div>\n\n\n\n<div class=\"wp-block-madeit-block-content-column col-12 col-lg-3\">\n<figure class=\"wp-block-image size-large\"><img loading=\"lazy\" decoding=\"async\" width=\"1024\" height=\"768\" src=\"https:\/\/www.praktivak.be\/wp-content\/uploads\/2025\/04\/Swop_UP22_2110-1024x768.jpg\" alt=\"\" class=\"wp-image-32722\"><\/figure>\n\n\n\n<h2 class=\"wp-block-heading\">TwinLift&copy;<\/h2>\n\n\n\n<p>Het gepatenteerde TwinLift-systeem met gasveer maakt traploos verstellen mogelijk. De armleuningen kunnen eenvoudig omhoog of omlaag worden bewogen met slechts &eacute;&eacute;n handbeweging. <\/p>\n<\/div>\n\n\n\n<div class=\"wp-block-madeit-block-content-column col-12 col-lg-3\">\n<figure class=\"wp-block-image size-large\"><img loading=\"lazy\" decoding=\"async\" width=\"1024\" height=\"768\" src=\"https:\/\/www.praktivak.be\/wp-content\/uploads\/2025\/04\/Swop_UP22_1814-1-1024x768.jpg\" alt=\"\" class=\"wp-image-32724\"><\/figure>\n\n\n\n<h2 class=\"wp-block-heading\">Chauffage<\/h2>\n\n\n\n<p>Les mod&egrave;les S3 PRO, S4 UP et S4 UP Grand Relax sont &eacute;quip&eacute;s d&rsquo;un syst&egrave;me de chauffage int&eacute;gr&eacute; avec deux niveaux de temp&eacute;rature et une fonction d&rsquo;arr&ecirc;t automatique.<br>Cela garantit un confort optimal pour vos clients. <\/p>\n<\/div>\n\n\n\n<div class=\"wp-block-madeit-block-content-column col-12 col-lg-3\">\n<figure class=\"wp-block-image size-large\"><img loading=\"lazy\" decoding=\"async\" width=\"1024\" height=\"768\" src=\"https:\/\/www.praktivak.be\/wp-content\/uploads\/2025\/04\/Swop_UP22_1965-1-1024x768.jpg\" alt=\"\" class=\"wp-image-32726\"><\/figure>\n\n\n\n<h2 class=\"wp-block-heading\">Roulettes<\/h2>\n\n\n\n<p class=\"has-text-align-left\">Le syst&egrave;me &agrave; 4 roulettes dissimul&eacute;es et escamotables des mod&egrave;les Swop S4 SPA et Grand Relax permet une rotation &agrave; 360&deg; et un d&eacute;placement du lit en toute facilit&eacute;.<br>Une flexibilit&eacute; absolue, sans limites&#8239;! <\/p>\n<\/div>\n<\/div><\/div>\n\n","protected":false},"excerpt":{"rendered":"","protected":false},"author":4,"featured_media":0,"parent":0,"menu_order":0,"comment_status":"closed","ping_status":"closed","template":"","meta":{"_acf_changed":false,"_relevanssi_hide_post":"","_relevanssi_hide_content":"","_relevanssi_pin_for_all":"","_relevanssi_pin_keywords":"","_relevanssi_unpin_keywords":"","_relevanssi_related_keywords":"","_relevanssi_related_include_ids":"","_relevanssi_related_exclude_ids":"","_relevanssi_related_no_append":"","_relevanssi_related_not_related":"","_relevanssi_related_posts":"","_relevanssi_noindex_reason":"","advgb_blocks_editor_width":"","advgb_blocks_columns_visual_guide":"","footnotes":""},"class_list":["post-96306","page","type-page","status-publish","hentry"],"acf":[],"yoast_head":"<!-- This site is optimized with the Yoast SEO plugin v27.2 - https:\/\/yoast.com\/product\/yoast-seo-wordpress\/ -->\n<title>Naggura - Praktivak<\/title>\n<meta name=\"robots\" content=\"index, follow, max-snippet:-1, max-image-preview:large, max-video-preview:-1\" \/>\n<link rel=\"canonical\" href=\"https:\/\/www.praktivak.be\/fr\/naggura\/\" \/>\n<meta property=\"og:locale\" content=\"fr_FR\" \/>\n<meta property=\"og:type\" content=\"article\" \/>\n<meta property=\"og:title\" content=\"Naggura - Praktivak\" \/>\n<meta property=\"og:url\" content=\"https:\/\/www.praktivak.be\/fr\/naggura\/\" \/>\n<meta property=\"og:site_name\" content=\"Praktivak\" \/>\n<meta property=\"article:modified_time\" content=\"2025-07-01T15:15:35+00:00\" \/>\n<meta property=\"og:image\" content=\"https:\/\/www.praktivak.be\/wp-content\/uploads\/2025\/04\/Kopie-van-Praktivak-slider-9.png\" \/>\n\t<meta property=\"og:image:width\" content=\"3840\" \/>\n\t<meta property=\"og:image:height\" content=\"1060\" \/>\n\t<meta property=\"og:image:type\" content=\"image\/png\" \/>\n<meta name=\"twitter:card\" content=\"summary_large_image\" \/>\n<meta name=\"twitter:label1\" content=\"Dur\u00e9e de lecture estim\u00e9e\" \/>\n\t<meta name=\"twitter:data1\" content=\"2 minutes\" \/>\n<script type=\"application\/ld+json\" class=\"yoast-schema-graph\">{\"@context\":\"https:\/\/schema.org\",\"@graph\":[{\"@type\":\"WebPage\",\"@id\":\"https:\/\/www.praktivak.be\/fr\/naggura\/\",\"url\":\"https:\/\/www.praktivak.be\/fr\/naggura\/\",\"name\":\"Naggura - Praktivak\",\"isPartOf\":{\"@id\":\"https:\/\/www.praktivak.be\/fr\/#website\"},\"primaryImageOfPage\":{\"@id\":\"https:\/\/www.praktivak.be\/fr\/naggura\/#primaryimage\"},\"image\":{\"@id\":\"https:\/\/www.praktivak.be\/fr\/naggura\/#primaryimage\"},\"thumbnailUrl\":\"https:\/\/www.praktivak.be\/wp-content\/uploads\/2025\/04\/Kopie-van-Praktivak-slider-9.png\",\"datePublished\":\"2025-04-08T15:40:21+00:00\",\"dateModified\":\"2025-07-01T15:15:35+00:00\",\"breadcrumb\":{\"@id\":\"https:\/\/www.praktivak.be\/fr\/naggura\/#breadcrumb\"},\"inLanguage\":\"fr-FR\",\"potentialAction\":[{\"@type\":\"ReadAction\",\"target\":[\"https:\/\/www.praktivak.be\/fr\/naggura\/\"]}]},{\"@type\":\"ImageObject\",\"inLanguage\":\"fr-FR\",\"@id\":\"https:\/\/www.praktivak.be\/fr\/naggura\/#primaryimage\",\"url\":\"https:\/\/www.praktivak.be\/wp-content\/uploads\/2025\/04\/Kopie-van-Praktivak-slider-9.png\",\"contentUrl\":\"https:\/\/www.praktivak.be\/wp-content\/uploads\/2025\/04\/Kopie-van-Praktivak-slider-9.png\"},{\"@type\":\"BreadcrumbList\",\"@id\":\"https:\/\/www.praktivak.be\/fr\/naggura\/#breadcrumb\",\"itemListElement\":[{\"@type\":\"ListItem\",\"position\":1,\"name\":\"Home\",\"item\":\"https:\/\/www.praktivak.be\/fr\/\"},{\"@type\":\"ListItem\",\"position\":2,\"name\":\"Naggura\"}]},{\"@type\":\"WebSite\",\"@id\":\"https:\/\/www.praktivak.be\/fr\/#website\",\"url\":\"https:\/\/www.praktivak.be\/fr\/\",\"name\":\"Praktivak\",\"description\":\"\",\"publisher\":{\"@id\":\"https:\/\/www.praktivak.be\/fr\/#organization\"},\"potentialAction\":[{\"@type\":\"SearchAction\",\"target\":{\"@type\":\"EntryPoint\",\"urlTemplate\":\"https:\/\/www.praktivak.be\/fr\/?s={search_term_string}\"},\"query-input\":{\"@type\":\"PropertyValueSpecification\",\"valueRequired\":true,\"valueName\":\"search_term_string\"}}],\"inLanguage\":\"fr-FR\"},{\"@type\":\"Organization\",\"@id\":\"https:\/\/www.praktivak.be\/fr\/#organization\",\"name\":\"Praktivak\",\"url\":\"https:\/\/www.praktivak.be\/fr\/\",\"logo\":{\"@type\":\"ImageObject\",\"inLanguage\":\"fr-FR\",\"@id\":\"https:\/\/www.praktivak.be\/fr\/#\/schema\/logo\/image\/\",\"url\":\"https:\/\/www.praktivak.be\/wp-content\/uploads\/2024\/09\/Logo.png\",\"contentUrl\":\"https:\/\/www.praktivak.be\/wp-content\/uploads\/2024\/09\/Logo.png\",\"width\":1774,\"height\":337,\"caption\":\"Praktivak\"},\"image\":{\"@id\":\"https:\/\/www.praktivak.be\/fr\/#\/schema\/logo\/image\/\"}}]}<\/script>\n<!-- \/ Yoast SEO plugin. -->","yoast_head_json":{"title":"Naggura - Praktivak","robots":{"index":"index","follow":"follow","max-snippet":"max-snippet:-1","max-image-preview":"max-image-preview:large","max-video-preview":"max-video-preview:-1"},"canonical":"https:\/\/www.praktivak.be\/fr\/naggura\/","og_locale":"fr_FR","og_type":"article","og_title":"Naggura - Praktivak","og_url":"https:\/\/www.praktivak.be\/fr\/naggura\/","og_site_name":"Praktivak","article_modified_time":"2025-07-01T15:15:35+00:00","og_image":[{"width":3840,"height":1060,"url":"https:\/\/www.praktivak.be\/wp-content\/uploads\/2025\/04\/Kopie-van-Praktivak-slider-9.png","type":"image\/png"}],"twitter_card":"summary_large_image","twitter_misc":{"Dur\u00e9e de lecture estim\u00e9e":"2 minutes"},"schema":{"@context":"https:\/\/schema.org","@graph":[{"@type":"WebPage","@id":"https:\/\/www.praktivak.be\/fr\/naggura\/","url":"https:\/\/www.praktivak.be\/fr\/naggura\/","name":"Naggura - Praktivak","isPartOf":{"@id":"https:\/\/www.praktivak.be\/fr\/#website"},"primaryImageOfPage":{"@id":"https:\/\/www.praktivak.be\/fr\/naggura\/#primaryimage"},"image":{"@id":"https:\/\/www.praktivak.be\/fr\/naggura\/#primaryimage"},"thumbnailUrl":"https:\/\/www.praktivak.be\/wp-content\/uploads\/2025\/04\/Kopie-van-Praktivak-slider-9.png","datePublished":"2025-04-08T15:40:21+00:00","dateModified":"2025-07-01T15:15:35+00:00","breadcrumb":{"@id":"https:\/\/www.praktivak.be\/fr\/naggura\/#breadcrumb"},"inLanguage":"fr-FR","potentialAction":[{"@type":"ReadAction","target":["https:\/\/www.praktivak.be\/fr\/naggura\/"]}]},{"@type":"ImageObject","inLanguage":"fr-FR","@id":"https:\/\/www.praktivak.be\/fr\/naggura\/#primaryimage","url":"https:\/\/www.praktivak.be\/wp-content\/uploads\/2025\/04\/Kopie-van-Praktivak-slider-9.png","contentUrl":"https:\/\/www.praktivak.be\/wp-content\/uploads\/2025\/04\/Kopie-van-Praktivak-slider-9.png"},{"@type":"BreadcrumbList","@id":"https:\/\/www.praktivak.be\/fr\/naggura\/#breadcrumb","itemListElement":[{"@type":"ListItem","position":1,"name":"Home","item":"https:\/\/www.praktivak.be\/fr\/"},{"@type":"ListItem","position":2,"name":"Naggura"}]},{"@type":"WebSite","@id":"https:\/\/www.praktivak.be\/fr\/#website","url":"https:\/\/www.praktivak.be\/fr\/","name":"Praktivak","description":"","publisher":{"@id":"https:\/\/www.praktivak.be\/fr\/#organization"},"potentialAction":[{"@type":"SearchAction","target":{"@type":"EntryPoint","urlTemplate":"https:\/\/www.praktivak.be\/fr\/?s={search_term_string}"},"query-input":{"@type":"PropertyValueSpecification","valueRequired":true,"valueName":"search_term_string"}}],"inLanguage":"fr-FR"},{"@type":"Organization","@id":"https:\/\/www.praktivak.be\/fr\/#organization","name":"Praktivak","url":"https:\/\/www.praktivak.be\/fr\/","logo":{"@type":"ImageObject","inLanguage":"fr-FR","@id":"https:\/\/www.praktivak.be\/fr\/#\/schema\/logo\/image\/","url":"https:\/\/www.praktivak.be\/wp-content\/uploads\/2024\/09\/Logo.png","contentUrl":"https:\/\/www.praktivak.be\/wp-content\/uploads\/2024\/09\/Logo.png","width":1774,"height":337,"caption":"Praktivak"},"image":{"@id":"https:\/\/www.praktivak.be\/fr\/#\/schema\/logo\/image\/"}}]}},"coauthors":[],"author_meta":{"author_link":"https:\/\/www.praktivak.be\/fr\/author\/tom-sommenbowiemedical-be\/","display_name":"Tom Sommen"},"relative_dates":{"created":"Publi\u00e9 1 an il y a","modified":"Mis \u00e0 jour 10 mois il y a"},"absolute_dates":{"created":"Publi\u00e9 le 8 avril 2025","modified":"Mise \u00e0 jour le 1 juillet 2025"},"absolute_dates_time":{"created":"Publi\u00e9 le 8 avril 2025 17h40","modified":"Mise \u00e0 jour le 1 juillet 2025 17h15"},"featured_img_caption":"","featured_img":false,"series_order":"","_links":{"self":[{"href":"https:\/\/www.praktivak.be\/fr\/wp-json\/wp\/v2\/pages\/96306","targetHints":{"allow":["GET"]}}],"collection":[{"href":"https:\/\/www.praktivak.be\/fr\/wp-json\/wp\/v2\/pages"}],"about":[{"href":"https:\/\/www.praktivak.be\/fr\/wp-json\/wp\/v2\/types\/page"}],"author":[{"embeddable":true,"href":"https:\/\/www.praktivak.be\/fr\/wp-json\/wp\/v2\/users\/4"}],"replies":[{"embeddable":true,"href":"https:\/\/www.praktivak.be\/fr\/wp-json\/wp\/v2\/comments?post=96306"}],"version-history":[{"count":1,"href":"https:\/\/www.praktivak.be\/fr\/wp-json\/wp\/v2\/pages\/96306\/revisions"}],"predecessor-version":[{"id":96307,"href":"https:\/\/www.praktivak.be\/fr\/wp-json\/wp\/v2\/pages\/96306\/revisions\/96307"}],"wp:attachment":[{"href":"https:\/\/www.praktivak.be\/fr\/wp-json\/wp\/v2\/media?parent=96306"}],"curies":[{"name":"wp","href":"https:\/\/api.w.org\/{rel}","templated":true}]}}