

{"id":32550,"date":"2025-04-08T15:37:21","date_gmt":"2025-04-08T13:37:21","guid":{"rendered":"https:\/\/www.praktivak.be\/cire-de-lycon\/"},"modified":"2025-08-14T12:01:18","modified_gmt":"2025-08-14T10:01:18","slug":"cire-de-lycon","status":"publish","type":"page","link":"https:\/\/www.praktivak.be\/fr\/cire-de-lycon\/","title":{"rendered":"Lycon"},"content":{"rendered":"\n<div style=\"height:32px\" aria-hidden=\"true\" class=\"wp-block-spacer\"><\/div>\n\n<div class=\"wp-block-madeit-block-content container\"><div class=\"row\">\n<div class=\"wp-block-madeit-block-content-column col-12 col-lg-2\"><\/div>\n\n\n\n<div class=\"wp-block-madeit-block-content-column col-12 col-lg-8\">\n<figure class=\"wp-block-image aligncenter size-full\"><img loading=\"lazy\" decoding=\"async\" width=\"1023\" height=\"425\" src=\"https:\/\/www.praktivak.be\/wp-content\/uploads\/2025\/04\/Slider-Lycon-pagina.png\" alt=\"\" class=\"wp-image-32538\"><\/figure>\n<\/div>\n\n\n\n<div class=\"wp-block-madeit-block-content-column col-12 col-lg-3\"><\/div>\n<\/div><\/div>\n\n<div style=\"height:20px\" aria-hidden=\"true\" class=\"wp-block-spacer\"><\/div>\n\n<div class=\"wp-block-madeit-block-content container\"><div class=\"row\">\n<div class=\"wp-block-madeit-block-content-column col-12 col-lg-2\"><\/div>\n\n\n\n<div class=\"wp-block-madeit-block-content-column col-12 col-lg-8\">\n<p>Devenez un professionnel de l&rsquo;&eacute;pilation &agrave; la cire Lycon et passez &agrave; la vitesse sup&eacute;rieure ! Les cires Lycon sont efficaces sur tous les types de poils, m&ecirc;me les plus drus et les plus fins, et garantissent un r&eacute;sultat 100 % sans poils ! Nous proposons un type de cire adapt&eacute; &agrave; chaque type de peau et &agrave; chaque traitement : choisissez entre la cire chaude traditionnelle, la Lycojet pour tous les poils fins, la cire hybride &eacute;conomique ou la Lycotec pour les peaux les plus sensibles et les clients allergiques (v&eacute;gane et sans colophane). Avec Lycon, vous vous d&eacute;marquez de la concurrence et offrez un traitement confortable sans rougeurs, l&eacute;sions cutan&eacute;es ou irritations. Donnez un coup de pouce sans pr&eacute;c&eacute;dent &agrave; votre salon avec la marque incontournable parmi les cires professionnelles. Une &eacute;pilation parfaite commence par une <a href=\"https:\/\/www.praktivak.be\/fr\/categorie-de-produit\/ontharing-fr\/lycon-fr\/trainingen-fr\/\">formation professionnelle LYCON Wax<\/a>.     <\/p>\n<\/div>\n\n\n\n<div class=\"wp-block-madeit-block-content-column col-12 col-lg-2\"><\/div>\n<\/div><\/div>\n\n<div style=\"height:20px\" aria-hidden=\"true\" class=\"wp-block-spacer\"><\/div>\n\n<div class=\"wp-block-madeit-block-content container\"><div class=\"row\">\n<div class=\"wp-block-madeit-block-content-column col-12 col-lg-4\"><\/div>\n\n\n\n<div class=\"wp-block-madeit-block-content-column col-12 col-lg-4\">\n<div class=\"wp-block-buttons is-content-justification-center is-layout-flex wp-container-core-buttons-is-layout-16018d1d wp-block-buttons-is-layout-flex\">\n<div class=\"wp-block-button\"><a class=\"wp-block-button__link has-text-align-center wp-element-button\" href=\"https:\/\/www.praktivak.be\/fr\/categorie-de-produit\/ontharing-fr\/lycon-fr\/\">Voyez les produits<\/a><\/div>\n<\/div>\n<\/div>\n\n\n\n<div class=\"wp-block-madeit-block-content-column col-12 col-lg-4\"><\/div>\n<\/div><\/div>\n\n<div style=\"height:20px\" aria-hidden=\"true\" class=\"wp-block-spacer\"><\/div>\n\n<div class=\"wp-block-madeit-block-content container\"><div class=\"row\">\n<div class=\"wp-block-madeit-block-content-column col-12 col-lg-2\"><\/div>\n\n\n\n<div class=\"wp-block-madeit-block-content-column col-12 col-lg-8\">\n<h2 class=\"wp-block-heading\"><strong>Cire Lycon pour tous les professionnels de la cire<\/strong><\/h2>\n\n\n\n<p>Les cires de Lycon sont tr&egrave;s efficaces &agrave; l&rsquo;utilisation en raison de leur composition et de leur r&eacute;sistance. La cire Lycon convient &agrave; tous les types de cheveux et m&ecirc;me les poils les plus grossiers peuvent &ecirc;tre &eacute;limin&eacute;s avec. Les traitements &agrave; la cire seront donc beaucoup plus rapides pour les clients et les exp&eacute;riences de cire Lycon seront &eacute;galement bonnes, car les poils (100&nbsp;%) sont &eacute;limin&eacute;s presque sans douleur. Les diff&eacute;rents types de cire de Lycon sont &eacute;galement doux et doux pour la peau, ce qui fait de Lycon un choix logique pour tous les professionnels de la cire.   <\/p>\n<\/div>\n\n\n\n<div class=\"wp-block-madeit-block-content-column col-12 col-lg-2\"><\/div>\n<\/div><\/div>\n\n<div class=\"wp-block-madeit-block-content container\"><div class=\"row\">\n<div class=\"wp-block-madeit-block-content-column col-12 col-lg-2\"><\/div>\n\n\n\n<div class=\"wp-block-madeit-block-content-column col-12 col-lg-8\">\n<h2 class=\"wp-block-heading\"><strong>Longue dur&eacute;e 100&nbsp;% sans poils, d&eacute;j&agrave; &agrave; partir de 1 mm !<\/strong><\/h2>\n\n\n\n<p>La cire Lycon est unique en raison de sa r&eacute;sistance et de sa composition. Avec Lycon, vous avez d&eacute;j&agrave; une prise sur des poils d&rsquo;une longueur de seulement 1 mm ! Les poils ind&eacute;sirables sur le maillot, la l&egrave;vre sup&eacute;rieure, les aisselles, le torse et le dos des hommes, entre autres, peuvent &eacute;galement &ecirc;tre compl&egrave;tement &eacute;limin&eacute;s sans effort s&rsquo;ils sont si courts, sans que la peau ne devienne rouge ou irrit&eacute;e. Ainsi, vous pouvez &eacute;galement &eacute;piler les peaux sensibles. Ensuite, les poils restent &eacute;loign&eacute;s &agrave; 100&nbsp;% pendant des semaines, &eacute;galement selon les exp&eacute;riences de cire Lycon. La peau est merveilleusement lisse et douce, sans chaume, d&eacute;mangeaisons ou poils incarn&eacute;s !     <\/p>\n<\/div>\n\n\n\n<div class=\"wp-block-madeit-block-content-column col-12 col-lg-2\"><\/div>\n<\/div><\/div>\n\n<div class=\"wp-block-madeit-block-content container\"><div class=\"row\">\n<div class=\"wp-block-madeit-block-content-column col-12 col-lg-2\"><\/div>\n\n\n\n<div class=\"wp-block-madeit-block-content-column col-12 col-lg-8\">\n<h2 class=\"wp-block-heading\"><strong>Une cire adapt&eacute;e &agrave; chaque souhait : Cire chaude, Cire en bande, LycoJet, LycoTec et Cire hybride<\/strong><\/h2>\n\n\n\n<p>La gamme Lycon est extr&ecirc;mement large. Elle comprend notamment une ligne de produits Hot Wax d&eacute;clin&eacute;e en plusieurs couleurs et parfums, tels que vanille, abricot et aloe vera. Vous pouvez &eacute;galement opter pour l&rsquo;un des produits Strip Wax, doux pour la peau, qui &eacute;liminent facilement les poils et ne provoquent aucune irritation cutan&eacute;e. La gamme Lycon Strip Wax est &eacute;galement disponible en plusieurs couleurs et parfums, tels que chocolat, olive et baies. Optez &eacute;galement pour la cire LycoJet, sp&eacute;cialement con&ccedil;ue pour les poils fins, id&eacute;ale comme traitement compl&eacute;mentaire ou deuxi&egrave;me phase d&rsquo;&eacute;pilation. Apr&egrave;s avoir utilis&eacute; cette cire, vous n&rsquo;aurez plus besoin de pince &agrave; &eacute;piler ! De plus, la cire LycoJet de Lycon convient &agrave; l&rsquo;&eacute;pilation des sourcils. Connaissez-vous d&eacute;j&agrave; la cire LycoTec ? Elle permet d&rsquo;&eacute;piler parfaitement les peaux sensibles, en particulier celles des clients allergiques, et convient parfaitement &agrave; l&rsquo;&eacute;pilation du visage. La cire Lycon Hybrid Wax est une nouvelle formule qui permet d&rsquo;&eacute;piler le corps des hommes et des femmes pour un r&eacute;sultat ultra lisse. La cire Hybrid est une combinaison de cire chaude et de cire LycoTec, ce qui la rend tr&egrave;s r&eacute;sistante et tr&egrave;s douce pour la peau.           <\/p>\n<\/div>\n\n\n\n<div class=\"wp-block-madeit-block-content-column col-12 col-lg-2\"><\/div>\n<\/div><\/div>\n\n<div class=\"wp-block-madeit-block-content container\"><div class=\"row\">\n<div class=\"wp-block-madeit-block-content-column col-12 col-lg-2\"><\/div>\n\n\n\n<div class=\"wp-block-madeit-block-content-column col-12 col-lg-8\">\n<p>&Agrave; quoi convient exactement la cire ? Lequel avez-vous besoin de cirer professionnellement ? Nous vous offrons l&rsquo;aide dont vous avez besoin :  <\/p>\n\n\n\n<ul class=\"wp-block-list\">\n<li><a href=\"https:\/\/www.praktivak.be\/fr\/categorie-de-produit\/ontharing-fr\/lycon-fr\/hot-wax-lycon-fr\/\">Hot wax<\/a> : convient pour le visage, les aisselles, le maillot et l&rsquo;&eacute;pilation br&eacute;silienne<\/li>\n\n\n\n<li><a href=\"https:\/\/www.praktivak.be\/webshop\/?s=lycojet\">LycoJet wax<\/a> : l&rsquo;apr&egrave;s-traitement id&eacute;al d&rsquo;un traitement &agrave; la cire chaude, &eacute;limine tous les poils duveteux<\/li>\n\n\n\n<li><a href=\"https:\/\/www.praktivak.be\/fr\/categorie-de-produit\/ontharing-fr\/lycon-fr\/strip-wax-lycon-fr\/\">Cire en bande <\/a>: parfaite pour les grandes surfaces, comme le dos et les jambes<\/li>\n\n\n\n<li><a href=\"https:\/\/www.praktivak.be\/webshop\/?s=lycotec\">LycoTec wax: la cire<\/a> pour tout le corps parfaite pour les peaux sensibles et les personnes allergiques.<\/li>\n\n\n\n<li><a href=\"\/?p=47878\">LycoJet EyeBrow hot wax<\/a> : id&eacute;ale pour &eacute;piler et modeler efficacement la peau d&eacute;licate sous les sourcils.<\/li>\n\n\n\n<li><a href=\"https:\/\/www.praktivak.be\/webshop\/?s=hybrid+hot+wax\">Hybird Hot Wax<\/a> : le m&eacute;lange unique de la cire chaude traditionnelle puissante et de la cire LycoTec extra-souple. Parmi les cires chaudes hybrides, vous trouverez la collection Pinkini Brazilian Care sp&eacute;cialement con&ccedil;ue pour la zone intime, &agrave; savoir le maillot. <\/li>\n<\/ul>\n<\/div>\n\n\n\n<div class=\"wp-block-madeit-block-content-column col-12 col-lg-2\"><\/div>\n<\/div><\/div>\n\n<div class=\"wp-block-madeit-block-content container\"><div class=\"row\">\n<div class=\"wp-block-madeit-block-content-column col-12 col-lg-2\"><\/div>\n\n\n\n<div class=\"wp-block-madeit-block-content-column col-12 col-lg-9\">\n<figure class=\"wp-block-image size-full is-resized do-lightbox\"><a href=\"https:\/\/www.praktivak.be\/fr\/categorie-de-produit\/ontharing-fr\/lycon-fr\/\"><img loading=\"lazy\" decoding=\"async\" width=\"1024\" height=\"379\" src=\"https:\/\/www.praktivak.be\/wp-content\/uploads\/2025\/04\/Face_Banner_The_Best_Since1978_1_1024x379_c4a6dfbae1.png\" alt=\"\" class=\"wp-image-32540\" style=\"width:792px;height:auto\"><\/a><\/figure>\n<\/div>\n\n\n\n<div class=\"wp-block-madeit-block-content-column col-12 col-lg-2\"><\/div>\n<\/div><\/div>\n\n<div class=\"wp-block-madeit-block-content container\"><div class=\"row\">\n<div class=\"wp-block-madeit-block-content-column col-12 col-lg-2\"><\/div>\n\n\n\n<div class=\"wp-block-madeit-block-content-column col-12 col-lg-8\">\n<h2 class=\"wp-block-heading\"><strong>L&rsquo;origine de la cire Lycon<\/strong><\/h2>\n\n\n\n<p>En 1978, la marque australienne Lycon a &eacute;t&eacute; fond&eacute;e par Lydia Jordane, une esth&eacute;ticienne de renomm&eacute;e internationale. Depuis des d&eacute;cennies, la marque a &eacute;tabli la norme au niveau mondial et est le leader du march&eacute; avec les derni&egrave;res cires innovantes. Tous les produits Lycon sont innovants, tendance et surtout avant-gardistes. Lorsque vous utilisez la cire Lycon dans votre salon, vous pouvez certainement vous distinguer en tant que professionnel de la cire !   <\/p>\n\n\n\n<p>Lycon est la marque de cire la plus utilis&eacute;e et la plus fiable dans le segment sup&eacute;rieur des centres de bien-&ecirc;tre nationaux et internationaux, des spas, des bars &agrave; cire et des salons de beaut&eacute;. La cr&egrave;me de la cr&egrave;me dans le domaine de la cire d&eacute;pilatoire. Voulez-vous &eacute;galement devenir un professionnel de l&rsquo;&eacute;pilation &agrave; la cire avec la cire d&eacute;pilatoire Lycon ? Suivez ensuite les diff&eacute;rentes formations sp&eacute;cialis&eacute;es et les ateliers cibl&eacute;s chez Smooth &amp; Co. Chez nous, vous serez guid&eacute; par des formateurs exp&eacute;riment&eacute;s qui vous apprendront les ficelles du m&eacute;tier. Chez Smooth &amp; Co, nous pouvons vous aider &agrave; devenir un professionnel de la cire. Apr&egrave;s avoir suivi une formation, vous pouvez imm&eacute;diatement vous familiariser avec les produits et les m&eacute;thodes de traitement de Lycon dans votre propre salon.      <\/p>\n<\/div>\n\n\n\n<div class=\"wp-block-madeit-block-content-column col-12 col-lg-2\"><\/div>\n<\/div><\/div>\n\n","protected":false},"excerpt":{"rendered":"","protected":false},"author":4,"featured_media":0,"parent":0,"menu_order":0,"comment_status":"closed","ping_status":"closed","template":"","meta":{"_acf_changed":false,"_relevanssi_hide_post":"","_relevanssi_hide_content":"","_relevanssi_pin_for_all":"","_relevanssi_pin_keywords":"","_relevanssi_unpin_keywords":"","_relevanssi_related_keywords":"","_relevanssi_related_include_ids":"","_relevanssi_related_exclude_ids":"","_relevanssi_related_no_append":"","_relevanssi_related_not_related":"","_relevanssi_related_posts":"","_relevanssi_noindex_reason":"","advgb_blocks_editor_width":"","advgb_blocks_columns_visual_guide":"","footnotes":""},"class_list":["post-32550","page","type-page","status-publish","hentry"],"acf":[],"yoast_head":"<!-- This site is optimized with the Yoast SEO plugin v27.2 - https:\/\/yoast.com\/product\/yoast-seo-wordpress\/ -->\n<title>Lycon - Praktivak<\/title>\n<meta name=\"robots\" content=\"index, follow, max-snippet:-1, max-image-preview:large, max-video-preview:-1\" \/>\n<link rel=\"canonical\" href=\"https:\/\/www.praktivak.be\/fr\/cire-de-lycon\/\" \/>\n<meta property=\"og:locale\" content=\"fr_FR\" \/>\n<meta property=\"og:type\" content=\"article\" \/>\n<meta property=\"og:title\" content=\"Lycon - Praktivak\" \/>\n<meta property=\"og:url\" content=\"https:\/\/www.praktivak.be\/fr\/cire-de-lycon\/\" \/>\n<meta property=\"og:site_name\" content=\"Praktivak\" \/>\n<meta property=\"article:modified_time\" content=\"2025-08-14T10:01:18+00:00\" \/>\n<meta property=\"og:image\" content=\"https:\/\/www.praktivak.be\/wp-content\/uploads\/2025\/04\/Slider-Lycon-pagina.png\" \/>\n\t<meta property=\"og:image:width\" content=\"1023\" \/>\n\t<meta property=\"og:image:height\" content=\"425\" \/>\n\t<meta property=\"og:image:type\" content=\"image\/png\" \/>\n<meta name=\"twitter:card\" content=\"summary_large_image\" \/>\n<meta name=\"twitter:label1\" content=\"Dur\u00e9e de lecture estim\u00e9e\" \/>\n\t<meta name=\"twitter:data1\" content=\"5 minutes\" \/>\n<script type=\"application\/ld+json\" class=\"yoast-schema-graph\">{\"@context\":\"https:\/\/schema.org\",\"@graph\":[{\"@type\":\"WebPage\",\"@id\":\"https:\/\/www.praktivak.be\/fr\/cire-de-lycon\/\",\"url\":\"https:\/\/www.praktivak.be\/fr\/cire-de-lycon\/\",\"name\":\"Lycon - Praktivak\",\"isPartOf\":{\"@id\":\"https:\/\/www.praktivak.be\/fr\/#website\"},\"primaryImageOfPage\":{\"@id\":\"https:\/\/www.praktivak.be\/fr\/cire-de-lycon\/#primaryimage\"},\"image\":{\"@id\":\"https:\/\/www.praktivak.be\/fr\/cire-de-lycon\/#primaryimage\"},\"thumbnailUrl\":\"https:\/\/www.praktivak.be\/wp-content\/uploads\/2025\/04\/Slider-Lycon-pagina.png\",\"datePublished\":\"2025-04-08T13:37:21+00:00\",\"dateModified\":\"2025-08-14T10:01:18+00:00\",\"breadcrumb\":{\"@id\":\"https:\/\/www.praktivak.be\/fr\/cire-de-lycon\/#breadcrumb\"},\"inLanguage\":\"fr-FR\",\"potentialAction\":[{\"@type\":\"ReadAction\",\"target\":[\"https:\/\/www.praktivak.be\/fr\/cire-de-lycon\/\"]}]},{\"@type\":\"ImageObject\",\"inLanguage\":\"fr-FR\",\"@id\":\"https:\/\/www.praktivak.be\/fr\/cire-de-lycon\/#primaryimage\",\"url\":\"https:\/\/www.praktivak.be\/wp-content\/uploads\/2025\/04\/Slider-Lycon-pagina.png\",\"contentUrl\":\"https:\/\/www.praktivak.be\/wp-content\/uploads\/2025\/04\/Slider-Lycon-pagina.png\"},{\"@type\":\"BreadcrumbList\",\"@id\":\"https:\/\/www.praktivak.be\/fr\/cire-de-lycon\/#breadcrumb\",\"itemListElement\":[{\"@type\":\"ListItem\",\"position\":1,\"name\":\"Home\",\"item\":\"https:\/\/www.praktivak.be\/fr\/\"},{\"@type\":\"ListItem\",\"position\":2,\"name\":\"Lycon\"}]},{\"@type\":\"WebSite\",\"@id\":\"https:\/\/www.praktivak.be\/fr\/#website\",\"url\":\"https:\/\/www.praktivak.be\/fr\/\",\"name\":\"Praktivak\",\"description\":\"\",\"publisher\":{\"@id\":\"https:\/\/www.praktivak.be\/fr\/#organization\"},\"potentialAction\":[{\"@type\":\"SearchAction\",\"target\":{\"@type\":\"EntryPoint\",\"urlTemplate\":\"https:\/\/www.praktivak.be\/fr\/?s={search_term_string}\"},\"query-input\":{\"@type\":\"PropertyValueSpecification\",\"valueRequired\":true,\"valueName\":\"search_term_string\"}}],\"inLanguage\":\"fr-FR\"},{\"@type\":\"Organization\",\"@id\":\"https:\/\/www.praktivak.be\/fr\/#organization\",\"name\":\"Praktivak\",\"url\":\"https:\/\/www.praktivak.be\/fr\/\",\"logo\":{\"@type\":\"ImageObject\",\"inLanguage\":\"fr-FR\",\"@id\":\"https:\/\/www.praktivak.be\/fr\/#\/schema\/logo\/image\/\",\"url\":\"https:\/\/www.praktivak.be\/wp-content\/uploads\/2024\/09\/Logo.png\",\"contentUrl\":\"https:\/\/www.praktivak.be\/wp-content\/uploads\/2024\/09\/Logo.png\",\"width\":1774,\"height\":337,\"caption\":\"Praktivak\"},\"image\":{\"@id\":\"https:\/\/www.praktivak.be\/fr\/#\/schema\/logo\/image\/\"}}]}<\/script>\n<!-- \/ Yoast SEO plugin. -->","yoast_head_json":{"title":"Lycon - Praktivak","robots":{"index":"index","follow":"follow","max-snippet":"max-snippet:-1","max-image-preview":"max-image-preview:large","max-video-preview":"max-video-preview:-1"},"canonical":"https:\/\/www.praktivak.be\/fr\/cire-de-lycon\/","og_locale":"fr_FR","og_type":"article","og_title":"Lycon - Praktivak","og_url":"https:\/\/www.praktivak.be\/fr\/cire-de-lycon\/","og_site_name":"Praktivak","article_modified_time":"2025-08-14T10:01:18+00:00","og_image":[{"width":1023,"height":425,"url":"https:\/\/www.praktivak.be\/wp-content\/uploads\/2025\/04\/Slider-Lycon-pagina.png","type":"image\/png"}],"twitter_card":"summary_large_image","twitter_misc":{"Dur\u00e9e de lecture estim\u00e9e":"5 minutes"},"schema":{"@context":"https:\/\/schema.org","@graph":[{"@type":"WebPage","@id":"https:\/\/www.praktivak.be\/fr\/cire-de-lycon\/","url":"https:\/\/www.praktivak.be\/fr\/cire-de-lycon\/","name":"Lycon - Praktivak","isPartOf":{"@id":"https:\/\/www.praktivak.be\/fr\/#website"},"primaryImageOfPage":{"@id":"https:\/\/www.praktivak.be\/fr\/cire-de-lycon\/#primaryimage"},"image":{"@id":"https:\/\/www.praktivak.be\/fr\/cire-de-lycon\/#primaryimage"},"thumbnailUrl":"https:\/\/www.praktivak.be\/wp-content\/uploads\/2025\/04\/Slider-Lycon-pagina.png","datePublished":"2025-04-08T13:37:21+00:00","dateModified":"2025-08-14T10:01:18+00:00","breadcrumb":{"@id":"https:\/\/www.praktivak.be\/fr\/cire-de-lycon\/#breadcrumb"},"inLanguage":"fr-FR","potentialAction":[{"@type":"ReadAction","target":["https:\/\/www.praktivak.be\/fr\/cire-de-lycon\/"]}]},{"@type":"ImageObject","inLanguage":"fr-FR","@id":"https:\/\/www.praktivak.be\/fr\/cire-de-lycon\/#primaryimage","url":"https:\/\/www.praktivak.be\/wp-content\/uploads\/2025\/04\/Slider-Lycon-pagina.png","contentUrl":"https:\/\/www.praktivak.be\/wp-content\/uploads\/2025\/04\/Slider-Lycon-pagina.png"},{"@type":"BreadcrumbList","@id":"https:\/\/www.praktivak.be\/fr\/cire-de-lycon\/#breadcrumb","itemListElement":[{"@type":"ListItem","position":1,"name":"Home","item":"https:\/\/www.praktivak.be\/fr\/"},{"@type":"ListItem","position":2,"name":"Lycon"}]},{"@type":"WebSite","@id":"https:\/\/www.praktivak.be\/fr\/#website","url":"https:\/\/www.praktivak.be\/fr\/","name":"Praktivak","description":"","publisher":{"@id":"https:\/\/www.praktivak.be\/fr\/#organization"},"potentialAction":[{"@type":"SearchAction","target":{"@type":"EntryPoint","urlTemplate":"https:\/\/www.praktivak.be\/fr\/?s={search_term_string}"},"query-input":{"@type":"PropertyValueSpecification","valueRequired":true,"valueName":"search_term_string"}}],"inLanguage":"fr-FR"},{"@type":"Organization","@id":"https:\/\/www.praktivak.be\/fr\/#organization","name":"Praktivak","url":"https:\/\/www.praktivak.be\/fr\/","logo":{"@type":"ImageObject","inLanguage":"fr-FR","@id":"https:\/\/www.praktivak.be\/fr\/#\/schema\/logo\/image\/","url":"https:\/\/www.praktivak.be\/wp-content\/uploads\/2024\/09\/Logo.png","contentUrl":"https:\/\/www.praktivak.be\/wp-content\/uploads\/2024\/09\/Logo.png","width":1774,"height":337,"caption":"Praktivak"},"image":{"@id":"https:\/\/www.praktivak.be\/fr\/#\/schema\/logo\/image\/"}}]}},"coauthors":[],"author_meta":{"author_link":"https:\/\/www.praktivak.be\/fr\/author\/tom-sommenbowiemedical-be\/","display_name":"Tom Sommen"},"relative_dates":{"created":"Publi\u00e9 1 an il y a","modified":"Mis \u00e0 jour 8 mois il y a"},"absolute_dates":{"created":"Publi\u00e9 le 8 avril 2025","modified":"Mise \u00e0 jour le 14 ao\u00fbt 2025"},"absolute_dates_time":{"created":"Publi\u00e9 le 8 avril 2025 15h37","modified":"Mise \u00e0 jour le 14 ao\u00fbt 2025 12h01"},"featured_img_caption":"","featured_img":false,"series_order":"","_links":{"self":[{"href":"https:\/\/www.praktivak.be\/fr\/wp-json\/wp\/v2\/pages\/32550","targetHints":{"allow":["GET"]}}],"collection":[{"href":"https:\/\/www.praktivak.be\/fr\/wp-json\/wp\/v2\/pages"}],"about":[{"href":"https:\/\/www.praktivak.be\/fr\/wp-json\/wp\/v2\/types\/page"}],"author":[{"embeddable":true,"href":"https:\/\/www.praktivak.be\/fr\/wp-json\/wp\/v2\/users\/4"}],"replies":[{"embeddable":true,"href":"https:\/\/www.praktivak.be\/fr\/wp-json\/wp\/v2\/comments?post=32550"}],"version-history":[{"count":3,"href":"https:\/\/www.praktivak.be\/fr\/wp-json\/wp\/v2\/pages\/32550\/revisions"}],"predecessor-version":[{"id":156932,"href":"https:\/\/www.praktivak.be\/fr\/wp-json\/wp\/v2\/pages\/32550\/revisions\/156932"}],"wp:attachment":[{"href":"https:\/\/www.praktivak.be\/fr\/wp-json\/wp\/v2\/media?parent=32550"}],"curies":[{"name":"wp","href":"https:\/\/api.w.org\/{rel}","templated":true}]}}