

{"id":32500,"date":"2025-04-07T17:05:48","date_gmt":"2025-04-07T15:05:48","guid":{"rendered":"https:\/\/www.praktivak.be\/footlogix\/"},"modified":"2025-08-14T11:42:31","modified_gmt":"2025-08-14T09:42:31","slug":"footlogix","status":"publish","type":"page","link":"https:\/\/www.praktivak.be\/fr\/footlogix\/","title":{"rendered":"Footlogix"},"content":{"rendered":"\n<div class=\"wp-block-madeit-block-content container\"><div class=\"row\">\n<div class=\"wp-block-madeit-block-content-column is-vertically-aligned-center col-12 col-lg-12\">\n<figure class=\"wp-block-image aligncenter size-full is-resized\"><img loading=\"lazy\" decoding=\"async\" width=\"1023\" height=\"425\" src=\"https:\/\/www.praktivak.be\/wp-content\/uploads\/2025\/05\/Slider-Footlogix-pagina.jpg\" alt=\"\" class=\"wp-image-61567\" style=\"width:1075px;height:auto\"><\/figure>\n<\/div>\n<\/div><\/div>\n\n<div class=\"wp-block-madeit-block-content container\"><div class=\"row\">\n<div class=\"wp-block-madeit-block-content-column col-12 col-lg-2\"><\/div>\n\n\n\n<div class=\"wp-block-madeit-block-content-column is-vertically-aligned-center col-12 col-lg-9\">\n<p class=\"has-text-align-left\">Footlogix&reg; est la toute premi&egrave;re et unique gamme de soins pour les pieds Pediceutical&reg; au monde, avec des produits innovants offrant des r&eacute;sultats efficaces et transformateurs. <\/p>\n\n\n\n<p class=\"has-text-align-left\">Footlogix permet aux professionnels d&rsquo;&eacute;lever les p&eacute;dicures &agrave; un nouveau standard d&rsquo;excellence. Les produits sont faciles &agrave; utiliser, tr&egrave;s concentr&eacute;s et rentables. Footlogix&reg; s&rsquo;engage &agrave; offrir un soutien continu gr&acirc;ce &agrave; des services &eacute;ducatifs de qualit&eacute; sup&eacute;rieure.  <\/p>\n<\/div>\n\n\n\n<div class=\"wp-block-madeit-block-content-column col-12 col-lg-2\"><\/div>\n<\/div><\/div>\n\n<div class=\"wp-block-madeit-block-content container\"><div class=\"row\">\n<div class=\"wp-block-madeit-block-content-column is-vertically-aligned-center col-12 col-lg-2\">\n<p class=\"has-text-align-right\"><\/p>\n<\/div>\n\n\n\n<div class=\"wp-block-madeit-block-content-column is-vertically-aligned-center col-12 col-lg-3\">\n<p>La gamme de soins &agrave; domicile Footlogix offre des r&eacute;sultats rapides et efficaces pour une utilisation continue &agrave; la maison. Nos produits uniques sont l&eacute;gers, non occlusifs et faciles &agrave; appliquer &ndash; ils ne laissent aucun film gras. Gr&acirc;ce &agrave; notre technologie brevet&eacute;e Dermal Infusion Technology&reg; (DIT), les ingr&eacute;dients actifs p&eacute;n&egrave;trent dans toutes les couches de l&rsquo;&eacute;piderme, restaurant ainsi la sant&eacute; de la peau.  <\/p>\n<\/div>\n\n\n\n<div class=\"wp-block-madeit-block-content-column is-vertically-aligned-center col-12 col-lg-6\">\n<iframe title=\"Footlogix Foot Care Service\" src=\"https:\/\/player.vimeo.com\/video\/1073538524?autoplay=1\" style=\"width: 740px; height: 416px; max-width: 100%;\" frameborder=\"0\" allow=\"autoplay; fullscreen; picture-in-picture; clipboard-write; encrypted-media\"><\/iframe>\n<\/div>\n\n\n\n<div class=\"wp-block-madeit-block-content-column col-12 col-lg-1\"><\/div>\n<\/div><\/div>\n\n<div class=\"wp-block-madeit-block-content container\"><div class=\"row\">\n<div class=\"wp-block-madeit-block-content-column col-12 col-lg-2\"><\/div>\n\n\n\n<div class=\"wp-block-madeit-block-content-column col-12 col-lg-9\">\n<figure class=\"wp-block-image aligncenter size-large do-lightbox\"><a href=\"https:\/\/www.praktivak.be\/fr\/categorie-de-produit\/voetverzorgingslijnen-fr\/footlogix\/\"><img loading=\"lazy\" decoding=\"async\" width=\"1024\" height=\"249\" src=\"https:\/\/www.praktivak.be\/wp-content\/uploads\/2025\/05\/2021-CLOT-Updated-Full-Product-Line-Up-EU-1024x249.png\" alt=\"\" class=\"wp-image-61535\"><\/a><\/figure>\n<\/div>\n\n\n\n<div class=\"wp-block-madeit-block-content-column col-12 col-lg-1\"><\/div>\n<\/div><\/div>\n\n<div class=\"wp-block-madeit-block-content container\"><div class=\"row\">\n<div class=\"wp-block-madeit-block-content-column col-12 col-lg-12\">\n<div class=\"wp-block-buttons is-content-justification-center is-layout-flex wp-container-core-buttons-is-layout-16018d1d wp-block-buttons-is-layout-flex\">\n<div class=\"wp-block-button\"><a class=\"wp-block-button__link wp-element-button\" href=\"https:\/\/www.praktivak.be\/fr\/categorie-de-produit\/voetverzorgingslijnen-fr\/footlogix\/\">Voyez tous les produits<\/a><\/div>\n<\/div>\n<\/div>\n<\/div><\/div>\n\n<p><\/p>\n\n","protected":false},"excerpt":{"rendered":"","protected":false},"author":4,"featured_media":0,"parent":0,"menu_order":0,"comment_status":"closed","ping_status":"closed","template":"","meta":{"_acf_changed":false,"_relevanssi_hide_post":"","_relevanssi_hide_content":"","_relevanssi_pin_for_all":"","_relevanssi_pin_keywords":"","_relevanssi_unpin_keywords":"","_relevanssi_related_keywords":"","_relevanssi_related_include_ids":"","_relevanssi_related_exclude_ids":"","_relevanssi_related_no_append":"","_relevanssi_related_not_related":"","_relevanssi_related_posts":"","_relevanssi_noindex_reason":"","advgb_blocks_editor_width":"","advgb_blocks_columns_visual_guide":"","footnotes":""},"class_list":["post-32500","page","type-page","status-publish","hentry"],"acf":[],"yoast_head":"<!-- This site is optimized with the Yoast SEO plugin v27.2 - https:\/\/yoast.com\/product\/yoast-seo-wordpress\/ -->\n<title>Footlogix - Praktivak<\/title>\n<meta name=\"robots\" content=\"index, follow, max-snippet:-1, max-image-preview:large, max-video-preview:-1\" \/>\n<link rel=\"canonical\" href=\"https:\/\/www.praktivak.be\/fr\/footlogix\/\" \/>\n<meta property=\"og:locale\" content=\"fr_FR\" \/>\n<meta property=\"og:type\" content=\"article\" \/>\n<meta property=\"og:title\" content=\"Footlogix - Praktivak\" \/>\n<meta property=\"og:url\" content=\"https:\/\/www.praktivak.be\/fr\/footlogix\/\" \/>\n<meta property=\"og:site_name\" content=\"Praktivak\" \/>\n<meta property=\"article:modified_time\" content=\"2025-08-14T09:42:31+00:00\" \/>\n<meta property=\"og:image\" content=\"https:\/\/www.praktivak.be\/wp-content\/uploads\/2025\/05\/Slider-Footlogix-pagina.jpg\" \/>\n\t<meta property=\"og:image:width\" content=\"1023\" \/>\n\t<meta property=\"og:image:height\" content=\"425\" \/>\n\t<meta property=\"og:image:type\" content=\"image\/jpeg\" \/>\n<meta name=\"twitter:card\" content=\"summary_large_image\" \/>\n<meta name=\"twitter:label1\" content=\"Dur\u00e9e de lecture estim\u00e9e\" \/>\n\t<meta name=\"twitter:data1\" content=\"1 minute\" \/>\n<script type=\"application\/ld+json\" class=\"yoast-schema-graph\">{\"@context\":\"https:\/\/schema.org\",\"@graph\":[{\"@type\":\"WebPage\",\"@id\":\"https:\/\/www.praktivak.be\/fr\/footlogix\/\",\"url\":\"https:\/\/www.praktivak.be\/fr\/footlogix\/\",\"name\":\"Footlogix - Praktivak\",\"isPartOf\":{\"@id\":\"https:\/\/www.praktivak.be\/fr\/#website\"},\"primaryImageOfPage\":{\"@id\":\"https:\/\/www.praktivak.be\/fr\/footlogix\/#primaryimage\"},\"image\":{\"@id\":\"https:\/\/www.praktivak.be\/fr\/footlogix\/#primaryimage\"},\"thumbnailUrl\":\"https:\/\/www.praktivak.be\/wp-content\/uploads\/2025\/05\/Slider-Footlogix-pagina.jpg\",\"datePublished\":\"2025-04-07T15:05:48+00:00\",\"dateModified\":\"2025-08-14T09:42:31+00:00\",\"breadcrumb\":{\"@id\":\"https:\/\/www.praktivak.be\/fr\/footlogix\/#breadcrumb\"},\"inLanguage\":\"fr-FR\",\"potentialAction\":[{\"@type\":\"ReadAction\",\"target\":[\"https:\/\/www.praktivak.be\/fr\/footlogix\/\"]}]},{\"@type\":\"ImageObject\",\"inLanguage\":\"fr-FR\",\"@id\":\"https:\/\/www.praktivak.be\/fr\/footlogix\/#primaryimage\",\"url\":\"https:\/\/www.praktivak.be\/wp-content\/uploads\/2025\/05\/Slider-Footlogix-pagina.jpg\",\"contentUrl\":\"https:\/\/www.praktivak.be\/wp-content\/uploads\/2025\/05\/Slider-Footlogix-pagina.jpg\"},{\"@type\":\"BreadcrumbList\",\"@id\":\"https:\/\/www.praktivak.be\/fr\/footlogix\/#breadcrumb\",\"itemListElement\":[{\"@type\":\"ListItem\",\"position\":1,\"name\":\"Home\",\"item\":\"https:\/\/www.praktivak.be\/fr\/\"},{\"@type\":\"ListItem\",\"position\":2,\"name\":\"Footlogix\"}]},{\"@type\":\"WebSite\",\"@id\":\"https:\/\/www.praktivak.be\/fr\/#website\",\"url\":\"https:\/\/www.praktivak.be\/fr\/\",\"name\":\"Praktivak\",\"description\":\"\",\"publisher\":{\"@id\":\"https:\/\/www.praktivak.be\/fr\/#organization\"},\"potentialAction\":[{\"@type\":\"SearchAction\",\"target\":{\"@type\":\"EntryPoint\",\"urlTemplate\":\"https:\/\/www.praktivak.be\/fr\/?s={search_term_string}\"},\"query-input\":{\"@type\":\"PropertyValueSpecification\",\"valueRequired\":true,\"valueName\":\"search_term_string\"}}],\"inLanguage\":\"fr-FR\"},{\"@type\":\"Organization\",\"@id\":\"https:\/\/www.praktivak.be\/fr\/#organization\",\"name\":\"Praktivak\",\"url\":\"https:\/\/www.praktivak.be\/fr\/\",\"logo\":{\"@type\":\"ImageObject\",\"inLanguage\":\"fr-FR\",\"@id\":\"https:\/\/www.praktivak.be\/fr\/#\/schema\/logo\/image\/\",\"url\":\"https:\/\/www.praktivak.be\/wp-content\/uploads\/2024\/09\/Logo.png\",\"contentUrl\":\"https:\/\/www.praktivak.be\/wp-content\/uploads\/2024\/09\/Logo.png\",\"width\":1774,\"height\":337,\"caption\":\"Praktivak\"},\"image\":{\"@id\":\"https:\/\/www.praktivak.be\/fr\/#\/schema\/logo\/image\/\"}}]}<\/script>\n<!-- \/ Yoast SEO plugin. -->","yoast_head_json":{"title":"Footlogix - Praktivak","robots":{"index":"index","follow":"follow","max-snippet":"max-snippet:-1","max-image-preview":"max-image-preview:large","max-video-preview":"max-video-preview:-1"},"canonical":"https:\/\/www.praktivak.be\/fr\/footlogix\/","og_locale":"fr_FR","og_type":"article","og_title":"Footlogix - Praktivak","og_url":"https:\/\/www.praktivak.be\/fr\/footlogix\/","og_site_name":"Praktivak","article_modified_time":"2025-08-14T09:42:31+00:00","og_image":[{"width":1023,"height":425,"url":"https:\/\/www.praktivak.be\/wp-content\/uploads\/2025\/05\/Slider-Footlogix-pagina.jpg","type":"image\/jpeg"}],"twitter_card":"summary_large_image","twitter_misc":{"Dur\u00e9e de lecture estim\u00e9e":"1 minute"},"schema":{"@context":"https:\/\/schema.org","@graph":[{"@type":"WebPage","@id":"https:\/\/www.praktivak.be\/fr\/footlogix\/","url":"https:\/\/www.praktivak.be\/fr\/footlogix\/","name":"Footlogix - Praktivak","isPartOf":{"@id":"https:\/\/www.praktivak.be\/fr\/#website"},"primaryImageOfPage":{"@id":"https:\/\/www.praktivak.be\/fr\/footlogix\/#primaryimage"},"image":{"@id":"https:\/\/www.praktivak.be\/fr\/footlogix\/#primaryimage"},"thumbnailUrl":"https:\/\/www.praktivak.be\/wp-content\/uploads\/2025\/05\/Slider-Footlogix-pagina.jpg","datePublished":"2025-04-07T15:05:48+00:00","dateModified":"2025-08-14T09:42:31+00:00","breadcrumb":{"@id":"https:\/\/www.praktivak.be\/fr\/footlogix\/#breadcrumb"},"inLanguage":"fr-FR","potentialAction":[{"@type":"ReadAction","target":["https:\/\/www.praktivak.be\/fr\/footlogix\/"]}]},{"@type":"ImageObject","inLanguage":"fr-FR","@id":"https:\/\/www.praktivak.be\/fr\/footlogix\/#primaryimage","url":"https:\/\/www.praktivak.be\/wp-content\/uploads\/2025\/05\/Slider-Footlogix-pagina.jpg","contentUrl":"https:\/\/www.praktivak.be\/wp-content\/uploads\/2025\/05\/Slider-Footlogix-pagina.jpg"},{"@type":"BreadcrumbList","@id":"https:\/\/www.praktivak.be\/fr\/footlogix\/#breadcrumb","itemListElement":[{"@type":"ListItem","position":1,"name":"Home","item":"https:\/\/www.praktivak.be\/fr\/"},{"@type":"ListItem","position":2,"name":"Footlogix"}]},{"@type":"WebSite","@id":"https:\/\/www.praktivak.be\/fr\/#website","url":"https:\/\/www.praktivak.be\/fr\/","name":"Praktivak","description":"","publisher":{"@id":"https:\/\/www.praktivak.be\/fr\/#organization"},"potentialAction":[{"@type":"SearchAction","target":{"@type":"EntryPoint","urlTemplate":"https:\/\/www.praktivak.be\/fr\/?s={search_term_string}"},"query-input":{"@type":"PropertyValueSpecification","valueRequired":true,"valueName":"search_term_string"}}],"inLanguage":"fr-FR"},{"@type":"Organization","@id":"https:\/\/www.praktivak.be\/fr\/#organization","name":"Praktivak","url":"https:\/\/www.praktivak.be\/fr\/","logo":{"@type":"ImageObject","inLanguage":"fr-FR","@id":"https:\/\/www.praktivak.be\/fr\/#\/schema\/logo\/image\/","url":"https:\/\/www.praktivak.be\/wp-content\/uploads\/2024\/09\/Logo.png","contentUrl":"https:\/\/www.praktivak.be\/wp-content\/uploads\/2024\/09\/Logo.png","width":1774,"height":337,"caption":"Praktivak"},"image":{"@id":"https:\/\/www.praktivak.be\/fr\/#\/schema\/logo\/image\/"}}]}},"coauthors":[],"author_meta":{"author_link":"https:\/\/www.praktivak.be\/fr\/author\/tom-sommenbowiemedical-be\/","display_name":"Tom Sommen"},"relative_dates":{"created":"Publi\u00e9 1 an il y a","modified":"Mis \u00e0 jour 8 mois il y a"},"absolute_dates":{"created":"Publi\u00e9 le 7 avril 2025","modified":"Mise \u00e0 jour le 14 ao\u00fbt 2025"},"absolute_dates_time":{"created":"Publi\u00e9 le 7 avril 2025 17h05","modified":"Mise \u00e0 jour le 14 ao\u00fbt 2025 11h42"},"featured_img_caption":"","featured_img":false,"series_order":"","_links":{"self":[{"href":"https:\/\/www.praktivak.be\/fr\/wp-json\/wp\/v2\/pages\/32500","targetHints":{"allow":["GET"]}}],"collection":[{"href":"https:\/\/www.praktivak.be\/fr\/wp-json\/wp\/v2\/pages"}],"about":[{"href":"https:\/\/www.praktivak.be\/fr\/wp-json\/wp\/v2\/types\/page"}],"author":[{"embeddable":true,"href":"https:\/\/www.praktivak.be\/fr\/wp-json\/wp\/v2\/users\/4"}],"replies":[{"embeddable":true,"href":"https:\/\/www.praktivak.be\/fr\/wp-json\/wp\/v2\/comments?post=32500"}],"version-history":[{"count":4,"href":"https:\/\/www.praktivak.be\/fr\/wp-json\/wp\/v2\/pages\/32500\/revisions"}],"predecessor-version":[{"id":156928,"href":"https:\/\/www.praktivak.be\/fr\/wp-json\/wp\/v2\/pages\/32500\/revisions\/156928"}],"wp:attachment":[{"href":"https:\/\/www.praktivak.be\/fr\/wp-json\/wp\/v2\/media?parent=32500"}],"curies":[{"name":"wp","href":"https:\/\/api.w.org\/{rel}","templated":true}]}}