

{"id":292,"date":"2024-09-26T13:34:10","date_gmt":"2024-09-26T11:34:10","guid":{"rendered":"https:\/\/www.praktivak.be\/conditions-generales-dutilisation\/"},"modified":"2026-03-02T11:15:49","modified_gmt":"2026-03-02T10:15:49","slug":"conditions-generales-dutilisation","status":"publish","type":"page","link":"https:\/\/www.praktivak.be\/fr\/conditions-generales-dutilisation\/","title":{"rendered":"Conditions G\u00e9n\u00e9ralit\u00e9s"},"content":{"rendered":"\n<div class=\"wp-block-madeit-block-content container\"><div class=\"row\">\n<div class=\"wp-block-madeit-block-content-column col-12 col-lg-12\">\n<h2 class=\"wp-block-heading\">Conditions g&eacute;n&eacute;rales de vente et de livraison<\/h2>\n\n\n\n<p>1- Toutes les indications de prix s&rsquo;entendent toujours hors TVA, sauf mention contraire explicite, et sont totalement non contraignantes et sous r&eacute;serve de modifications et d&rsquo;erreurs.<\/p>\n\n\n\n<p>2- Les conditions de vente et de livraison et les conditions de service et de garantie s&rsquo;appliquent &agrave; toutes les livraisons. Elles sont r&eacute;put&eacute;es accept&eacute;es par le client du seul fait de la commande qu&rsquo;il a pass&eacute;e. L&rsquo;acceptation de ces conditions implique &eacute;galement que le client renonce totalement &agrave; l&rsquo;application de ses propres conditions g&eacute;n&eacute;rales (d&rsquo;achat).  <\/p>\n\n\n\n<p>3- Praktivak.be vend exclusivement &agrave; des non-consommateurs. Le client reconna&icirc;t et confirme qu&rsquo;il ach&egrave;te des produits exclusivement &agrave; des fins professionnelles et non pour un usage priv&eacute;, et qu&rsquo;il ne peut invoquer la r&eacute;glementation relative &agrave; la protection des consommateurs. <\/p>\n\n\n\n<p>4- Les livraisons de consommables issus de la gamme de produits en gros d&rsquo;une valeur sup&eacute;rieure &agrave; 125 &euro; TTC sont livr&eacute;es franco domicile en Belgique. Toutefois, des frais de livraison suppl&eacute;mentaires peuvent &ecirc;tre factur&eacute;s pour les appareils (tout ce qui est &eacute;quip&eacute; d&rsquo;une prise) et le mobilier (y compris les tabourets, etc.). Les livraisons par notre propre service en Belgique co&ucirc;tent 80 &euro;*. Praktivak.be se r&eacute;serve le droit de d&eacute;cider de mani&egrave;re unilat&eacute;rale et contraignante qu&rsquo;une livraison donn&eacute;e ne peut &ecirc;tre effectu&eacute;e que par son propre service.<br>Traduit avec DeepL.com (version gratuite)    <\/p>\n\n\n\n<p>5- Pour les livraisons d&rsquo;un montant inf&eacute;rieur &agrave; 125 &euro; TTC, 10 &euro;* seront toujours factur&eacute;s pour les frais de transport, d&rsquo;administration, d&rsquo;environnement, etc. TVA, 10 &euro;* seront toujours factur&eacute;s pour les frais de transport, d&rsquo;administration, d&rsquo;environnement, etc. (la TVA sur ces frais suppl&eacute;mentaires est obligatoire). Nous nous r&eacute;servons le droit de facturer les frais de port dans tous les cas.  <\/p>\n\n\n\n<p>6- Pour les livraisons de plus de 15 litres de liquide (alcool, eau d&eacute;min&eacute;ralis&eacute;e, liquide de pulv&eacute;risation, etc.), un suppl&eacute;ment pour le transport de liquide de 0,50 &euro;* par litre suppl&eacute;mentaire sera factur&eacute; pour l&rsquo;envoi. Jusqu&rsquo;&agrave; 15 litres par envoi, il n&rsquo;y a pas de frais suppl&eacute;mentaires. <\/p>\n\n\n\n<p> 7- Les d&eacute;lais de livraison sont toujours fonction des disponibilit&eacute;s. La livraison sera effectu&eacute;e d&egrave;s que possible, mais aucun d&eacute;lai de livraison ne peut &ecirc;tre garanti. Les d&eacute;lais de livraison indiqu&eacute;s doivent &ecirc;tre consid&eacute;r&eacute;s comme des d&eacute;lais indicatifs.  <\/p>\n\n\n\n<p>8- Le risque de dommage ou de perte pendant le transport ou l&rsquo;exp&eacute;dition etc. est toujours au risque de l&rsquo;acheteur. Les marchandises voyagent aux risques et p&eacute;rils de l&rsquo;acheteur. <\/p>\n\n\n\n<p>9- Si une commande ne peut &ecirc;tre exp&eacute;di&eacute;e dans son int&eacute;gralit&eacute;, la livraison d&eacute;fectueuse sera exp&eacute;di&eacute;e avec l&rsquo;envoi principal. Si le client souhaite un envoi compl&eacute;mentaire automatique de la livraison d&eacute;fectueuse, il doit le notifier s&eacute;par&eacute;ment. Votre envoi compl&eacute;mentaire sera alors envoy&eacute; d&egrave;s que possible apr&egrave;s r&eacute;ception des marchandises manquantes.  <\/p>\n\n\n\n<p>10- Pour les livraisons sur facture, le paiement doit toujours &ecirc;tre effectu&eacute; dans les 8 jours, sauf indication contraire. Les retards de paiement sont toujours sanctionn&eacute;s par une amende. <\/p>\n\n\n\n<p>11- Les commandes ne seront livr&eacute;es que si toutes les factures pr&eacute;c&eacute;dentes ont &eacute;t&eacute; int&eacute;gralement pay&eacute;es.<\/p>\n\n\n\n<p>12- Les livraisons effectu&eacute;es restent la propri&eacute;t&eacute; exclusive de Praktivak.be bv jusqu&rsquo;au paiement int&eacute;gral du montant de la facture. Cette r&eacute;serve de propri&eacute;t&eacute; s&rsquo;applique &agrave; toutes les marchandises livr&eacute;es par Praktivak.be. <\/p>\n\n\n\n<p>13- Praktivak.be se r&eacute;serve toujours le droit unilat&eacute;ral d&rsquo;effectuer des livraisons contre remboursement ou contre paiement comptant. Cela se produit syst&eacute;matiquement en cas, entre autres, d&rsquo;absence d&rsquo;achat au cours des 10 derniers mois, de retard de paiement, de mauvaises exp&eacute;riences de paiement, de livraisons sup&eacute;rieures &agrave; 500 &euro;, de livraison de tout &eacute;quipement &eacute;lectrique (tout ce qui est &eacute;quip&eacute; d&rsquo;une prise), de livraisons de tout type de mobilier (y compris les tabourets, etc.) <\/p>\n\n\n\n<p>14 &ndash; En cas d&rsquo;envois contre remboursement, Bowie Medical Belgique BV se r&eacute;serve toujours le droit unilat&eacute;ral de facturer un suppl&eacute;ment de remboursement de 7 &euro;* (la TVA sur ces frais suppl&eacute;mentaires est obligatoire).<\/p>\n\n\n\n<p>15- En cas de non-paiement total ou partiel d&rsquo;une facture &agrave; la date d&rsquo;&eacute;ch&eacute;ance, le client est redevable, de plein droit et sans mise en demeure pr&eacute;alable, d&rsquo;un int&eacute;r&ecirc;t de retard de 1 % par mois, et ce pour chaque mois d&eacute;j&agrave; entam&eacute;. En outre, en cas de paiement tardif d&rsquo;une facture, le client est redevable de plein droit et sans mise en demeure pr&eacute;alable d&rsquo;une indemnit&eacute; forfaitaire &eacute;gale &agrave; 10 % du montant impay&eacute; de la facture, avec un minimum de 125 &euro;*, sans pr&eacute;judice du droit de Praktivak.be de r&eacute;clamer des dommages-int&eacute;r&ecirc;ts plus &eacute;lev&eacute;s moyennant la preuve d&rsquo;un pr&eacute;judice r&eacute;el plus important. <\/p>\n\n\n\n<p>16- Les livraisons par service propre sont livr&eacute;es &agrave; l&rsquo;adresse de livraison, directement derri&egrave;re la premi&egrave;re porte du rez-de-chauss&eacute;e. Pour les livraisons en service propre, une personne du client doit toujours &ecirc;tre pr&eacute;sente pour aider le chauffeur &agrave; d&eacute;charger. <\/p>\n\n\n\n<p>17- Pour les commandes d&rsquo;&eacute;quipement et de mobilier, un acompte d&rsquo;au moins 15 % du montant hors TVA (avec un minimum de 250 &euro;*) doit toujours &ecirc;tre vers&eacute; lors de la confirmation de la commande. L&rsquo;annulation d&rsquo;une commande n&rsquo;est possible qu&rsquo;avec l&rsquo;accord &eacute;crit pr&eacute;alable de Praktivak.be. En cas d&rsquo;annulation d&rsquo;une commande par le client autoris&eacute;e par Praktivak.be, l&rsquo;acompte ne sera pas cr&eacute;dit&eacute;, quel que soit son montant. Les produits et marchandises command&eacute;s sp&eacute;cialement &agrave; la demande du client ne peuvent &ecirc;tre annul&eacute;s et sont factur&eacute;s int&eacute;gralement au client.    <\/p>\n\n\n\n<p>18- Le client s&rsquo;engage &agrave; r&eacute;ceptionner imm&eacute;diatement les marchandises vendues et &agrave; v&eacute;rifier si la qualit&eacute; et la quantit&eacute; des marchandises livr&eacute;es correspondent &agrave; ce qui a &eacute;t&eacute; convenu. Les r&eacute;clamations peuvent &ecirc;tre faites verbalement ou par t&eacute;l&eacute;phone, mais doivent &ecirc;tre confirm&eacute;es par &eacute;crit dans les 8 jours suivant la date de facturation. Les r&eacute;clamations apr&egrave;s ce d&eacute;lai ne peuvent &ecirc;tre prises en consid&eacute;ration. Les r&eacute;clamations ne sont accept&eacute;es que si le ticket de caisse ou la facture originale peut &ecirc;tre pr&eacute;sent&eacute; et si le produit est remis dans son &eacute;tat d&rsquo;origine, intact, inutilis&eacute; et dans son emballage d&rsquo;origine. En l&rsquo;absence d&rsquo;une r&eacute;clamation conforme &agrave; la proc&eacute;dure d&eacute;crite ci-dessus, Praktivak.be est r&eacute;put&eacute; avoir livr&eacute; conform&eacute;ment &agrave; ses obligations. En cas d&rsquo;acceptation par Praktivak.be d&rsquo;une r&eacute;clamation valable, Praktivak.be proc&eacute;dera, contre restitution des marchandises livr&eacute;es, &agrave; une nouvelle livraison gratuite, &agrave; une r&eacute;paration ou &agrave; un avoir, apr&egrave;s d&eacute;duction de 15 % de la valeur nette de la facture. Bowie Paktivak.be n&rsquo;est tenu &agrave; aucune autre obligation, notamment au paiement d&rsquo;une quelconque forme d&rsquo;indemnisation.      <\/p>\n\n\n\n<p>19- Les retours sont en principe toujours &agrave; la charge du client et ne sont accept&eacute;s qu&rsquo;apr&egrave;s accord pr&eacute;alable explicite de Praktivak.be. Les retours non affranchis sont toujours refus&eacute;s. <\/p>\n\n\n\n<p>20- Pour les livraisons partielles, toutes les pr&eacute;sentes conditions de vente et de livraison s&rsquo;appliquent int&eacute;gralement et autant que pour les livraisons int&eacute;grales.<\/p>\n\n\n\n<p>21- En cas de litige, seul le tribunal de l&rsquo;arrondissement de Turnhout est comp&eacute;tent.<\/p>\n\n\n\n<h2 class=\"wp-block-heading\">Conditions de service et de garantie<\/h2>\n\n\n\n<p>1- La garantie standard du fabricant (1 an) s&rsquo;applique &agrave; tout le mat&eacute;riel fourni et les garanties ne couvrent que les d&eacute;fauts et les vices de fabrication. Donc pas les cons&eacute;quences d&rsquo;une mauvaise utilisation, de l&rsquo;usure, des chutes, des chocs, etc. Une garantie de 3 ans s&rsquo;applique aux moteurs des si&egrave;ges.  <\/p>\n\n\n\n<p>2- Les r&eacute;parations peuvent &ecirc;tre factur&eacute;es : salaire horaire du technicien, frais de transport, d&rsquo;exp&eacute;dition ou de d&eacute;placement, pi&egrave;ces utilis&eacute;es. Praktivak.be se r&eacute;serve le droit, en toutes circonstances, d&rsquo;exp&eacute;dier les retours en contre-remboursement. En cas d&rsquo;envoi en contre-remboursement, Praktivak.be se r&eacute;serve le droit d&rsquo;appliquer des frais suppl&eacute;mentaires.  <\/p>\n\n\n\n<p>3- Si n&eacute;cessaire, les entretiens sont effectu&eacute;s par Praktivak.be selon le calendrier du fabricant. Les frais d&rsquo;exp&eacute;dition aller-retour pour les entretiens sont &agrave; la charge du client. Le client peut bien s&ucirc;r toujours prendre rendez-vous pour apporter et r&eacute;cup&eacute;rer lui-m&ecirc;me son appareil. Des prix fixes s&rsquo;appliquent pour l&rsquo;entretien standard.   <\/p>\n\n\n\n<p>4- En cas de panne, Praktivak.be proc&egrave;de &agrave; un diagnostic. Si une inspection ou un test approfondi s&rsquo;av&egrave;re n&eacute;cessaire (par exemple en cas de plainte vague), le tarif horaire du technicien est toujours factur&eacute;. Le diagnostic d&eacute;termine si un d&eacute;faut ou un probl&egrave;me est couvert ou non par la garantie d&rsquo;usine et est contraignant. Un diagnostic est toujours &eacute;tabli en concertation entre le service technique de Praktivak.be et le fabricant.   <\/p>\n\n\n\n<p>5- Ne sont certainement pas couverts par la garantie du fabricant &ndash; les dommages r&eacute;sultant d&rsquo;une utilisation ou d&rsquo;un fonctionnement inad&eacute;quat ou incorrect &ndash; les dommages &agrave; la peinture, &agrave; la tapisserie, au verre, etc. &ndash; dommages aux roulements (par exemple sur les fraiseuses) &ndash; rupture de fusibles &ndash; rupture de c&acirc;bles &ndash; dommages r&eacute;sultant de chutes, de chocs ou de l&rsquo;action de l&rsquo;humidit&eacute; ou de liquides &ndash; fiches et connexions desserr&eacute;es &ndash; r&eacute;parations de pi&egrave;ces d&rsquo;usure telles que bagues en caoutchouc, joints d&rsquo;&eacute;tanch&eacute;it&eacute;, etc. &ndash; les pi&egrave;ces d&eacute;tach&eacute;es telles que les &eacute;lectrodes, les brosses, les bouteilles, etc.  <\/p>\n\n\n\n<p>6- Si la panne est couverte par la garantie du fabricant, elle sera r&eacute;par&eacute;e gratuitement. Si la panne n&rsquo;est pas couverte par la garantie du fabricant, les frais de r&eacute;paration seront &agrave; la charge du client. Si vous le souhaitez, en cas de frais de r&eacute;paration, un devis peut &ecirc;tre soumis &agrave; l&rsquo;avance au client pour approbation ; le client doit explicitement demander un tel devis &agrave; l&rsquo;avance. Si le client ne souhaite pas faire usage d&rsquo;un devis de r&eacute;paration, les frais de renvoi ou de transport du produit non r&eacute;par&eacute; sont enti&egrave;rement &agrave; sa charge.   <\/p>\n\n\n\n<p>7- Si un appareil est r&eacute;par&eacute; sous garantie d&rsquo;usine, aucun frais n&rsquo;est factur&eacute; pour le transport de retour vers le client en Belgique. Les frais d&rsquo;exp&eacute;dition ou de transport vers Praktivak.be sont toujours &agrave; la charge du client. Pour les r&eacute;parations qui ne sont pas couvertes par la garantie d&rsquo;usine, les frais de transport de retour sont toujours &agrave; la charge du client. Le client peut bien s&ucirc;r toujours prendre rendez-vous pour apporter et r&eacute;cup&eacute;rer lui-m&ecirc;me l&rsquo;appareil.   <\/p>\n\n\n\n<p>8- Si une r&eacute;paration prend plus de 3 jours ouvrables, il est possible d&rsquo;utiliser un appareil de rechange, s&rsquo;il est disponible. Les frais d&rsquo;envoi du mat&eacute;riel de rechange (aller et retour) sont toujours &agrave; la charge du client. Des frais de location et une caution peuvent &ecirc;tre factur&eacute;s pour l&rsquo;utilisation du mat&eacute;riel de rechange.  <\/p>\n\n\n\n<p>9- Les visites &agrave; votre domicile, par exemple pour un diagnostic, une inspection, un entretien, un test, une r&eacute;paration ou un enl&egrave;vement ou une livraison, co&ucirc;tent toujours au moins un &laquo;&nbsp;frais d&rsquo;appel&nbsp;&raquo; fixe.<\/p>\n\n\n\n<p>10- Praktivak.be ne peut en aucun cas &ecirc;tre tenu responsable des dommages caus&eacute;s par une utilisation incorrecte ou ill&eacute;gale d&rsquo;un produit par le client. Si Praktivak.be est tenu responsable de quelque dommage que ce soit, la responsabilit&eacute; de Praktivak.be est toujours limit&eacute;e au montant maximal de la facture de la commande du client, ou du moins &agrave; la partie de la commande &agrave; laquelle la responsabilit&eacute; se rapporte. Praktivak.be est uniquement responsable des dommages directs et n&rsquo;est en aucun cas responsable des dommages indirects, y compris, mais sans s&rsquo;y limiter, les dommages cons&eacute;cutifs, le manque &agrave; gagner, les &eacute;conomies manqu&eacute;es ou les dommages caus&eacute;s &agrave; des tiers.  <\/p>\n\n\n\n<p>11- &Agrave; la premi&egrave;re demande de Praktivak.be, le client s&rsquo;engage &agrave; retirer du march&eacute;, &agrave; ses frais et dans un d&eacute;lai d&eacute;termin&eacute; par Praktivak.be, les produits qu&rsquo;il a mis en circulation et qui pr&eacute;sentent un d&eacute;faut ou risquent de pr&eacute;senter un d&eacute;faut (rappel). La compensation vers&eacute;e par Praktivak.be au client pour le rappel des produits consiste uniquement en un avoir correspondant &agrave; (une partie de) la facture concern&eacute;e. Le rappel des produits ne peut en aucun cas donner lieu &agrave; une quelconque forme d&rsquo;indemnisation par  <\/p>\n\n\n\n<p>12- Liste de prix pour le service en Belgique &agrave; partir du 01.03.2023 (cette liste remplace tous les prix pr&eacute;c&eacute;dents) : salaire horaire m&eacute;canicien &euro; 65,-*, frais d&rsquo;appel Belgique &euro; 80,-*, indemnit&eacute; kilom&eacute;trique m&eacute;canicien &euro; 0,50*\/km, entretien &eacute;quipement standard &euro; 95,-*, location &eacute;quipement de rechange standard : &euro; 30,-*\/semaine, d&eacute;p&ocirc;t &eacute;quipement de rechange sur demande, entretien &eacute;quipement sp&eacute;cial sur demande, location &eacute;quipement de rechange sp&eacute;cial sur demande, frais de livraison &eacute;quipement\/meuble etc. en Belgique &euro; 80,-*.<\/p>\n\n\n\n<p>*Tous les prix s&rsquo;entendent hors TVA, sauf indication contraire. TVA, sauf indication contraire <\/p>\n\n\n\n<p>La version n&eacute;erlandaise des pr&eacute;sentes conditions g&eacute;n&eacute;rales est la version juridiquement valable qui pr&eacute;vaut en cas de diff&eacute;rences entre les versions fran&ccedil;aise et n&eacute;erlandaise.<\/p>\n\n\n\n<p>Version 01032023 &ndash; toutes les versions pr&eacute;c&eacute;dentes sont d&eacute;sormais caduques. Praktivak.be peut modifier ces conditions &agrave; tout moment sans pr&eacute;avis. <\/p>\n\n\n\n<p>Pour les livraisons en dehors de la Belgique, des conditions sp&eacute;ciales s&rsquo;appliquent. Entre autres : les marchandises et les pi&egrave;ces voyagent toujours aux frais de l&rsquo;acheteur, le terme INCO ex works s&rsquo;applique, les r&eacute;parations et les &eacute;valuations de d&eacute;faut sur place ne sont pas possibles. La l&eacute;gislation belge est toujours d&rsquo;application. Les conditions d&rsquo;exportation compl&egrave;tes peuvent &ecirc;tre obtenues sur demande.   <\/p>\n<\/div>\n<\/div><\/div>\n\n","protected":false},"excerpt":{"rendered":"","protected":false},"author":1,"featured_media":0,"parent":0,"menu_order":0,"comment_status":"closed","ping_status":"closed","template":"","meta":{"_acf_changed":false,"_relevanssi_hide_post":"","_relevanssi_hide_content":"","_relevanssi_pin_for_all":"","_relevanssi_pin_keywords":"","_relevanssi_unpin_keywords":"","_relevanssi_related_keywords":"","_relevanssi_related_include_ids":"","_relevanssi_related_exclude_ids":"","_relevanssi_related_no_append":"","_relevanssi_related_not_related":"","_relevanssi_related_posts":"","_relevanssi_noindex_reason":"WooCommerce Yoast SEO Relevanssi index exclude","advgb_blocks_editor_width":"","advgb_blocks_columns_visual_guide":"","footnotes":""},"class_list":["post-292","page","type-page","status-publish","hentry"],"acf":[],"yoast_head":"<!-- This site is optimized with the Yoast SEO plugin v27.2 - https:\/\/yoast.com\/product\/yoast-seo-wordpress\/ -->\n<title>Conditions G\u00e9n\u00e9ralit\u00e9s - Praktivak<\/title>\n<meta name=\"robots\" content=\"noindex, follow\" \/>\n<meta property=\"og:locale\" content=\"fr_FR\" \/>\n<meta property=\"og:type\" content=\"article\" \/>\n<meta property=\"og:title\" content=\"Conditions G\u00e9n\u00e9ralit\u00e9s - Praktivak\" \/>\n<meta property=\"og:url\" content=\"https:\/\/www.praktivak.be\/fr\/conditions-generales-dutilisation\/\" \/>\n<meta property=\"og:site_name\" content=\"Praktivak\" \/>\n<meta property=\"article:modified_time\" content=\"2026-03-02T10:15:49+00:00\" \/>\n<meta name=\"twitter:card\" content=\"summary_large_image\" \/>\n<meta name=\"twitter:label1\" content=\"Dur\u00e9e de lecture estim\u00e9e\" \/>\n\t<meta name=\"twitter:data1\" content=\"11 minutes\" \/>\n<script type=\"application\/ld+json\" class=\"yoast-schema-graph\">{\"@context\":\"https:\/\/schema.org\",\"@graph\":[{\"@type\":\"WebPage\",\"@id\":\"https:\/\/www.praktivak.be\/fr\/conditions-generales-dutilisation\/\",\"url\":\"https:\/\/www.praktivak.be\/fr\/conditions-generales-dutilisation\/\",\"name\":\"Conditions G\u00e9n\u00e9ralit\u00e9s - Praktivak\",\"isPartOf\":{\"@id\":\"https:\/\/www.praktivak.be\/fr\/#website\"},\"datePublished\":\"2024-09-26T11:34:10+00:00\",\"dateModified\":\"2026-03-02T10:15:49+00:00\",\"breadcrumb\":{\"@id\":\"https:\/\/www.praktivak.be\/fr\/conditions-generales-dutilisation\/#breadcrumb\"},\"inLanguage\":\"fr-FR\",\"potentialAction\":[{\"@type\":\"ReadAction\",\"target\":[\"https:\/\/www.praktivak.be\/fr\/conditions-generales-dutilisation\/\"]}]},{\"@type\":\"BreadcrumbList\",\"@id\":\"https:\/\/www.praktivak.be\/fr\/conditions-generales-dutilisation\/#breadcrumb\",\"itemListElement\":[{\"@type\":\"ListItem\",\"position\":1,\"name\":\"Home\",\"item\":\"https:\/\/www.praktivak.be\/fr\/\"},{\"@type\":\"ListItem\",\"position\":2,\"name\":\"Conditions G\u00e9n\u00e9ralit\u00e9s\"}]},{\"@type\":\"WebSite\",\"@id\":\"https:\/\/www.praktivak.be\/fr\/#website\",\"url\":\"https:\/\/www.praktivak.be\/fr\/\",\"name\":\"Praktivak\",\"description\":\"\",\"publisher\":{\"@id\":\"https:\/\/www.praktivak.be\/fr\/#organization\"},\"potentialAction\":[{\"@type\":\"SearchAction\",\"target\":{\"@type\":\"EntryPoint\",\"urlTemplate\":\"https:\/\/www.praktivak.be\/fr\/?s={search_term_string}\"},\"query-input\":{\"@type\":\"PropertyValueSpecification\",\"valueRequired\":true,\"valueName\":\"search_term_string\"}}],\"inLanguage\":\"fr-FR\"},{\"@type\":\"Organization\",\"@id\":\"https:\/\/www.praktivak.be\/fr\/#organization\",\"name\":\"Praktivak\",\"url\":\"https:\/\/www.praktivak.be\/fr\/\",\"logo\":{\"@type\":\"ImageObject\",\"inLanguage\":\"fr-FR\",\"@id\":\"https:\/\/www.praktivak.be\/fr\/#\/schema\/logo\/image\/\",\"url\":\"https:\/\/www.praktivak.be\/wp-content\/uploads\/2024\/09\/Logo.png\",\"contentUrl\":\"https:\/\/www.praktivak.be\/wp-content\/uploads\/2024\/09\/Logo.png\",\"width\":1774,\"height\":337,\"caption\":\"Praktivak\"},\"image\":{\"@id\":\"https:\/\/www.praktivak.be\/fr\/#\/schema\/logo\/image\/\"}}]}<\/script>\n<!-- \/ Yoast SEO plugin. -->","yoast_head_json":{"title":"Conditions G\u00e9n\u00e9ralit\u00e9s - Praktivak","robots":{"index":"noindex","follow":"follow"},"og_locale":"fr_FR","og_type":"article","og_title":"Conditions G\u00e9n\u00e9ralit\u00e9s - Praktivak","og_url":"https:\/\/www.praktivak.be\/fr\/conditions-generales-dutilisation\/","og_site_name":"Praktivak","article_modified_time":"2026-03-02T10:15:49+00:00","twitter_card":"summary_large_image","twitter_misc":{"Dur\u00e9e de lecture estim\u00e9e":"11 minutes"},"schema":{"@context":"https:\/\/schema.org","@graph":[{"@type":"WebPage","@id":"https:\/\/www.praktivak.be\/fr\/conditions-generales-dutilisation\/","url":"https:\/\/www.praktivak.be\/fr\/conditions-generales-dutilisation\/","name":"Conditions G\u00e9n\u00e9ralit\u00e9s - Praktivak","isPartOf":{"@id":"https:\/\/www.praktivak.be\/fr\/#website"},"datePublished":"2024-09-26T11:34:10+00:00","dateModified":"2026-03-02T10:15:49+00:00","breadcrumb":{"@id":"https:\/\/www.praktivak.be\/fr\/conditions-generales-dutilisation\/#breadcrumb"},"inLanguage":"fr-FR","potentialAction":[{"@type":"ReadAction","target":["https:\/\/www.praktivak.be\/fr\/conditions-generales-dutilisation\/"]}]},{"@type":"BreadcrumbList","@id":"https:\/\/www.praktivak.be\/fr\/conditions-generales-dutilisation\/#breadcrumb","itemListElement":[{"@type":"ListItem","position":1,"name":"Home","item":"https:\/\/www.praktivak.be\/fr\/"},{"@type":"ListItem","position":2,"name":"Conditions G\u00e9n\u00e9ralit\u00e9s"}]},{"@type":"WebSite","@id":"https:\/\/www.praktivak.be\/fr\/#website","url":"https:\/\/www.praktivak.be\/fr\/","name":"Praktivak","description":"","publisher":{"@id":"https:\/\/www.praktivak.be\/fr\/#organization"},"potentialAction":[{"@type":"SearchAction","target":{"@type":"EntryPoint","urlTemplate":"https:\/\/www.praktivak.be\/fr\/?s={search_term_string}"},"query-input":{"@type":"PropertyValueSpecification","valueRequired":true,"valueName":"search_term_string"}}],"inLanguage":"fr-FR"},{"@type":"Organization","@id":"https:\/\/www.praktivak.be\/fr\/#organization","name":"Praktivak","url":"https:\/\/www.praktivak.be\/fr\/","logo":{"@type":"ImageObject","inLanguage":"fr-FR","@id":"https:\/\/www.praktivak.be\/fr\/#\/schema\/logo\/image\/","url":"https:\/\/www.praktivak.be\/wp-content\/uploads\/2024\/09\/Logo.png","contentUrl":"https:\/\/www.praktivak.be\/wp-content\/uploads\/2024\/09\/Logo.png","width":1774,"height":337,"caption":"Praktivak"},"image":{"@id":"https:\/\/www.praktivak.be\/fr\/#\/schema\/logo\/image\/"}}]}},"coauthors":[],"author_meta":{"author_link":"https:\/\/www.praktivak.be\/fr\/author\/madeit\/","display_name":"Tjebbe Lievens"},"relative_dates":{"created":"Publi\u00e9 2 ans il y a","modified":"Mis \u00e0 jour 1 mois il y a"},"absolute_dates":{"created":"Publi\u00e9 le 26 septembre 2024","modified":"Mise \u00e0 jour le 2 mars 2026"},"absolute_dates_time":{"created":"Publi\u00e9 le 26 septembre 2024 13h34","modified":"Mise \u00e0 jour le 2 mars 2026 11h15"},"featured_img_caption":"","featured_img":false,"series_order":"","_links":{"self":[{"href":"https:\/\/www.praktivak.be\/fr\/wp-json\/wp\/v2\/pages\/292","targetHints":{"allow":["GET"]}}],"collection":[{"href":"https:\/\/www.praktivak.be\/fr\/wp-json\/wp\/v2\/pages"}],"about":[{"href":"https:\/\/www.praktivak.be\/fr\/wp-json\/wp\/v2\/types\/page"}],"author":[{"embeddable":true,"href":"https:\/\/www.praktivak.be\/fr\/wp-json\/wp\/v2\/users\/1"}],"replies":[{"embeddable":true,"href":"https:\/\/www.praktivak.be\/fr\/wp-json\/wp\/v2\/comments?post=292"}],"version-history":[{"count":11,"href":"https:\/\/www.praktivak.be\/fr\/wp-json\/wp\/v2\/pages\/292\/revisions"}],"predecessor-version":[{"id":346902,"href":"https:\/\/www.praktivak.be\/fr\/wp-json\/wp\/v2\/pages\/292\/revisions\/346902"}],"wp:attachment":[{"href":"https:\/\/www.praktivak.be\/fr\/wp-json\/wp\/v2\/media?parent=292"}],"curies":[{"name":"wp","href":"https:\/\/api.w.org\/{rel}","templated":true}]}}