

{"id":283935,"date":"2025-08-26T16:00:22","date_gmt":"2025-08-26T14:00:22","guid":{"rendered":"https:\/\/www.praktivak.be\/avertissement\/"},"modified":"2025-08-26T17:25:16","modified_gmt":"2025-08-26T15:25:16","slug":"avertissement","status":"publish","type":"page","link":"https:\/\/www.praktivak.be\/fr\/avertissement\/","title":{"rendered":"Avertissement"},"content":{"rendered":"\n<div class=\"wp-block-madeit-block-content container-fluid\"><div class=\"row\">\n<div class=\"wp-block-madeit-block-content-column col-12 col-lg-12\" style=\"padding-top:0px;padding-bottom:0px;padding-left:0px;padding-right:0px\">\n<div class=\"wp-block-cover\"><img loading=\"lazy\" decoding=\"async\" width=\"2560\" height=\"922\" class=\"wp-block-cover__image-background wp-image-283907 size-full\" alt=\"\" src=\"https:\/\/www.praktivak.be\/wp-content\/uploads\/2025\/08\/Headers-Bowie-site-7-scaled.png\" data-object-fit=\"cover\"><span aria-hidden=\"true\" class=\"wp-block-cover__background has-background-dim-100 has-background-dim wp-block-cover__gradient-background has-background-gradient\" style=\"background:linear-gradient(270deg,rgba(255,255,255,0) 0%,rgb(245,251,252) 87%,rgb(245,251,252) 100%)\"><\/span><div class=\"wp-block-cover__inner-container is-layout-constrained wp-block-cover-is-layout-constrained\">\n<div class=\"wp-block-madeit-block-content container\"><div class=\"row\">\n<div class=\"wp-block-madeit-block-content-column col-12 col-lg-6\"><h1 class=\"has-link-color wp-elements-27e3ca2f72bd4704395eb7c82893e2a3 wp-block-post-title has-text-color has-secondary-color\">Avertissement<\/h1><\/div>\n\n\n\n<div class=\"wp-block-madeit-block-content-column col-12 col-lg-6\"><\/div>\n<\/div><\/div>\n<\/div><\/div>\n<\/div>\n<\/div><\/div>\n\n<div class=\"wp-block-madeit-block-content container has-background has-default-bg-background-color margin-min4\" style=\"padding-top:100px;padding-bottom:100px;padding-left:50px;padding-right:50px\"><div class=\"row\">\n<div class=\"wp-block-madeit-block-content-column col-12 col-lg-12\">\n<div style=\"height:50px\" aria-hidden=\"true\" class=\"wp-block-spacer\"><\/div>\n\n\n\n<h2 class=\"wp-block-heading\">1. Acc&egrave;s au site<\/h2>\n\n\n\n<p>La consultation ou l&rsquo;utilisation de ce site web (https:\/\/www.praktivak.be) implique automatiquement l&rsquo;acceptation int&eacute;grale de la pr&eacute;sente clause de non-responsabilit&eacute;.<\/p>\n\n\n\n<p>La consultation ou l&rsquo;utilisation de ce site web (https:\/\/www.praktivak.be) implique automatiquement l&rsquo;acceptation int&eacute;grale de la pr&eacute;sente clause de non-responsabilit&eacute;.<\/p>\n\n\n\n<h2 class=\"wp-block-heading\">2. Informations propos&eacute;es sur le site<\/h2>\n\n\n\n<p>Praktivak.be (Bowie Medical Belgique BV), dont le si&egrave;ge social est situ&eacute; &agrave; 2300 Turnhout, Brugstraat 51, et dont le num&eacute;ro d&rsquo;entreprise est 0877.935.617, g&egrave;re ce site et le met &agrave; jour r&eacute;guli&egrave;rement afin de fournir &agrave; ses utilisateurs les informations les plus r&eacute;centes concernant ses services et ses activit&eacute;s. L&rsquo;objectif de ce site est d&rsquo;informer au mieux les utilisateurs. Si des informations erron&eacute;es venaient &agrave; &ecirc;tre publi&eacute;es, Praktivak.be (Bowie Medical Belgi&euml; BV) mettrait tout en &oelig;uvre pour les corriger d&egrave;s qu&rsquo;elle en aurait connaissance. Praktivak.be (Bowie Medical Belgi&euml; BV) ne peut &ecirc;tre tenue responsable de l&rsquo;exactitude ou de l&rsquo;exhaustivit&eacute; des informations consult&eacute;es sur ce site.   <\/p>\n\n\n\n<p>Le contenu du site (y compris les liens) peut &ecirc;tre adapt&eacute;, modifi&eacute; ou compl&eacute;t&eacute; &agrave; tout moment sans pr&eacute;avis ni notification.<\/p>\n\n\n\n<p>Praktivak.be (Bowie Medical Belgique BV) d&eacute;cline toute responsabilit&eacute; en cas d&rsquo;utilisation inappropri&eacute;e ou frauduleuse des donn&eacute;es fournies sur le site.<\/p>\n\n\n\n<h2 class=\"wp-block-heading\">3. Droits de propri&eacute;t&eacute; intellectuelle<\/h2>\n\n\n\n<p>Les textes, photos, mise en page, slogans, illustrations graphiques et autres &eacute;l&eacute;ments figurant sur ce site web sont prot&eacute;g&eacute;s par le droit d&rsquo;auteur.<\/p>\n\n\n\n<p>Le logo, la base de donn&eacute;es, etc. qui apparaissent sur le site sont prot&eacute;g&eacute;s par les droits de propri&eacute;t&eacute; intellectuelle respectifs.<\/p>\n\n\n\n<p>Toute copie, adaptation, traduction, modification, utilisation ou alt&eacute;ration d&rsquo;une partie ou de l&rsquo;ensemble de ce site, sous quelque forme et par quelque moyen que ce soit, est strictement interdite sans l&rsquo;autorisation &eacute;crite pr&eacute;alable de Praktivak.be (Bowie Medical Belgique BV).<\/p>\n\n\n\n<p>Les utilisateurs du site s&rsquo;engagent express&eacute;ment &agrave; accepter et &agrave; respecter int&eacute;gralement les droits de propri&eacute;t&eacute; intellectuelle, y compris les droits d&rsquo;auteur.<\/p>\n\n\n\n<p>Praktivak.be (Bowie Medical Belgique BV) se r&eacute;serve le droit de prendre toutes les mesures qu&rsquo;elle juge efficaces afin d&rsquo;emp&ecirc;cher ou de mettre fin &agrave; la violation de ses droits, sans qu&rsquo;aucune responsabilit&eacute; ne puisse lui &ecirc;tre imput&eacute;e &agrave; la suite de ces mesures.<\/p>\n\n\n\n<h2 class=\"wp-block-heading\">4. Responsabilit&eacute;<\/h2>\n\n\n\n<p>En acc&eacute;dant aux informations propos&eacute;es sur le site, l&rsquo;utilisateur renonce &agrave; toute r&eacute;clamation ou recours &agrave; l&rsquo;encontre de Praktivak.be (Bowie Medical Belgique BV) concernant l&rsquo;utilisation des donn&eacute;es ou des informations mises &agrave; sa disposition sur le site. La responsabilit&eacute; de Praktivak.be (Bowie Medical Belgique BV) ne peut en aucun cas &ecirc;tre engag&eacute;e en cas de dommages, de quelque nature que ce soit, qu&rsquo;ils soient cons&eacute;cutifs ou accidentels. <\/p>\n\n\n\n<p>En acc&eacute;dant aux informations propos&eacute;es sur le site, l&rsquo;utilisateur accepte &eacute;galement d&rsquo;assumer tous les risques li&eacute;s &agrave; l&rsquo;utilisation du site et de renoncer &agrave; toute r&eacute;clamation &agrave; l&rsquo;encontre de Praktivak.be (Bowie Medical Belgique BV), y compris le risque de dommages caus&eacute;s &agrave; l&rsquo;ordinateur, au logiciel ou aux donn&eacute;es par un virus qui aurait &eacute;t&eacute; transmis ou activ&eacute; par le site ou par le fait que l&rsquo;utilisateur y a acc&egrave;s.<\/p>\n\n\n\n<p>L&rsquo;utilisateur utilisera ce site web avec diligence et ne fera en aucun cas ce qui suit :<\/p>\n\n\n\n<p>modifier, pirater, supprimer, d&eacute;sactiver ou endommager des &eacute;l&eacute;ments li&eacute;s &agrave; la s&eacute;curit&eacute; et &agrave; l&rsquo;utilisation ;<\/p>\n\n\n\n<p>diffuser des virus, des logiciels publicitaires, des logiciels espions, des vers ou tout autre code malveillant.<\/p>\n\n\n\n<h2 class=\"wp-block-heading\">5. Droit applicable<\/h2>\n\n\n\n<p>&Eacute;tant donn&eacute; que votre visite sur le site implique votre acceptation de la pr&eacute;sente clause de non-responsabilit&eacute; et donc un accord en ligne, vous acceptez que tout litige ou toute r&eacute;clamation concernant le pr&eacute;sent site ou toute donn&eacute;e qui y est mentionn&eacute;e soit r&eacute;gi par le droit belge. En consultant le site, vous reconnaissez la comp&eacute;tence des tribunaux de Turnhout, en Belgique, et vous acceptez de ne pas intenter d&rsquo;action en justice ailleurs que devant ces juridictions. <\/p>\n\n\n\n<p>Ce site web est destin&eacute; aux professionnels du secteur m&eacute;dical. La vente de mat&eacute;riel m&eacute;dical st&eacute;rile &agrave; des particuliers est interdite. La vente de dispositifs m&eacute;dicaux est r&eacute;gie par l&rsquo;article 10bis de l&rsquo;arr&ecirc;t&eacute; royal du 18\/03\/1999. La vente aux m&eacute;decins et infirmiers est &eacute;galement r&eacute;gie par l&rsquo;arr&ecirc;t&eacute; minist&eacute;riel du 18\/05\/2005.   <\/p>\n<\/div>\n<\/div><\/div>\n\n","protected":false},"excerpt":{"rendered":"","protected":false},"author":4,"featured_media":0,"parent":0,"menu_order":0,"comment_status":"closed","ping_status":"closed","template":"","meta":{"_acf_changed":false,"_relevanssi_hide_post":"","_relevanssi_hide_content":"","_relevanssi_pin_for_all":"","_relevanssi_pin_keywords":"","_relevanssi_unpin_keywords":"","_relevanssi_related_keywords":"","_relevanssi_related_include_ids":"","_relevanssi_related_exclude_ids":"","_relevanssi_related_no_append":"","_relevanssi_related_not_related":"","_relevanssi_related_posts":"","_relevanssi_noindex_reason":"WooCommerce Yoast SEO Relevanssi index exclude","advgb_blocks_editor_width":"","advgb_blocks_columns_visual_guide":"","footnotes":""},"class_list":["post-283935","page","type-page","status-publish","hentry"],"acf":[],"yoast_head":"<!-- This site is optimized with the Yoast SEO plugin v27.2 - https:\/\/yoast.com\/product\/yoast-seo-wordpress\/ -->\n<title>Avertissement - Praktivak<\/title>\n<meta name=\"robots\" content=\"noindex, follow\" \/>\n<meta property=\"og:locale\" content=\"fr_FR\" \/>\n<meta property=\"og:type\" content=\"article\" \/>\n<meta property=\"og:title\" content=\"Avertissement - Praktivak\" \/>\n<meta property=\"og:url\" content=\"https:\/\/www.praktivak.be\/fr\/avertissement\/\" \/>\n<meta property=\"og:site_name\" content=\"Praktivak\" \/>\n<meta property=\"article:modified_time\" content=\"2025-08-26T15:25:16+00:00\" \/>\n<meta property=\"og:image\" content=\"https:\/\/www.praktivak.be\/wp-content\/uploads\/2025\/08\/Headers-Bowie-site-7-scaled.png\" \/>\n\t<meta property=\"og:image:width\" content=\"2560\" \/>\n\t<meta property=\"og:image:height\" content=\"922\" \/>\n\t<meta property=\"og:image:type\" content=\"image\/png\" \/>\n<meta name=\"twitter:card\" content=\"summary_large_image\" \/>\n<meta name=\"twitter:label1\" content=\"Dur\u00e9e de lecture estim\u00e9e\" \/>\n\t<meta name=\"twitter:data1\" content=\"4 minutes\" \/>\n<script type=\"application\/ld+json\" class=\"yoast-schema-graph\">{\"@context\":\"https:\/\/schema.org\",\"@graph\":[{\"@type\":\"WebPage\",\"@id\":\"https:\/\/www.praktivak.be\/fr\/avertissement\/\",\"url\":\"https:\/\/www.praktivak.be\/fr\/avertissement\/\",\"name\":\"Avertissement - Praktivak\",\"isPartOf\":{\"@id\":\"https:\/\/www.praktivak.be\/fr\/#website\"},\"primaryImageOfPage\":{\"@id\":\"https:\/\/www.praktivak.be\/fr\/avertissement\/#primaryimage\"},\"image\":{\"@id\":\"https:\/\/www.praktivak.be\/fr\/avertissement\/#primaryimage\"},\"thumbnailUrl\":\"https:\/\/www.praktivak.be\/wp-content\/uploads\/2025\/08\/Headers-Bowie-site-7-scaled.png\",\"datePublished\":\"2025-08-26T14:00:22+00:00\",\"dateModified\":\"2025-08-26T15:25:16+00:00\",\"breadcrumb\":{\"@id\":\"https:\/\/www.praktivak.be\/fr\/avertissement\/#breadcrumb\"},\"inLanguage\":\"fr-FR\",\"potentialAction\":[{\"@type\":\"ReadAction\",\"target\":[\"https:\/\/www.praktivak.be\/fr\/avertissement\/\"]}]},{\"@type\":\"ImageObject\",\"inLanguage\":\"fr-FR\",\"@id\":\"https:\/\/www.praktivak.be\/fr\/avertissement\/#primaryimage\",\"url\":\"https:\/\/www.praktivak.be\/wp-content\/uploads\/2025\/08\/Headers-Bowie-site-7-scaled.png\",\"contentUrl\":\"https:\/\/www.praktivak.be\/wp-content\/uploads\/2025\/08\/Headers-Bowie-site-7-scaled.png\"},{\"@type\":\"BreadcrumbList\",\"@id\":\"https:\/\/www.praktivak.be\/fr\/avertissement\/#breadcrumb\",\"itemListElement\":[{\"@type\":\"ListItem\",\"position\":1,\"name\":\"Home\",\"item\":\"https:\/\/www.praktivak.be\/fr\/\"},{\"@type\":\"ListItem\",\"position\":2,\"name\":\"Avertissement\"}]},{\"@type\":\"WebSite\",\"@id\":\"https:\/\/www.praktivak.be\/fr\/#website\",\"url\":\"https:\/\/www.praktivak.be\/fr\/\",\"name\":\"Praktivak\",\"description\":\"\",\"publisher\":{\"@id\":\"https:\/\/www.praktivak.be\/fr\/#organization\"},\"potentialAction\":[{\"@type\":\"SearchAction\",\"target\":{\"@type\":\"EntryPoint\",\"urlTemplate\":\"https:\/\/www.praktivak.be\/fr\/?s={search_term_string}\"},\"query-input\":{\"@type\":\"PropertyValueSpecification\",\"valueRequired\":true,\"valueName\":\"search_term_string\"}}],\"inLanguage\":\"fr-FR\"},{\"@type\":\"Organization\",\"@id\":\"https:\/\/www.praktivak.be\/fr\/#organization\",\"name\":\"Praktivak\",\"url\":\"https:\/\/www.praktivak.be\/fr\/\",\"logo\":{\"@type\":\"ImageObject\",\"inLanguage\":\"fr-FR\",\"@id\":\"https:\/\/www.praktivak.be\/fr\/#\/schema\/logo\/image\/\",\"url\":\"https:\/\/www.praktivak.be\/wp-content\/uploads\/2024\/09\/Logo.png\",\"contentUrl\":\"https:\/\/www.praktivak.be\/wp-content\/uploads\/2024\/09\/Logo.png\",\"width\":1774,\"height\":337,\"caption\":\"Praktivak\"},\"image\":{\"@id\":\"https:\/\/www.praktivak.be\/fr\/#\/schema\/logo\/image\/\"}}]}<\/script>\n<!-- \/ Yoast SEO plugin. -->","yoast_head_json":{"title":"Avertissement - Praktivak","robots":{"index":"noindex","follow":"follow"},"og_locale":"fr_FR","og_type":"article","og_title":"Avertissement - Praktivak","og_url":"https:\/\/www.praktivak.be\/fr\/avertissement\/","og_site_name":"Praktivak","article_modified_time":"2025-08-26T15:25:16+00:00","og_image":[{"width":2560,"height":922,"url":"https:\/\/www.praktivak.be\/wp-content\/uploads\/2025\/08\/Headers-Bowie-site-7-scaled.png","type":"image\/png"}],"twitter_card":"summary_large_image","twitter_misc":{"Dur\u00e9e de lecture estim\u00e9e":"4 minutes"},"schema":{"@context":"https:\/\/schema.org","@graph":[{"@type":"WebPage","@id":"https:\/\/www.praktivak.be\/fr\/avertissement\/","url":"https:\/\/www.praktivak.be\/fr\/avertissement\/","name":"Avertissement - Praktivak","isPartOf":{"@id":"https:\/\/www.praktivak.be\/fr\/#website"},"primaryImageOfPage":{"@id":"https:\/\/www.praktivak.be\/fr\/avertissement\/#primaryimage"},"image":{"@id":"https:\/\/www.praktivak.be\/fr\/avertissement\/#primaryimage"},"thumbnailUrl":"https:\/\/www.praktivak.be\/wp-content\/uploads\/2025\/08\/Headers-Bowie-site-7-scaled.png","datePublished":"2025-08-26T14:00:22+00:00","dateModified":"2025-08-26T15:25:16+00:00","breadcrumb":{"@id":"https:\/\/www.praktivak.be\/fr\/avertissement\/#breadcrumb"},"inLanguage":"fr-FR","potentialAction":[{"@type":"ReadAction","target":["https:\/\/www.praktivak.be\/fr\/avertissement\/"]}]},{"@type":"ImageObject","inLanguage":"fr-FR","@id":"https:\/\/www.praktivak.be\/fr\/avertissement\/#primaryimage","url":"https:\/\/www.praktivak.be\/wp-content\/uploads\/2025\/08\/Headers-Bowie-site-7-scaled.png","contentUrl":"https:\/\/www.praktivak.be\/wp-content\/uploads\/2025\/08\/Headers-Bowie-site-7-scaled.png"},{"@type":"BreadcrumbList","@id":"https:\/\/www.praktivak.be\/fr\/avertissement\/#breadcrumb","itemListElement":[{"@type":"ListItem","position":1,"name":"Home","item":"https:\/\/www.praktivak.be\/fr\/"},{"@type":"ListItem","position":2,"name":"Avertissement"}]},{"@type":"WebSite","@id":"https:\/\/www.praktivak.be\/fr\/#website","url":"https:\/\/www.praktivak.be\/fr\/","name":"Praktivak","description":"","publisher":{"@id":"https:\/\/www.praktivak.be\/fr\/#organization"},"potentialAction":[{"@type":"SearchAction","target":{"@type":"EntryPoint","urlTemplate":"https:\/\/www.praktivak.be\/fr\/?s={search_term_string}"},"query-input":{"@type":"PropertyValueSpecification","valueRequired":true,"valueName":"search_term_string"}}],"inLanguage":"fr-FR"},{"@type":"Organization","@id":"https:\/\/www.praktivak.be\/fr\/#organization","name":"Praktivak","url":"https:\/\/www.praktivak.be\/fr\/","logo":{"@type":"ImageObject","inLanguage":"fr-FR","@id":"https:\/\/www.praktivak.be\/fr\/#\/schema\/logo\/image\/","url":"https:\/\/www.praktivak.be\/wp-content\/uploads\/2024\/09\/Logo.png","contentUrl":"https:\/\/www.praktivak.be\/wp-content\/uploads\/2024\/09\/Logo.png","width":1774,"height":337,"caption":"Praktivak"},"image":{"@id":"https:\/\/www.praktivak.be\/fr\/#\/schema\/logo\/image\/"}}]}},"coauthors":[],"author_meta":{"author_link":"https:\/\/www.praktivak.be\/fr\/author\/tom-sommenbowiemedical-be\/","display_name":"Tom Sommen"},"relative_dates":{"created":"Publi\u00e9 8 mois il y a","modified":"Mis \u00e0 jour 8 mois il y a"},"absolute_dates":{"created":"Publi\u00e9 le 26 ao\u00fbt 2025","modified":"Mise \u00e0 jour le 26 ao\u00fbt 2025"},"absolute_dates_time":{"created":"Publi\u00e9 le 26 ao\u00fbt 2025 16h00","modified":"Mise \u00e0 jour le 26 ao\u00fbt 2025 17h25"},"featured_img_caption":"","featured_img":false,"series_order":"","_links":{"self":[{"href":"https:\/\/www.praktivak.be\/fr\/wp-json\/wp\/v2\/pages\/283935","targetHints":{"allow":["GET"]}}],"collection":[{"href":"https:\/\/www.praktivak.be\/fr\/wp-json\/wp\/v2\/pages"}],"about":[{"href":"https:\/\/www.praktivak.be\/fr\/wp-json\/wp\/v2\/types\/page"}],"author":[{"embeddable":true,"href":"https:\/\/www.praktivak.be\/fr\/wp-json\/wp\/v2\/users\/4"}],"replies":[{"embeddable":true,"href":"https:\/\/www.praktivak.be\/fr\/wp-json\/wp\/v2\/comments?post=283935"}],"version-history":[{"count":1,"href":"https:\/\/www.praktivak.be\/fr\/wp-json\/wp\/v2\/pages\/283935\/revisions"}],"predecessor-version":[{"id":283936,"href":"https:\/\/www.praktivak.be\/fr\/wp-json\/wp\/v2\/pages\/283935\/revisions\/283936"}],"wp:attachment":[{"href":"https:\/\/www.praktivak.be\/fr\/wp-json\/wp\/v2\/media?parent=283935"}],"curies":[{"name":"wp","href":"https:\/\/api.w.org\/{rel}","templated":true}]}}