

{"id":246,"date":"2024-09-26T11:23:46","date_gmt":"2024-09-26T09:23:46","guid":{"rendered":"https:\/\/www.praktivak.be\/commander-aupres-de-praktivak\/"},"modified":"2025-08-14T11:41:48","modified_gmt":"2025-08-14T09:41:48","slug":"commander-aupres-de-praktivak","status":"publish","type":"page","link":"https:\/\/www.praktivak.be\/fr\/commander-aupres-de-praktivak\/","title":{"rendered":"Commander chez Praktivak"},"content":{"rendered":"\n<div class=\"wp-block-madeit-block-content container-fluid\"><div class=\"row\">\n<div class=\"wp-block-madeit-block-content-column col-12 col-lg-12\" style=\"padding-top:0px;padding-bottom:0px;padding-left:0px;padding-right:0px\">\n<div class=\"wp-block-cover is-light\"><img loading=\"lazy\" decoding=\"async\" width=\"1920\" height=\"364\" class=\"wp-block-cover__image-background wp-image-227\" alt=\"\" src=\"https:\/\/www.praktivak.be\/wp-content\/uploads\/2024\/09\/dee.png\" style=\"object-position:0% 59%\" data-object-fit=\"cover\" data-object-position=\"0% 59%\"><span aria-hidden=\"true\" class=\"wp-block-cover__background has-background-dim-0 has-background-dim\" style=\"background-color:#fed42a\"><\/span><div class=\"wp-block-cover__inner-container is-layout-constrained wp-block-cover-is-layout-constrained\">\n<div class=\"wp-block-madeit-block-content container\"><div class=\"row\">\n<div class=\"wp-block-madeit-block-content-column col-12 col-lg-6\">\n<h1 class=\"wp-block-heading\">Informations de la commande<\/h1>\n\n\n\n<div style=\"height:20px\" aria-hidden=\"true\" class=\"wp-block-spacer\"><\/div>\n\n\n\n<p>Chez Praktivak, nous facilitons et acc&eacute;l&eacute;rons la commande de vos consommables.<\/p>\n\n\n\n<p>Que vous ayez besoin de mat&eacute;riel de p&eacute;dicure, de produits pour votre salon de beaut&eacute; ou d&rsquo;autres produits de soins, notre boutique en ligne vous offre une exp&eacute;rience d&rsquo;achat sans effort.<\/p>\n<\/div>\n\n\n\n<div class=\"wp-block-madeit-block-content-column col-12 col-lg-6\"><\/div>\n<\/div><\/div>\n<\/div><\/div>\n<\/div>\n<\/div><\/div>\n\n<div class=\"wp-block-madeit-block-content container\" style=\"margin-top:50px;margin-bottom:50px\"><div class=\"row\">\n<div class=\"wp-block-madeit-block-content-column col-12 col-lg-12\">\n<div class=\"wp-block-advgb-accordions advgb-accordions-caa97838-f902-4fc6-b21a-b84b51458f2d advgb-accordion-wrapper\">\n<div class=\"wp-block-advgb-accordion-item advgb-accordion-item\" style=\"margin-bottom:15px\"><div class=\"advgb-accordion-header\" style=\"background-color:#FED41F;color:#0E1428;border-style:solid;border-width:1px;border-radius:2px\"><span class=\"advgb-accordion-header-icon\"><svg fill=\"#0E1428\" xmlns=\"http:\/\/www.w3.org\/2000\/svg\" width=\"24\" height=\"24\" viewbox=\"0 0 24 24\"><path fill=\"none\" d=\"M0,0h24v24H0V0z\"><\/path><path d=\"M19,13h-6v6h-2v-6H5v-2h6V5h2v6h6V13z\"><\/path><\/svg><\/span><h4 class=\"advgb-accordion-header-title\" style=\"color:inherit\">Comment commander<\/h4><\/div><div class=\"advgb-accordion-body\" style=\"border-style:solid !important;border-width:1px !important;border-color:undefined !important;border-top:none !important;border-radius:2px !important\">\n<p>1. Boutique en ligne :<br>&ndash; visitez notre boutique en ligne <a href=\"https:\/\/www.praktivak.be\/fr\/boutique\/\">boutique en ligne<\/a> tr&egrave;s compl&egrave;te et s&eacute;lectionnez les produits dont vous avez besoin ;<br>&ndash; ajoutez les articles choisis &agrave; votre panier ;<br>&ndash; suivez le processus de commande en vous connectant ou en cr&eacute;ant un nouveau compte ;<br>&ndash; v&eacute;rifiez votre commande et finalisez-la en effectuant le paiement via notre environnement de paiement s&eacute;curis&eacute;.<\/p>\n\n\n\n<p>2. T&eacute;l&eacute;phone :<br>&ndash; appelez-nous au (+32) 14 27 79 90 pour passer votre commande. <\/p>\n\n\n\n<p>3. E-mail :<br>&ndash; envoyez un e-mail avec votre liste de commande &agrave; info@praktivak.be. N&rsquo;oubliez pas d&rsquo;indiquer vos coordonn&eacute;es et votre num&eacute;ro de TVA. <\/p>\n<\/div><\/div>\n<\/div>\n\n\n\n<div class=\"wp-block-advgb-accordions advgb-accordions-ad5cbed0-8a1d-4714-9068-1b821e159fc7 advgb-accordion-wrapper\">\n<div class=\"wp-block-advgb-accordion-item advgb-accordion-item\" style=\"margin-bottom:15px\"><div class=\"advgb-accordion-header\" style=\"background-color:#FED41F;color:#0E1428;border-style:solid;border-width:1px;border-radius:2px\"><span class=\"advgb-accordion-header-icon\"><svg fill=\"#0E1428\" xmlns=\"http:\/\/www.w3.org\/2000\/svg\" width=\"24\" height=\"24\" viewbox=\"0 0 24 24\"><path fill=\"none\" d=\"M0,0h24v24H0V0z\"><\/path><path d=\"M19,13h-6v6h-2v-6H5v-2h6V5h2v6h6V13z\"><\/path><\/svg><\/span><h4 class=\"advgb-accordion-header-title\" style=\"color:inherit\">Modes de paiement<\/h4><\/div><div class=\"advgb-accordion-body\" style=\"border-style:solid !important;border-width:1px !important;border-color:undefined !important;border-top:none !important;border-radius:2px !important\">\n<p>Chez Praktivak, vous pouvez payer par le biais de plusieurs m&eacute;thodes s&ucirc;res et fiables, notamment<\/p>\n\n\n\n<ul class=\"wp-block-list\">\n<li>bancontact<\/li>\n\n\n\n<li>virement bancaire<\/li>\n<\/ul>\n<\/div><\/div>\n<\/div>\n\n\n\n<div class=\"wp-block-advgb-accordions advgb-accordions-b5c2abe6-d9dd-4185-876f-f50319201e80 advgb-accordion-wrapper\">\n<div class=\"wp-block-advgb-accordion-item advgb-accordion-item\" style=\"margin-bottom:15px\"><div class=\"advgb-accordion-header\" style=\"background-color:#FED41F;color:#0E1428;border-style:solid;border-width:1px;border-radius:2px\"><span class=\"advgb-accordion-header-icon\"><svg fill=\"#0E1428\" xmlns=\"http:\/\/www.w3.org\/2000\/svg\" width=\"24\" height=\"24\" viewbox=\"0 0 24 24\"><path fill=\"none\" d=\"M0,0h24v24H0V0z\"><\/path><path d=\"M19,13h-6v6h-2v-6H5v-2h6V5h2v6h6V13z\"><\/path><\/svg><\/span><h4 class=\"advgb-accordion-header-title\" style=\"color:inherit\">Livraison<\/h4><\/div><div class=\"advgb-accordion-body\" style=\"border-style:solid !important;border-width:1px !important;border-color:undefined !important;border-top:none !important;border-radius:2px !important\">\n<p>Wij bieden flexibele leveringsopties aan voor Belgi&euml;, Frankrijk en Luxemburg. Voor gedetailleerde levervoorwaarden, inclusief prijzen en toeslagen, verwijzen wij u naar onze <a href=\"https:\/\/www.praktivak.be\/fr\/informations-sur-la-livraison\/\">levervoorwaardenpagina<\/a>. <\/p>\n<\/div><\/div>\n<\/div>\n\n\n\n<div class=\"wp-block-advgb-accordions advgb-accordions-f47c458f-16f2-4284-b04b-b28938e9ffd2 advgb-accordion-wrapper\">\n<div class=\"wp-block-advgb-accordion-item advgb-accordion-item\" style=\"margin-bottom:15px\"><div class=\"advgb-accordion-header\" style=\"background-color:#FED41F;color:#0E1428;border-style:solid;border-width:1px;border-radius:2px\"><span class=\"advgb-accordion-header-icon\"><svg fill=\"#0E1428\" xmlns=\"http:\/\/www.w3.org\/2000\/svg\" width=\"24\" height=\"24\" viewbox=\"0 0 24 24\"><path fill=\"none\" d=\"M0,0h24v24H0V0z\"><\/path><path d=\"M19,13h-6v6h-2v-6H5v-2h6V5h2v6h6V13z\"><\/path><\/svg><\/span><h4 class=\"advgb-accordion-header-title\" style=\"color:inherit\">Commandes de liquides<\/h4><\/div><div class=\"advgb-accordion-body\" style=\"border-style:solid !important;border-width:1px !important;border-color:undefined !important;border-top:none !important;border-radius:2px !important\">\n<p>Pour les commandes de plus de 15 litres de liquide (par exemple alcool, eau d&eacute;min&eacute;ralis&eacute;e, sprays, etc.), un suppl&eacute;ment par litre sera factur&eacute; pour le transport et la documentation.<\/p>\n<\/div><\/div>\n<\/div>\n\n\n\n<div class=\"wp-block-advgb-accordions advgb-accordions-9c18123d-9904-40e6-829e-733949adca7c advgb-accordion-wrapper\">\n<div class=\"wp-block-advgb-accordion-item advgb-accordion-item\" style=\"margin-bottom:15px\"><div class=\"advgb-accordion-header\" style=\"background-color:#FED41F;color:#0E1428;border-style:solid;border-width:1px;border-radius:2px\"><span class=\"advgb-accordion-header-icon\"><svg fill=\"#0E1428\" xmlns=\"http:\/\/www.w3.org\/2000\/svg\" width=\"24\" height=\"24\" viewbox=\"0 0 24 24\"><path fill=\"none\" d=\"M0,0h24v24H0V0z\"><\/path><path d=\"M19,13h-6v6h-2v-6H5v-2h6V5h2v6h6V13z\"><\/path><\/svg><\/span><h4 class=\"advgb-accordion-header-title\" style=\"color:inherit\">Puis-je modifier ma commande ?<\/h4><\/div><div class=\"advgb-accordion-body\" style=\"border-style:solid !important;border-width:1px !important;border-color:undefined !important;border-top:none !important;border-radius:2px !important\">\n<p>Oui, vous pouvez modifier votre commande en contactant notre service client&egrave;le d&egrave;s que possible &agrave; l&rsquo;adresse info@praktivak.be ou par t&eacute;l&eacute;phone au (+32) 14 27 79 90.<\/p>\n<\/div><\/div>\n<\/div>\n\n\n\n<div class=\"wp-block-advgb-accordions advgb-accordions-01e8b86c-402e-40f6-a45f-61b95cc0ba6e advgb-accordion-wrapper\">\n<div class=\"wp-block-advgb-accordion-item advgb-accordion-item\" style=\"margin-bottom:15px\"><div class=\"advgb-accordion-header\" style=\"background-color:#FED41F;color:#0E1428;border-style:solid;border-width:1px;border-radius:2px\"><span class=\"advgb-accordion-header-icon\"><svg fill=\"#0E1428\" xmlns=\"http:\/\/www.w3.org\/2000\/svg\" width=\"24\" height=\"24\" viewbox=\"0 0 24 24\"><path fill=\"none\" d=\"M0,0h24v24H0V0z\"><\/path><path d=\"M19,13h-6v6h-2v-6H5v-2h6V5h2v6h6V13z\"><\/path><\/svg><\/span><h4 class=\"advgb-accordion-header-title\" style=\"color:inherit\">Quels sont les frais d&rsquo;exp&eacute;dition ?<\/h4><\/div><div class=\"advgb-accordion-body\" style=\"border-style:solid !important;border-width:1px !important;border-color:undefined !important;border-top:none !important;border-radius:2px !important\">\n<p>Les frais d&rsquo;exp&eacute;dition d&eacute;pendent du poids de la commande et de la destination. Pour des informations sp&eacute;cifiques, veuillez consulter notre <a href=\"https:\/\/www.praktivak.be\/fr\/informations-sur-la-livraison\/\">page sur les conditions de livraison<\/a>. <\/p>\n<\/div><\/div>\n<\/div>\n\n\n\n<div class=\"wp-block-advgb-accordions advgb-accordions-cebe26b1-9df1-4de4-a982-635746ee120d advgb-accordion-wrapper\">\n<div class=\"wp-block-advgb-accordion-item advgb-accordion-item\" style=\"margin-bottom:15px\"><div class=\"advgb-accordion-header\" style=\"background-color:#FED41F;color:#0E1428;border-style:solid;border-width:1px;border-radius:2px\"><span class=\"advgb-accordion-header-icon\"><svg fill=\"#0E1428\" xmlns=\"http:\/\/www.w3.org\/2000\/svg\" width=\"24\" height=\"24\" viewbox=\"0 0 24 24\"><path fill=\"none\" d=\"M0,0h24v24H0V0z\"><\/path><path d=\"M19,13h-6v6h-2v-6H5v-2h6V5h2v6h6V13z\"><\/path><\/svg><\/span><h4 class=\"advgb-accordion-header-title\" style=\"color:inherit\">Offrez-vous des frais de port gratuits ?<\/h4><\/div><div class=\"advgb-accordion-body\" style=\"border-style:solid !important;border-width:1px !important;border-color:undefined !important;border-top:none !important;border-radius:2px !important\">\n<p>Oui, nous offrons la livraison gratuite pour les commandes sup&eacute;rieures &agrave; un certain montant, hors TVA. Veuillez consulter nos conditions de livraison pour conna&icirc;tre les montants seuils exacts par pays. <\/p>\n<\/div><\/div>\n<\/div>\n\n\n\n<div class=\"wp-block-advgb-accordions advgb-accordions-8df5d416-61c6-4c3c-81a1-7d60b25fbd30 advgb-accordion-wrapper\">\n<div class=\"wp-block-advgb-accordion-item advgb-accordion-item\" style=\"margin-bottom:15px\"><div class=\"advgb-accordion-header\" style=\"background-color:#FED41F;color:#0E1428;border-style:solid;border-width:1px;border-radius:2px\"><span class=\"advgb-accordion-header-icon\"><svg fill=\"#0E1428\" xmlns=\"http:\/\/www.w3.org\/2000\/svg\" width=\"24\" height=\"24\" viewbox=\"0 0 24 24\"><path fill=\"none\" d=\"M0,0h24v24H0V0z\"><\/path><path d=\"M19,13h-6v6h-2v-6H5v-2h6V5h2v6h6V13z\"><\/path><\/svg><\/span><h4 class=\"advgb-accordion-header-title\" style=\"color:inherit\">Que dois-je faire si ma commande est arriv&eacute;e endommag&eacute;e ?<\/h4><\/div><div class=\"advgb-accordion-body\" style=\"border-style:solid !important;border-width:1px !important;border-color:undefined !important;border-top:none !important;border-radius:2px !important\">\n<p>Contactez imm&eacute;diatement notre service client&egrave;le &agrave; l&rsquo;adresse info@praktivak.be ou par t&eacute;l&eacute;phone au (+32) 14 27 79 90 et fournissez des d&eacute;tails sur les dommages. Nous vous aiderons &agrave; retourner les produits et &agrave; obtenir des produits de remplacement. <\/p>\n<\/div><\/div>\n<\/div>\n<\/div>\n<\/div><\/div>\n\n<p><\/p>\n\n","protected":false},"excerpt":{"rendered":"","protected":false},"author":1,"featured_media":0,"parent":0,"menu_order":0,"comment_status":"closed","ping_status":"closed","template":"","meta":{"_acf_changed":false,"_relevanssi_hide_post":"","_relevanssi_hide_content":"","_relevanssi_pin_for_all":"","_relevanssi_pin_keywords":"","_relevanssi_unpin_keywords":"","_relevanssi_related_keywords":"","_relevanssi_related_include_ids":"","_relevanssi_related_exclude_ids":"","_relevanssi_related_no_append":"","_relevanssi_related_not_related":"","_relevanssi_related_posts":"","_relevanssi_noindex_reason":"","advgb_blocks_editor_width":"","advgb_blocks_columns_visual_guide":"","footnotes":""},"class_list":["post-246","page","type-page","status-publish","hentry"],"acf":[],"yoast_head":"<!-- This site is optimized with the Yoast SEO plugin v27.2 - https:\/\/yoast.com\/product\/yoast-seo-wordpress\/ -->\n<title>Commander chez Praktivak - Praktivak<\/title>\n<meta name=\"robots\" content=\"index, follow, max-snippet:-1, max-image-preview:large, max-video-preview:-1\" \/>\n<link rel=\"canonical\" href=\"https:\/\/www.praktivak.be\/fr\/commander-aupres-de-praktivak\/\" \/>\n<meta property=\"og:locale\" content=\"fr_FR\" \/>\n<meta property=\"og:type\" content=\"article\" \/>\n<meta property=\"og:title\" content=\"Commander chez Praktivak - Praktivak\" \/>\n<meta property=\"og:url\" content=\"https:\/\/www.praktivak.be\/fr\/commander-aupres-de-praktivak\/\" \/>\n<meta property=\"og:site_name\" content=\"Praktivak\" \/>\n<meta property=\"article:modified_time\" content=\"2025-08-14T09:41:48+00:00\" \/>\n<meta property=\"og:image\" content=\"https:\/\/www.praktivak.be\/wp-content\/uploads\/2024\/09\/dee.png\" \/>\n\t<meta property=\"og:image:width\" content=\"1920\" \/>\n\t<meta property=\"og:image:height\" content=\"364\" \/>\n\t<meta property=\"og:image:type\" content=\"image\/png\" \/>\n<meta name=\"twitter:card\" content=\"summary_large_image\" \/>\n<meta name=\"twitter:label1\" content=\"Dur\u00e9e de lecture estim\u00e9e\" \/>\n\t<meta name=\"twitter:data1\" content=\"2 minutes\" \/>\n<script type=\"application\/ld+json\" class=\"yoast-schema-graph\">{\"@context\":\"https:\/\/schema.org\",\"@graph\":[{\"@type\":\"WebPage\",\"@id\":\"https:\/\/www.praktivak.be\/fr\/commander-aupres-de-praktivak\/\",\"url\":\"https:\/\/www.praktivak.be\/fr\/commander-aupres-de-praktivak\/\",\"name\":\"Commander chez Praktivak - Praktivak\",\"isPartOf\":{\"@id\":\"https:\/\/www.praktivak.be\/fr\/#website\"},\"primaryImageOfPage\":{\"@id\":\"https:\/\/www.praktivak.be\/fr\/commander-aupres-de-praktivak\/#primaryimage\"},\"image\":{\"@id\":\"https:\/\/www.praktivak.be\/fr\/commander-aupres-de-praktivak\/#primaryimage\"},\"thumbnailUrl\":\"https:\/\/www.praktivak.be\/wp-content\/uploads\/2024\/09\/dee.png\",\"datePublished\":\"2024-09-26T09:23:46+00:00\",\"dateModified\":\"2025-08-14T09:41:48+00:00\",\"breadcrumb\":{\"@id\":\"https:\/\/www.praktivak.be\/fr\/commander-aupres-de-praktivak\/#breadcrumb\"},\"inLanguage\":\"fr-FR\",\"potentialAction\":[{\"@type\":\"ReadAction\",\"target\":[\"https:\/\/www.praktivak.be\/fr\/commander-aupres-de-praktivak\/\"]}]},{\"@type\":\"ImageObject\",\"inLanguage\":\"fr-FR\",\"@id\":\"https:\/\/www.praktivak.be\/fr\/commander-aupres-de-praktivak\/#primaryimage\",\"url\":\"https:\/\/www.praktivak.be\/wp-content\/uploads\/2024\/09\/dee.png\",\"contentUrl\":\"https:\/\/www.praktivak.be\/wp-content\/uploads\/2024\/09\/dee.png\"},{\"@type\":\"BreadcrumbList\",\"@id\":\"https:\/\/www.praktivak.be\/fr\/commander-aupres-de-praktivak\/#breadcrumb\",\"itemListElement\":[{\"@type\":\"ListItem\",\"position\":1,\"name\":\"Home\",\"item\":\"https:\/\/www.praktivak.be\/fr\/\"},{\"@type\":\"ListItem\",\"position\":2,\"name\":\"Commander chez Praktivak\"}]},{\"@type\":\"WebSite\",\"@id\":\"https:\/\/www.praktivak.be\/fr\/#website\",\"url\":\"https:\/\/www.praktivak.be\/fr\/\",\"name\":\"Praktivak\",\"description\":\"\",\"publisher\":{\"@id\":\"https:\/\/www.praktivak.be\/fr\/#organization\"},\"potentialAction\":[{\"@type\":\"SearchAction\",\"target\":{\"@type\":\"EntryPoint\",\"urlTemplate\":\"https:\/\/www.praktivak.be\/fr\/?s={search_term_string}\"},\"query-input\":{\"@type\":\"PropertyValueSpecification\",\"valueRequired\":true,\"valueName\":\"search_term_string\"}}],\"inLanguage\":\"fr-FR\"},{\"@type\":\"Organization\",\"@id\":\"https:\/\/www.praktivak.be\/fr\/#organization\",\"name\":\"Praktivak\",\"url\":\"https:\/\/www.praktivak.be\/fr\/\",\"logo\":{\"@type\":\"ImageObject\",\"inLanguage\":\"fr-FR\",\"@id\":\"https:\/\/www.praktivak.be\/fr\/#\/schema\/logo\/image\/\",\"url\":\"https:\/\/www.praktivak.be\/wp-content\/uploads\/2024\/09\/Logo.png\",\"contentUrl\":\"https:\/\/www.praktivak.be\/wp-content\/uploads\/2024\/09\/Logo.png\",\"width\":1774,\"height\":337,\"caption\":\"Praktivak\"},\"image\":{\"@id\":\"https:\/\/www.praktivak.be\/fr\/#\/schema\/logo\/image\/\"}}]}<\/script>\n<!-- \/ Yoast SEO plugin. -->","yoast_head_json":{"title":"Commander chez Praktivak - Praktivak","robots":{"index":"index","follow":"follow","max-snippet":"max-snippet:-1","max-image-preview":"max-image-preview:large","max-video-preview":"max-video-preview:-1"},"canonical":"https:\/\/www.praktivak.be\/fr\/commander-aupres-de-praktivak\/","og_locale":"fr_FR","og_type":"article","og_title":"Commander chez Praktivak - Praktivak","og_url":"https:\/\/www.praktivak.be\/fr\/commander-aupres-de-praktivak\/","og_site_name":"Praktivak","article_modified_time":"2025-08-14T09:41:48+00:00","og_image":[{"width":1920,"height":364,"url":"https:\/\/www.praktivak.be\/wp-content\/uploads\/2024\/09\/dee.png","type":"image\/png"}],"twitter_card":"summary_large_image","twitter_misc":{"Dur\u00e9e de lecture estim\u00e9e":"2 minutes"},"schema":{"@context":"https:\/\/schema.org","@graph":[{"@type":"WebPage","@id":"https:\/\/www.praktivak.be\/fr\/commander-aupres-de-praktivak\/","url":"https:\/\/www.praktivak.be\/fr\/commander-aupres-de-praktivak\/","name":"Commander chez Praktivak - Praktivak","isPartOf":{"@id":"https:\/\/www.praktivak.be\/fr\/#website"},"primaryImageOfPage":{"@id":"https:\/\/www.praktivak.be\/fr\/commander-aupres-de-praktivak\/#primaryimage"},"image":{"@id":"https:\/\/www.praktivak.be\/fr\/commander-aupres-de-praktivak\/#primaryimage"},"thumbnailUrl":"https:\/\/www.praktivak.be\/wp-content\/uploads\/2024\/09\/dee.png","datePublished":"2024-09-26T09:23:46+00:00","dateModified":"2025-08-14T09:41:48+00:00","breadcrumb":{"@id":"https:\/\/www.praktivak.be\/fr\/commander-aupres-de-praktivak\/#breadcrumb"},"inLanguage":"fr-FR","potentialAction":[{"@type":"ReadAction","target":["https:\/\/www.praktivak.be\/fr\/commander-aupres-de-praktivak\/"]}]},{"@type":"ImageObject","inLanguage":"fr-FR","@id":"https:\/\/www.praktivak.be\/fr\/commander-aupres-de-praktivak\/#primaryimage","url":"https:\/\/www.praktivak.be\/wp-content\/uploads\/2024\/09\/dee.png","contentUrl":"https:\/\/www.praktivak.be\/wp-content\/uploads\/2024\/09\/dee.png"},{"@type":"BreadcrumbList","@id":"https:\/\/www.praktivak.be\/fr\/commander-aupres-de-praktivak\/#breadcrumb","itemListElement":[{"@type":"ListItem","position":1,"name":"Home","item":"https:\/\/www.praktivak.be\/fr\/"},{"@type":"ListItem","position":2,"name":"Commander chez Praktivak"}]},{"@type":"WebSite","@id":"https:\/\/www.praktivak.be\/fr\/#website","url":"https:\/\/www.praktivak.be\/fr\/","name":"Praktivak","description":"","publisher":{"@id":"https:\/\/www.praktivak.be\/fr\/#organization"},"potentialAction":[{"@type":"SearchAction","target":{"@type":"EntryPoint","urlTemplate":"https:\/\/www.praktivak.be\/fr\/?s={search_term_string}"},"query-input":{"@type":"PropertyValueSpecification","valueRequired":true,"valueName":"search_term_string"}}],"inLanguage":"fr-FR"},{"@type":"Organization","@id":"https:\/\/www.praktivak.be\/fr\/#organization","name":"Praktivak","url":"https:\/\/www.praktivak.be\/fr\/","logo":{"@type":"ImageObject","inLanguage":"fr-FR","@id":"https:\/\/www.praktivak.be\/fr\/#\/schema\/logo\/image\/","url":"https:\/\/www.praktivak.be\/wp-content\/uploads\/2024\/09\/Logo.png","contentUrl":"https:\/\/www.praktivak.be\/wp-content\/uploads\/2024\/09\/Logo.png","width":1774,"height":337,"caption":"Praktivak"},"image":{"@id":"https:\/\/www.praktivak.be\/fr\/#\/schema\/logo\/image\/"}}]}},"coauthors":[],"author_meta":{"author_link":"https:\/\/www.praktivak.be\/fr\/author\/madeit\/","display_name":"Tjebbe Lievens"},"relative_dates":{"created":"Publi\u00e9 2 ans il y a","modified":"Mis \u00e0 jour 8 mois il y a"},"absolute_dates":{"created":"Publi\u00e9 le 26 septembre 2024","modified":"Mise \u00e0 jour le 14 ao\u00fbt 2025"},"absolute_dates_time":{"created":"Publi\u00e9 le 26 septembre 2024 11h23","modified":"Mise \u00e0 jour le 14 ao\u00fbt 2025 11h41"},"featured_img_caption":"","featured_img":false,"series_order":"","_links":{"self":[{"href":"https:\/\/www.praktivak.be\/fr\/wp-json\/wp\/v2\/pages\/246","targetHints":{"allow":["GET"]}}],"collection":[{"href":"https:\/\/www.praktivak.be\/fr\/wp-json\/wp\/v2\/pages"}],"about":[{"href":"https:\/\/www.praktivak.be\/fr\/wp-json\/wp\/v2\/types\/page"}],"author":[{"embeddable":true,"href":"https:\/\/www.praktivak.be\/fr\/wp-json\/wp\/v2\/users\/1"}],"replies":[{"embeddable":true,"href":"https:\/\/www.praktivak.be\/fr\/wp-json\/wp\/v2\/comments?post=246"}],"version-history":[{"count":12,"href":"https:\/\/www.praktivak.be\/fr\/wp-json\/wp\/v2\/pages\/246\/revisions"}],"predecessor-version":[{"id":156927,"href":"https:\/\/www.praktivak.be\/fr\/wp-json\/wp\/v2\/pages\/246\/revisions\/156927"}],"wp:attachment":[{"href":"https:\/\/www.praktivak.be\/fr\/wp-json\/wp\/v2\/media?parent=246"}],"curies":[{"name":"wp","href":"https:\/\/api.w.org\/{rel}","templated":true}]}}