

{"id":220,"date":"2024-09-26T11:06:22","date_gmt":"2024-09-26T09:06:22","guid":{"rendered":"https:\/\/www.praktivak.be\/informations-sur-la-livraison\/"},"modified":"2025-08-22T16:05:49","modified_gmt":"2025-08-22T14:05:49","slug":"informations-sur-la-livraison","status":"publish","type":"page","link":"https:\/\/www.praktivak.be\/fr\/informations-sur-la-livraison\/","title":{"rendered":"Informations sur la livraison"},"content":{"rendered":"\n<div class=\"wp-block-madeit-block-content container-fluid\"><div class=\"row\">\n<div class=\"wp-block-madeit-block-content-column col-12 col-lg-12\" style=\"padding-top:0px;padding-bottom:0px;padding-left:0px;padding-right:0px\">\n<div class=\"wp-block-cover is-light\"><img loading=\"lazy\" decoding=\"async\" width=\"1920\" height=\"364\" class=\"wp-block-cover__image-background wp-image-227\" alt=\"\" src=\"https:\/\/www.praktivak.be\/wp-content\/uploads\/2024\/09\/dee.png\" style=\"object-position:0% 59%\" data-object-fit=\"cover\" data-object-position=\"0% 59%\"><span aria-hidden=\"true\" class=\"wp-block-cover__background has-background-dim-0 has-background-dim\" style=\"background-color:#fed42a\"><\/span><div class=\"wp-block-cover__inner-container is-layout-constrained wp-block-cover-is-layout-constrained\">\n<div class=\"wp-block-madeit-block-content container\"><div class=\"row\">\n<div class=\"wp-block-madeit-block-content-column col-12 col-lg-12\">\n<h1 class=\"wp-block-heading\">Informations sur la livraison<\/h1>\n\n\n\n<div style=\"height:20px\" aria-hidden=\"true\" class=\"wp-block-spacer\"><\/div>\n\n\n\n<p>Chez Praktivak, nous nous effor&ccedil;ons de vous livrer vos commandes le plus <strong>rapidement et le plus efficacement<\/strong> possible. <br>Vous trouverez ci-dessous <strong>toutes les informations utiles<\/strong> sur nos conditions de livraison. <br>Nos conditions de livraison varient d&rsquo;un pays &agrave; l&rsquo;autre, de sorte que vous b&eacute;n&eacute;ficiez toujours d&rsquo;un service sur mesure.<\/p>\n<\/div>\n<\/div><\/div>\n<\/div><\/div>\n<\/div>\n<\/div><\/div>\n\n<div class=\"wp-block-madeit-block-content container\" style=\"margin-top:50px;margin-bottom:50px\"><div class=\"row\">\n<div class=\"wp-block-madeit-block-content-column col-12 col-lg-12\">\n<div class=\"wp-block-advgb-accordions advgb-accordions-8a551e55-67f5-450f-a422-4b179a0d00e1 advgb-accordion-wrapper\">\n<div class=\"wp-block-advgb-accordion-item advgb-accordion-item\" style=\"margin-bottom:15px\"><div class=\"advgb-accordion-header\" style=\"background-color:#FED41F;color:#0E1428;border-style:solid;border-width:1px;border-radius:2px\"><span class=\"advgb-accordion-header-icon accordion-state\"><svg class=\"advgb-icon-closed\" fill=\"#0E1428\" xmlns=\"http:\/\/www.w3.org\/2000\/svg\" width=\"24\" height=\"24\" viewbox=\"0 0 24 24\"><path fill=\"none\" d=\"M0,0h24v24H0V0z\"><\/path><path d=\"M19,13h-6v6h-2v-6H5v-2h6V5h2v6h6V13z\"><\/path><\/svg><svg class=\"advgb-icon-opened\" fill=\"#0E1428\" xmlns=\"http:\/\/www.w3.org\/2000\/svg\" width=\"24\" height=\"24\" viewbox=\"0 0 24 24\"><path fill=\"none\" d=\"M0,0h24v24H0V0z\"><\/path><path d=\"M19,13H5v-2h14V13z\"><\/path><\/svg><\/span><h4 class=\"advgb-accordion-header-title\" style=\"color:inherit\">Livraisons en Belgique<\/h4><\/div><div class=\"advgb-accordion-body\" style=\"border-style:solid !important;border-width:1px !important;border-color:undefined !important;border-top:none !important;border-radius:2px !important\">\n<p><strong>Pour les envois plus volumineux qui ne peuvent &ecirc;tre exp&eacute;di&eacute;s par la poste :<\/strong><br>&ndash; Service propre : &euro; 80 hors TVA<br>&ndash; Service de palettes : prix en fonction du nombre de kilom&egrave;tres depuis Turnhout <\/p>\n\n\n\n<p><strong>Pour les envois pouvant &ecirc;tre exp&eacute;di&eacute;s par la poste :<\/strong><br>&ndash; Pour plus de 15 litres de liquide : un suppl&eacute;ment de &euro; 0,50 hors TVA par litre* s&rsquo;applique.<br>&ndash; &Agrave; partir de &euro; 100 hors TVA : livraison gratuite, sauf pour les liquides, pour lesquels seul le suppl&eacute;ment pour liquides s&rsquo;applique.<br>&ndash; Autres : &euro; 10 hors TVA par colis.   <\/p>\n\n\n\n<p>* le suppl&eacute;ment peut varier selon le produit<\/p>\n<\/div><\/div>\n<\/div>\n\n\n\n<div class=\"wp-block-advgb-accordions advgb-accordions-5df430f3-6ffd-4070-8fbc-ace4e6f86146 advgb-accordion-wrapper\">\n<div class=\"wp-block-advgb-accordion-item advgb-accordion-item\" style=\"margin-bottom:15px\"><div class=\"advgb-accordion-header\" style=\"background-color:#FED41F;color:#0E1428;border-style:solid;border-width:1px;border-radius:2px\"><span class=\"advgb-accordion-header-icon accordion-state\"><svg class=\"advgb-icon-closed\" fill=\"#0E1428\" xmlns=\"http:\/\/www.w3.org\/2000\/svg\" width=\"24\" height=\"24\" viewbox=\"0 0 24 24\"><path fill=\"none\" d=\"M0,0h24v24H0V0z\"><\/path><path d=\"M19,13h-6v6h-2v-6H5v-2h6V5h2v6h6V13z\"><\/path><\/svg><svg class=\"advgb-icon-opened\" fill=\"#0E1428\" xmlns=\"http:\/\/www.w3.org\/2000\/svg\" width=\"24\" height=\"24\" viewbox=\"0 0 24 24\"><path fill=\"none\" d=\"M0,0h24v24H0V0z\"><\/path><path d=\"M19,13H5v-2h14V13z\"><\/path><\/svg><\/span><h4 class=\"advgb-accordion-header-title\" style=\"color:inherit\">Livraisons en France (hors Corse et DOM-TOM)<\/h4><\/div><div class=\"advgb-accordion-body\" style=\"border-style:solid !important;border-width:1px !important;border-color:undefined !important;border-top:none !important;border-radius:2px !important\">\n<p><strong>Pour les envois plus volumineux qui ne peuvent &ecirc;tre exp&eacute;di&eacute;s par la poste :<\/strong><br>&ndash; Service propre : &euro; 150 hors TVA, livraison possible dans le nord de la France jusqu&rsquo;&agrave; 400 km maximum de Turnhout, mais pas dans le centre-ville de Paris<br>&ndash; Service de palettes : prix en fonction du nombre de kilom&egrave;tres depuis Turnhout <\/p>\n\n\n\n<p><strong>Pour les envois pouvant &ecirc;tre exp&eacute;di&eacute;s par la poste :<\/strong><br>&ndash; Pour plus de 10 litres de liquide : un suppl&eacute;ment de &euro; 0,75 hors TVA par litre* s&rsquo;applique. <\/p>\n\n\n\n<p>* le suppl&eacute;ment peut varier selon le produit<\/p>\n\n\n\n<p><strong>Jusqu&rsquo;&agrave; 10 kg :<\/strong><br>&ndash; Frais d&rsquo;exp&eacute;dition : &euro; 15 hors TVA. <br>&ndash; &Agrave; partir de &euro; 200 hors TVA : livraison gratuite, sauf pour les liquides, pour lesquels seul le suppl&eacute;ment pour liquides s&rsquo;applique. <\/p>\n\n\n\n<p><strong>De 10 kg &agrave; 30 kg :<\/strong><br>&ndash; Frais d&rsquo;exp&eacute;dition : &euro; 25 hors TVA. <br>&ndash; &Agrave; partir de &euro; 400 hors TVA : livraison gratuite, sauf pour les liquides, pour lesquels seul le suppl&eacute;ment pour liquides s&rsquo;applique. <\/p>\n<\/div><\/div>\n<\/div>\n\n\n\n<div class=\"wp-block-advgb-accordions advgb-accordions-7d476cf9-fcc8-41db-aec5-7305966dbb17 advgb-accordion-wrapper\">\n<div class=\"wp-block-advgb-accordion-item advgb-accordion-item\" style=\"margin-bottom:15px\"><div class=\"advgb-accordion-header\" style=\"background-color:#FED41F;color:#0E1428;border-style:solid;border-width:1px;border-radius:2px\"><span class=\"advgb-accordion-header-icon accordion-state\"><svg class=\"advgb-icon-closed\" fill=\"#0E1428\" xmlns=\"http:\/\/www.w3.org\/2000\/svg\" width=\"24\" height=\"24\" viewbox=\"0 0 24 24\"><path fill=\"none\" d=\"M0,0h24v24H0V0z\"><\/path><path d=\"M19,13h-6v6h-2v-6H5v-2h6V5h2v6h6V13z\"><\/path><\/svg><svg class=\"advgb-icon-opened\" fill=\"#0E1428\" xmlns=\"http:\/\/www.w3.org\/2000\/svg\" width=\"24\" height=\"24\" viewbox=\"0 0 24 24\"><path fill=\"none\" d=\"M0,0h24v24H0V0z\"><\/path><path d=\"M19,13H5v-2h14V13z\"><\/path><\/svg><\/span><h4 class=\"advgb-accordion-header-title\" style=\"color:inherit\">Livraisons au Luxembourg<\/h4><\/div><div class=\"advgb-accordion-body\" style=\"border-style:solid !important;border-width:1px !important;border-color:undefined !important;border-top:none !important;border-radius:2px !important\">\n<p><strong>Pour les envois plus volumineux qui ne peuvent &ecirc;tre exp&eacute;di&eacute;s par la poste :<\/strong><br>&ndash; Service propre : &euro; 160 hors TVA<br>&ndash; Service de palettes : prix en fonction du nombre de kilom&egrave;tres depuis Turnhout <\/p>\n\n\n\n<p><strong>Pour les envois pouvant &ecirc;tre exp&eacute;di&eacute;s par la poste :<\/strong><br>&ndash; Pour plus de 15 litres de liquide : un suppl&eacute;ment de &euro; 0,75 hors TVA par litre* s&rsquo;applique. <\/p>\n\n\n\n<p>&ndash; &Agrave; partir de &euro; 200 hors TVA : livraison gratuite, sauf pour les liquides, pour lesquels seul le suppl&eacute;ment pour liquides s&rsquo;applique. <\/p>\n\n\n\n<p>&ndash; Autre : frais d&rsquo;exp&eacute;dition de &euro; 15 hors TVA par colis <\/p>\n\n\n\n<p>* le suppl&eacute;ment peut varier selon le produit<\/p>\n<\/div><\/div>\n<\/div>\n<\/div>\n<\/div><\/div>\n\n<p><\/p>\n\n","protected":false},"excerpt":{"rendered":"","protected":false},"author":1,"featured_media":0,"parent":0,"menu_order":0,"comment_status":"closed","ping_status":"closed","template":"","meta":{"_acf_changed":false,"_relevanssi_hide_post":"","_relevanssi_hide_content":"","_relevanssi_pin_for_all":"","_relevanssi_pin_keywords":"","_relevanssi_unpin_keywords":"","_relevanssi_related_keywords":"","_relevanssi_related_include_ids":"","_relevanssi_related_exclude_ids":"","_relevanssi_related_no_append":"","_relevanssi_related_not_related":"","_relevanssi_related_posts":"","_relevanssi_noindex_reason":"","advgb_blocks_editor_width":"","advgb_blocks_columns_visual_guide":"","footnotes":""},"class_list":["post-220","page","type-page","status-publish","hentry"],"acf":[],"yoast_head":"<!-- This site is optimized with the Yoast SEO plugin v27.2 - https:\/\/yoast.com\/product\/yoast-seo-wordpress\/ -->\n<title>Informations sur la livraison - Praktivak<\/title>\n<meta name=\"robots\" content=\"index, follow, max-snippet:-1, max-image-preview:large, max-video-preview:-1\" \/>\n<link rel=\"canonical\" href=\"https:\/\/www.praktivak.be\/fr\/informations-sur-la-livraison\/\" \/>\n<meta property=\"og:locale\" content=\"fr_FR\" \/>\n<meta property=\"og:type\" content=\"article\" \/>\n<meta property=\"og:title\" content=\"Informations sur la livraison - Praktivak\" \/>\n<meta property=\"og:url\" content=\"https:\/\/www.praktivak.be\/fr\/informations-sur-la-livraison\/\" \/>\n<meta property=\"og:site_name\" content=\"Praktivak\" \/>\n<meta property=\"article:modified_time\" content=\"2025-08-22T14:05:49+00:00\" \/>\n<meta property=\"og:image\" content=\"https:\/\/www.praktivak.be\/wp-content\/uploads\/2024\/09\/dee.png\" \/>\n\t<meta property=\"og:image:width\" content=\"1920\" \/>\n\t<meta property=\"og:image:height\" content=\"364\" \/>\n\t<meta property=\"og:image:type\" content=\"image\/png\" \/>\n<meta name=\"twitter:card\" content=\"summary_large_image\" \/>\n<meta name=\"twitter:label1\" content=\"Dur\u00e9e de lecture estim\u00e9e\" \/>\n\t<meta name=\"twitter:data1\" content=\"2 minutes\" \/>\n<script type=\"application\/ld+json\" class=\"yoast-schema-graph\">{\"@context\":\"https:\/\/schema.org\",\"@graph\":[{\"@type\":\"WebPage\",\"@id\":\"https:\/\/www.praktivak.be\/fr\/informations-sur-la-livraison\/\",\"url\":\"https:\/\/www.praktivak.be\/fr\/informations-sur-la-livraison\/\",\"name\":\"Informations sur la livraison - Praktivak\",\"isPartOf\":{\"@id\":\"https:\/\/www.praktivak.be\/fr\/#website\"},\"primaryImageOfPage\":{\"@id\":\"https:\/\/www.praktivak.be\/fr\/informations-sur-la-livraison\/#primaryimage\"},\"image\":{\"@id\":\"https:\/\/www.praktivak.be\/fr\/informations-sur-la-livraison\/#primaryimage\"},\"thumbnailUrl\":\"https:\/\/www.praktivak.be\/wp-content\/uploads\/2024\/09\/dee.png\",\"datePublished\":\"2024-09-26T09:06:22+00:00\",\"dateModified\":\"2025-08-22T14:05:49+00:00\",\"breadcrumb\":{\"@id\":\"https:\/\/www.praktivak.be\/fr\/informations-sur-la-livraison\/#breadcrumb\"},\"inLanguage\":\"fr-FR\",\"potentialAction\":[{\"@type\":\"ReadAction\",\"target\":[\"https:\/\/www.praktivak.be\/fr\/informations-sur-la-livraison\/\"]}]},{\"@type\":\"ImageObject\",\"inLanguage\":\"fr-FR\",\"@id\":\"https:\/\/www.praktivak.be\/fr\/informations-sur-la-livraison\/#primaryimage\",\"url\":\"https:\/\/www.praktivak.be\/wp-content\/uploads\/2024\/09\/dee.png\",\"contentUrl\":\"https:\/\/www.praktivak.be\/wp-content\/uploads\/2024\/09\/dee.png\"},{\"@type\":\"BreadcrumbList\",\"@id\":\"https:\/\/www.praktivak.be\/fr\/informations-sur-la-livraison\/#breadcrumb\",\"itemListElement\":[{\"@type\":\"ListItem\",\"position\":1,\"name\":\"Home\",\"item\":\"https:\/\/www.praktivak.be\/fr\/\"},{\"@type\":\"ListItem\",\"position\":2,\"name\":\"Informations sur la livraison\"}]},{\"@type\":\"WebSite\",\"@id\":\"https:\/\/www.praktivak.be\/fr\/#website\",\"url\":\"https:\/\/www.praktivak.be\/fr\/\",\"name\":\"Praktivak\",\"description\":\"\",\"publisher\":{\"@id\":\"https:\/\/www.praktivak.be\/fr\/#organization\"},\"potentialAction\":[{\"@type\":\"SearchAction\",\"target\":{\"@type\":\"EntryPoint\",\"urlTemplate\":\"https:\/\/www.praktivak.be\/fr\/?s={search_term_string}\"},\"query-input\":{\"@type\":\"PropertyValueSpecification\",\"valueRequired\":true,\"valueName\":\"search_term_string\"}}],\"inLanguage\":\"fr-FR\"},{\"@type\":\"Organization\",\"@id\":\"https:\/\/www.praktivak.be\/fr\/#organization\",\"name\":\"Praktivak\",\"url\":\"https:\/\/www.praktivak.be\/fr\/\",\"logo\":{\"@type\":\"ImageObject\",\"inLanguage\":\"fr-FR\",\"@id\":\"https:\/\/www.praktivak.be\/fr\/#\/schema\/logo\/image\/\",\"url\":\"https:\/\/www.praktivak.be\/wp-content\/uploads\/2024\/09\/Logo.png\",\"contentUrl\":\"https:\/\/www.praktivak.be\/wp-content\/uploads\/2024\/09\/Logo.png\",\"width\":1774,\"height\":337,\"caption\":\"Praktivak\"},\"image\":{\"@id\":\"https:\/\/www.praktivak.be\/fr\/#\/schema\/logo\/image\/\"}}]}<\/script>\n<!-- \/ Yoast SEO plugin. -->","yoast_head_json":{"title":"Informations sur la livraison - Praktivak","robots":{"index":"index","follow":"follow","max-snippet":"max-snippet:-1","max-image-preview":"max-image-preview:large","max-video-preview":"max-video-preview:-1"},"canonical":"https:\/\/www.praktivak.be\/fr\/informations-sur-la-livraison\/","og_locale":"fr_FR","og_type":"article","og_title":"Informations sur la livraison - Praktivak","og_url":"https:\/\/www.praktivak.be\/fr\/informations-sur-la-livraison\/","og_site_name":"Praktivak","article_modified_time":"2025-08-22T14:05:49+00:00","og_image":[{"width":1920,"height":364,"url":"https:\/\/www.praktivak.be\/wp-content\/uploads\/2024\/09\/dee.png","type":"image\/png"}],"twitter_card":"summary_large_image","twitter_misc":{"Dur\u00e9e de lecture estim\u00e9e":"2 minutes"},"schema":{"@context":"https:\/\/schema.org","@graph":[{"@type":"WebPage","@id":"https:\/\/www.praktivak.be\/fr\/informations-sur-la-livraison\/","url":"https:\/\/www.praktivak.be\/fr\/informations-sur-la-livraison\/","name":"Informations sur la livraison - Praktivak","isPartOf":{"@id":"https:\/\/www.praktivak.be\/fr\/#website"},"primaryImageOfPage":{"@id":"https:\/\/www.praktivak.be\/fr\/informations-sur-la-livraison\/#primaryimage"},"image":{"@id":"https:\/\/www.praktivak.be\/fr\/informations-sur-la-livraison\/#primaryimage"},"thumbnailUrl":"https:\/\/www.praktivak.be\/wp-content\/uploads\/2024\/09\/dee.png","datePublished":"2024-09-26T09:06:22+00:00","dateModified":"2025-08-22T14:05:49+00:00","breadcrumb":{"@id":"https:\/\/www.praktivak.be\/fr\/informations-sur-la-livraison\/#breadcrumb"},"inLanguage":"fr-FR","potentialAction":[{"@type":"ReadAction","target":["https:\/\/www.praktivak.be\/fr\/informations-sur-la-livraison\/"]}]},{"@type":"ImageObject","inLanguage":"fr-FR","@id":"https:\/\/www.praktivak.be\/fr\/informations-sur-la-livraison\/#primaryimage","url":"https:\/\/www.praktivak.be\/wp-content\/uploads\/2024\/09\/dee.png","contentUrl":"https:\/\/www.praktivak.be\/wp-content\/uploads\/2024\/09\/dee.png"},{"@type":"BreadcrumbList","@id":"https:\/\/www.praktivak.be\/fr\/informations-sur-la-livraison\/#breadcrumb","itemListElement":[{"@type":"ListItem","position":1,"name":"Home","item":"https:\/\/www.praktivak.be\/fr\/"},{"@type":"ListItem","position":2,"name":"Informations sur la livraison"}]},{"@type":"WebSite","@id":"https:\/\/www.praktivak.be\/fr\/#website","url":"https:\/\/www.praktivak.be\/fr\/","name":"Praktivak","description":"","publisher":{"@id":"https:\/\/www.praktivak.be\/fr\/#organization"},"potentialAction":[{"@type":"SearchAction","target":{"@type":"EntryPoint","urlTemplate":"https:\/\/www.praktivak.be\/fr\/?s={search_term_string}"},"query-input":{"@type":"PropertyValueSpecification","valueRequired":true,"valueName":"search_term_string"}}],"inLanguage":"fr-FR"},{"@type":"Organization","@id":"https:\/\/www.praktivak.be\/fr\/#organization","name":"Praktivak","url":"https:\/\/www.praktivak.be\/fr\/","logo":{"@type":"ImageObject","inLanguage":"fr-FR","@id":"https:\/\/www.praktivak.be\/fr\/#\/schema\/logo\/image\/","url":"https:\/\/www.praktivak.be\/wp-content\/uploads\/2024\/09\/Logo.png","contentUrl":"https:\/\/www.praktivak.be\/wp-content\/uploads\/2024\/09\/Logo.png","width":1774,"height":337,"caption":"Praktivak"},"image":{"@id":"https:\/\/www.praktivak.be\/fr\/#\/schema\/logo\/image\/"}}]}},"coauthors":[],"author_meta":{"author_link":"https:\/\/www.praktivak.be\/fr\/author\/madeit\/","display_name":"Tjebbe Lievens"},"relative_dates":{"created":"Publi\u00e9 2 ans il y a","modified":"Mis \u00e0 jour 8 mois il y a"},"absolute_dates":{"created":"Publi\u00e9 le 26 septembre 2024","modified":"Mise \u00e0 jour le 22 ao\u00fbt 2025"},"absolute_dates_time":{"created":"Publi\u00e9 le 26 septembre 2024 11h06","modified":"Mise \u00e0 jour le 22 ao\u00fbt 2025 16h05"},"featured_img_caption":"","featured_img":false,"series_order":"","_links":{"self":[{"href":"https:\/\/www.praktivak.be\/fr\/wp-json\/wp\/v2\/pages\/220","targetHints":{"allow":["GET"]}}],"collection":[{"href":"https:\/\/www.praktivak.be\/fr\/wp-json\/wp\/v2\/pages"}],"about":[{"href":"https:\/\/www.praktivak.be\/fr\/wp-json\/wp\/v2\/types\/page"}],"author":[{"embeddable":true,"href":"https:\/\/www.praktivak.be\/fr\/wp-json\/wp\/v2\/users\/1"}],"replies":[{"embeddable":true,"href":"https:\/\/www.praktivak.be\/fr\/wp-json\/wp\/v2\/comments?post=220"}],"version-history":[{"count":19,"href":"https:\/\/www.praktivak.be\/fr\/wp-json\/wp\/v2\/pages\/220\/revisions"}],"predecessor-version":[{"id":240291,"href":"https:\/\/www.praktivak.be\/fr\/wp-json\/wp\/v2\/pages\/220\/revisions\/240291"}],"wp:attachment":[{"href":"https:\/\/www.praktivak.be\/fr\/wp-json\/wp\/v2\/media?parent=220"}],"curies":[{"name":"wp","href":"https:\/\/api.w.org\/{rel}","templated":true}]}}