

{"id":121,"date":"2024-09-25T11:11:10","date_gmt":"2024-09-25T09:11:10","guid":{"rendered":"https:\/\/www.praktivak.be\/a-propos-de-praktivak\/"},"modified":"2025-08-28T14:43:05","modified_gmt":"2025-08-28T12:43:05","slug":"a-propos-de-praktivak","status":"publish","type":"page","link":"https:\/\/www.praktivak.be\/fr\/a-propos-de-praktivak\/","title":{"rendered":"\u00c0 propos de Praktivak"},"content":{"rendered":"\n<div class=\"wp-block-madeit-block-content container-fluid\"><div class=\"row\">\n<div class=\"wp-block-madeit-block-content-column col-12 col-lg-12\" style=\"padding-top:0px;padding-bottom:0px;padding-left:0px;padding-right:0px\">\n<div class=\"wp-block-cover is-light\"><img loading=\"lazy\" decoding=\"async\" width=\"1024\" height=\"283\" class=\"wp-block-cover__image-background wp-image-284131 size-large\" alt=\"\" src=\"https:\/\/www.praktivak.be\/wp-content\/uploads\/2025\/08\/Praktivak-slider-1024x283.png\" style=\"object-position:77% 93%\" data-object-fit=\"cover\" data-object-position=\"77% 93%\"><span aria-hidden=\"true\" class=\"wp-block-cover__background has-background-dim-0 has-background-dim\" style=\"background-color:#fdf4d3\"><\/span><div class=\"wp-block-cover__inner-container is-layout-constrained wp-block-cover-is-layout-constrained\">\n<div class=\"wp-block-madeit-block-content container\"><div class=\"row\">\n<div class=\"wp-block-madeit-block-content-column col-12 col-lg-12\">\n<h1 class=\"wp-block-heading\" style=\"font-size:3rem\">Bienvenue &agrave;<\/h1>\n\n\n\n<h1 class=\"wp-block-heading is-style-special-font\" style=\"font-size:3.5rem\">Praktivak<\/h1>\n<\/div>\n<\/div><\/div>\n<\/div><\/div>\n<\/div>\n<\/div><\/div>\n\n<div class=\"wp-block-madeit-block-content container are-vertically-aligned-center margin-column-mobile\" style=\"margin-top:100px;margin-bottom:100px\"><div class=\"row\">\n<div class=\"wp-block-madeit-block-content-column is-vertically-aligned-center col-12 col-lg-6\">\n<p>Praktivak.be, le partenaire fiable pour les consommables destin&eacute;s aux professionnels des soins et de l&rsquo;esth&eacute;tique. P&eacute;dicures, esth&eacute;ticiennes, manucures et autres experts peuvent s&rsquo;adresser &agrave; nous pour un large &eacute;ventail de produits. Notre gamme comprend plus de 3 000 articles qui r&eacute;pondent parfaitement aux besoins quotidiens de votre cabinet. Que vous recherchiez des produits de p&eacute;dicure de haute qualit&eacute;, des fournitures essentielles pour esth&eacute;ticiennes ou des consommables pour manucures, vous trouverez tout cela chez Praktivak.   <\/p>\n<\/div>\n\n\n\n<div class=\"wp-block-madeit-block-content-column is-vertically-aligned-center col-12 col-lg-1\"><\/div>\n\n\n\n<div class=\"wp-block-madeit-block-content-column is-vertically-aligned-center col-12 col-lg-5\">\n<figure class=\"wp-block-image size-full is-resized\"><img loading=\"lazy\" decoding=\"async\" width=\"1080\" height=\"1080\" src=\"https:\/\/www.praktivak.be\/wp-content\/uploads\/2025\/08\/Foto-op-banken-vierkant.png\" alt=\"\" class=\"wp-image-156938\" style=\"width:365px;height:auto\"><\/figure>\n<\/div>\n<\/div><\/div>\n\n<div class=\"wp-block-madeit-block-content container-fluid has-background has-info-background-color margin-column-mobile\" style=\"padding-top:50px;padding-bottom:50px\"><div class=\"row\"><div class=\"col\"><div class=\"are-vertically-aligned-center container\"><div class=\"row\">\n<div class=\"wp-block-madeit-block-content-column is-vertically-aligned-center col-12 col-lg-4\">\n<figure class=\"wp-block-image size-full m-0\"><img loading=\"lazy\" decoding=\"async\" width=\"1080\" height=\"1080\" src=\"https:\/\/www.praktivak.be\/wp-content\/uploads\/2025\/08\/Foto-op-banken-vierkant-1.png\" alt=\"\" class=\"wp-image-156941\"><\/figure>\n<\/div>\n\n\n\n<div class=\"wp-block-madeit-block-content-column is-vertically-aligned-center col-12 col-lg-1\"><\/div>\n\n\n\n<div class=\"wp-block-madeit-block-content-column is-vertically-aligned-center col-12 col-lg-7 order-first order-lg-last\">\n<h2 class=\"wp-block-heading\">Notre gamme de produits<\/h2>\n\n\n\n<div style=\"height:20px\" aria-hidden=\"true\" class=\"wp-block-spacer\"><\/div>\n\n\n\n<p>La gamme de Praktivak.be est soigneusement s&eacute;lectionn&eacute;e pour r&eacute;pondre aux normes les plus &eacute;lev&eacute;es. Des d&eacute;sinfectants aux gants, en passant par les limes &agrave; ongles, la r&eacute;sine et les cosm&eacute;tiques, nous vous offrons tout ce dont vous avez besoin pour prodiguer des soins optimaux &agrave; vos clients. Tous les produits peuvent &ecirc;tre command&eacute;s directement dans notre vaste boutique en ligne. Visitez notre boutique en ligne et d&eacute;couvrez &agrave; quel point il est facile d&rsquo;acheter vos consommables.   <\/p>\n\n\n\n<div style=\"height:30px\" aria-hidden=\"true\" class=\"wp-block-spacer\"><\/div>\n\n\n\n<div class=\"wp-block-buttons is-layout-flex wp-block-buttons-is-layout-flex\">\n<div class=\"wp-block-button\"><a class=\"wp-block-button__link wp-element-button\" href=\"\/fr\/boutique\/\">Visitez notre boutique en ligne<\/a><\/div>\n<\/div>\n<\/div>\n<\/div><\/div><\/div><\/div><\/div>\n\n<div class=\"wp-block-madeit-block-content container-fluid margin-column-mobile\" style=\"padding-top:50px;padding-bottom:50px;padding-left:50px;padding-right:50px\"><div class=\"row\"><div class=\"col\"><div class=\"container\"><div class=\"row\">\n<div class=\"wp-block-madeit-block-content-column is-vertically-aligned-center col-12 col-lg-7\">\n<h2 class=\"wp-block-heading\">Contactez nous<\/h2>\n\n\n\n<div style=\"height:20px\" aria-hidden=\"true\" class=\"wp-block-spacer\"><\/div>\n\n\n\n<p>Vous avez des questions ou souhaitez obtenir de plus amples informations ?\nNotre service client&egrave;le se fera un plaisir de vous aider.\nContactez-nous par e-mail &agrave; l&rsquo;adresse info@praktivak.be ou par t&eacute;l&eacute;phone au (+)32 (0)14 237724.  <\/p>\n\n\n\n<p>D&eacute;couvrez le confort de la commande en ligne et profitez du service de qualit&eacute; de Praktivak.\nPour tous vos consommables dans le secteur de la beaut&eacute; et du toilettage, Praktivak.be est votre partenaire id&eacute;al. <\/p>\n\n\n\n<div style=\"height:30px\" aria-hidden=\"true\" class=\"wp-block-spacer\"><\/div>\n\n\n\n<div class=\"wp-block-buttons is-layout-flex wp-block-buttons-is-layout-flex\">\n<div class=\"wp-block-button\"><a class=\"wp-block-button__link wp-element-button\" href=\"https:\/\/www.praktivak.be\/fr\/contact\/\">Contactez nous<\/a><\/div>\n<\/div>\n<\/div>\n\n\n\n<div class=\"wp-block-madeit-block-content-column col-12 col-lg-1\"><\/div>\n\n\n\n<div class=\"wp-block-madeit-block-content-column col-12 col-lg-4\"><div id=\"googlemaps\"><\/div>\n<\/div>\n<\/div><\/div><\/div><\/div><\/div>\n\n","protected":false},"excerpt":{"rendered":"","protected":false},"author":1,"featured_media":0,"parent":0,"menu_order":0,"comment_status":"closed","ping_status":"closed","template":"","meta":{"_acf_changed":false,"_relevanssi_hide_post":"","_relevanssi_hide_content":"","_relevanssi_pin_for_all":"","_relevanssi_pin_keywords":"","_relevanssi_unpin_keywords":"","_relevanssi_related_keywords":"","_relevanssi_related_include_ids":"","_relevanssi_related_exclude_ids":"","_relevanssi_related_no_append":"","_relevanssi_related_not_related":"","_relevanssi_related_posts":"","_relevanssi_noindex_reason":"","advgb_blocks_editor_width":"","advgb_blocks_columns_visual_guide":"","footnotes":""},"class_list":["post-121","page","type-page","status-publish","hentry"],"acf":[],"yoast_head":"<!-- This site is optimized with the Yoast SEO plugin v27.2 - https:\/\/yoast.com\/product\/yoast-seo-wordpress\/ -->\n<title>\u00c0 propos de Praktivak - Votre partenaire en mati\u00e8re de consommables pour la beaut\u00e9 et les soins<\/title>\n<meta name=\"description\" content=\"D\u00e9couvrez Praktivak, votre fournisseur fiable de consommables de haute qualit\u00e9 pour le secteur de la beaut\u00e9 et des soins. D\u00e9couvrez notre vaste gamme de produits et notre excellent service.\" \/>\n<meta name=\"robots\" content=\"index, follow, max-snippet:-1, max-image-preview:large, max-video-preview:-1\" \/>\n<link rel=\"canonical\" href=\"https:\/\/www.praktivak.be\/fr\/a-propos-de-praktivak\/\" \/>\n<meta property=\"og:locale\" content=\"fr_FR\" \/>\n<meta property=\"og:type\" content=\"article\" \/>\n<meta property=\"og:title\" content=\"\u00c0 propos de Praktivak - Votre partenaire en mati\u00e8re de consommables pour la beaut\u00e9 et les soins\" \/>\n<meta property=\"og:description\" content=\"D\u00e9couvrez Praktivak, votre fournisseur fiable de consommables de haute qualit\u00e9 pour le secteur de la beaut\u00e9 et des soins. D\u00e9couvrez notre vaste gamme de produits et notre excellent service.\" \/>\n<meta property=\"og:url\" content=\"https:\/\/www.praktivak.be\/fr\/a-propos-de-praktivak\/\" \/>\n<meta property=\"og:site_name\" content=\"Praktivak\" \/>\n<meta property=\"article:modified_time\" content=\"2025-08-28T12:43:05+00:00\" \/>\n<meta property=\"og:image\" content=\"https:\/\/www.praktivak.be\/wp-content\/uploads\/2025\/08\/Praktivak-slider-scaled.png\" \/>\n\t<meta property=\"og:image:width\" content=\"2560\" \/>\n\t<meta property=\"og:image:height\" content=\"707\" \/>\n\t<meta property=\"og:image:type\" content=\"image\/png\" \/>\n<meta name=\"twitter:card\" content=\"summary_large_image\" \/>\n<meta name=\"twitter:label1\" content=\"Dur\u00e9e de lecture estim\u00e9e\" \/>\n\t<meta name=\"twitter:data1\" content=\"1 minute\" \/>\n<script type=\"application\/ld+json\" class=\"yoast-schema-graph\">{\"@context\":\"https:\/\/schema.org\",\"@graph\":[{\"@type\":\"WebPage\",\"@id\":\"https:\/\/www.praktivak.be\/fr\/a-propos-de-praktivak\/\",\"url\":\"https:\/\/www.praktivak.be\/fr\/a-propos-de-praktivak\/\",\"name\":\"\u00c0 propos de Praktivak - Votre partenaire en mati\u00e8re de consommables pour la beaut\u00e9 et les soins\",\"isPartOf\":{\"@id\":\"https:\/\/www.praktivak.be\/fr\/#website\"},\"primaryImageOfPage\":{\"@id\":\"https:\/\/www.praktivak.be\/fr\/a-propos-de-praktivak\/#primaryimage\"},\"image\":{\"@id\":\"https:\/\/www.praktivak.be\/fr\/a-propos-de-praktivak\/#primaryimage\"},\"thumbnailUrl\":\"https:\/\/www.praktivak.be\/wp-content\/uploads\/2025\/08\/Praktivak-slider-1024x283.png\",\"datePublished\":\"2024-09-25T09:11:10+00:00\",\"dateModified\":\"2025-08-28T12:43:05+00:00\",\"description\":\"D\u00e9couvrez Praktivak, votre fournisseur fiable de consommables de haute qualit\u00e9 pour le secteur de la beaut\u00e9 et des soins. D\u00e9couvrez notre vaste gamme de produits et notre excellent service.\",\"breadcrumb\":{\"@id\":\"https:\/\/www.praktivak.be\/fr\/a-propos-de-praktivak\/#breadcrumb\"},\"inLanguage\":\"fr-FR\",\"potentialAction\":[{\"@type\":\"ReadAction\",\"target\":[\"https:\/\/www.praktivak.be\/fr\/a-propos-de-praktivak\/\"]}]},{\"@type\":\"ImageObject\",\"inLanguage\":\"fr-FR\",\"@id\":\"https:\/\/www.praktivak.be\/fr\/a-propos-de-praktivak\/#primaryimage\",\"url\":\"https:\/\/www.praktivak.be\/wp-content\/uploads\/2025\/08\/Praktivak-slider-1024x283.png\",\"contentUrl\":\"https:\/\/www.praktivak.be\/wp-content\/uploads\/2025\/08\/Praktivak-slider-1024x283.png\"},{\"@type\":\"BreadcrumbList\",\"@id\":\"https:\/\/www.praktivak.be\/fr\/a-propos-de-praktivak\/#breadcrumb\",\"itemListElement\":[{\"@type\":\"ListItem\",\"position\":1,\"name\":\"Home\",\"item\":\"https:\/\/www.praktivak.be\/fr\/\"},{\"@type\":\"ListItem\",\"position\":2,\"name\":\"\u00c0 propos de Praktivak\"}]},{\"@type\":\"WebSite\",\"@id\":\"https:\/\/www.praktivak.be\/fr\/#website\",\"url\":\"https:\/\/www.praktivak.be\/fr\/\",\"name\":\"Praktivak\",\"description\":\"\",\"publisher\":{\"@id\":\"https:\/\/www.praktivak.be\/fr\/#organization\"},\"potentialAction\":[{\"@type\":\"SearchAction\",\"target\":{\"@type\":\"EntryPoint\",\"urlTemplate\":\"https:\/\/www.praktivak.be\/fr\/?s={search_term_string}\"},\"query-input\":{\"@type\":\"PropertyValueSpecification\",\"valueRequired\":true,\"valueName\":\"search_term_string\"}}],\"inLanguage\":\"fr-FR\"},{\"@type\":\"Organization\",\"@id\":\"https:\/\/www.praktivak.be\/fr\/#organization\",\"name\":\"Praktivak\",\"url\":\"https:\/\/www.praktivak.be\/fr\/\",\"logo\":{\"@type\":\"ImageObject\",\"inLanguage\":\"fr-FR\",\"@id\":\"https:\/\/www.praktivak.be\/fr\/#\/schema\/logo\/image\/\",\"url\":\"https:\/\/www.praktivak.be\/wp-content\/uploads\/2024\/09\/Logo.png\",\"contentUrl\":\"https:\/\/www.praktivak.be\/wp-content\/uploads\/2024\/09\/Logo.png\",\"width\":1774,\"height\":337,\"caption\":\"Praktivak\"},\"image\":{\"@id\":\"https:\/\/www.praktivak.be\/fr\/#\/schema\/logo\/image\/\"}}]}<\/script>\n<!-- \/ Yoast SEO plugin. -->","yoast_head_json":{"title":"\u00c0 propos de Praktivak - Votre partenaire en mati\u00e8re de consommables pour la beaut\u00e9 et les soins","description":"D\u00e9couvrez Praktivak, votre fournisseur fiable de consommables de haute qualit\u00e9 pour le secteur de la beaut\u00e9 et des soins. D\u00e9couvrez notre vaste gamme de produits et notre excellent service.","robots":{"index":"index","follow":"follow","max-snippet":"max-snippet:-1","max-image-preview":"max-image-preview:large","max-video-preview":"max-video-preview:-1"},"canonical":"https:\/\/www.praktivak.be\/fr\/a-propos-de-praktivak\/","og_locale":"fr_FR","og_type":"article","og_title":"\u00c0 propos de Praktivak - Votre partenaire en mati\u00e8re de consommables pour la beaut\u00e9 et les soins","og_description":"D\u00e9couvrez Praktivak, votre fournisseur fiable de consommables de haute qualit\u00e9 pour le secteur de la beaut\u00e9 et des soins. D\u00e9couvrez notre vaste gamme de produits et notre excellent service.","og_url":"https:\/\/www.praktivak.be\/fr\/a-propos-de-praktivak\/","og_site_name":"Praktivak","article_modified_time":"2025-08-28T12:43:05+00:00","og_image":[{"width":2560,"height":707,"url":"https:\/\/www.praktivak.be\/wp-content\/uploads\/2025\/08\/Praktivak-slider-scaled.png","type":"image\/png"}],"twitter_card":"summary_large_image","twitter_misc":{"Dur\u00e9e de lecture estim\u00e9e":"1 minute"},"schema":{"@context":"https:\/\/schema.org","@graph":[{"@type":"WebPage","@id":"https:\/\/www.praktivak.be\/fr\/a-propos-de-praktivak\/","url":"https:\/\/www.praktivak.be\/fr\/a-propos-de-praktivak\/","name":"\u00c0 propos de Praktivak - Votre partenaire en mati\u00e8re de consommables pour la beaut\u00e9 et les soins","isPartOf":{"@id":"https:\/\/www.praktivak.be\/fr\/#website"},"primaryImageOfPage":{"@id":"https:\/\/www.praktivak.be\/fr\/a-propos-de-praktivak\/#primaryimage"},"image":{"@id":"https:\/\/www.praktivak.be\/fr\/a-propos-de-praktivak\/#primaryimage"},"thumbnailUrl":"https:\/\/www.praktivak.be\/wp-content\/uploads\/2025\/08\/Praktivak-slider-1024x283.png","datePublished":"2024-09-25T09:11:10+00:00","dateModified":"2025-08-28T12:43:05+00:00","description":"D\u00e9couvrez Praktivak, votre fournisseur fiable de consommables de haute qualit\u00e9 pour le secteur de la beaut\u00e9 et des soins. D\u00e9couvrez notre vaste gamme de produits et notre excellent service.","breadcrumb":{"@id":"https:\/\/www.praktivak.be\/fr\/a-propos-de-praktivak\/#breadcrumb"},"inLanguage":"fr-FR","potentialAction":[{"@type":"ReadAction","target":["https:\/\/www.praktivak.be\/fr\/a-propos-de-praktivak\/"]}]},{"@type":"ImageObject","inLanguage":"fr-FR","@id":"https:\/\/www.praktivak.be\/fr\/a-propos-de-praktivak\/#primaryimage","url":"https:\/\/www.praktivak.be\/wp-content\/uploads\/2025\/08\/Praktivak-slider-1024x283.png","contentUrl":"https:\/\/www.praktivak.be\/wp-content\/uploads\/2025\/08\/Praktivak-slider-1024x283.png"},{"@type":"BreadcrumbList","@id":"https:\/\/www.praktivak.be\/fr\/a-propos-de-praktivak\/#breadcrumb","itemListElement":[{"@type":"ListItem","position":1,"name":"Home","item":"https:\/\/www.praktivak.be\/fr\/"},{"@type":"ListItem","position":2,"name":"\u00c0 propos de Praktivak"}]},{"@type":"WebSite","@id":"https:\/\/www.praktivak.be\/fr\/#website","url":"https:\/\/www.praktivak.be\/fr\/","name":"Praktivak","description":"","publisher":{"@id":"https:\/\/www.praktivak.be\/fr\/#organization"},"potentialAction":[{"@type":"SearchAction","target":{"@type":"EntryPoint","urlTemplate":"https:\/\/www.praktivak.be\/fr\/?s={search_term_string}"},"query-input":{"@type":"PropertyValueSpecification","valueRequired":true,"valueName":"search_term_string"}}],"inLanguage":"fr-FR"},{"@type":"Organization","@id":"https:\/\/www.praktivak.be\/fr\/#organization","name":"Praktivak","url":"https:\/\/www.praktivak.be\/fr\/","logo":{"@type":"ImageObject","inLanguage":"fr-FR","@id":"https:\/\/www.praktivak.be\/fr\/#\/schema\/logo\/image\/","url":"https:\/\/www.praktivak.be\/wp-content\/uploads\/2024\/09\/Logo.png","contentUrl":"https:\/\/www.praktivak.be\/wp-content\/uploads\/2024\/09\/Logo.png","width":1774,"height":337,"caption":"Praktivak"},"image":{"@id":"https:\/\/www.praktivak.be\/fr\/#\/schema\/logo\/image\/"}}]}},"coauthors":[],"author_meta":{"author_link":"https:\/\/www.praktivak.be\/fr\/author\/madeit\/","display_name":"Tjebbe Lievens"},"relative_dates":{"created":"Publi\u00e9 2 ans il y a","modified":"Mis \u00e0 jour 8 mois il y a"},"absolute_dates":{"created":"Publi\u00e9 le 25 septembre 2024","modified":"Mise \u00e0 jour le 28 ao\u00fbt 2025"},"absolute_dates_time":{"created":"Publi\u00e9 le 25 septembre 2024 11h11","modified":"Mise \u00e0 jour le 28 ao\u00fbt 2025 14h43"},"featured_img_caption":"","featured_img":false,"series_order":"","_links":{"self":[{"href":"https:\/\/www.praktivak.be\/fr\/wp-json\/wp\/v2\/pages\/121","targetHints":{"allow":["GET"]}}],"collection":[{"href":"https:\/\/www.praktivak.be\/fr\/wp-json\/wp\/v2\/pages"}],"about":[{"href":"https:\/\/www.praktivak.be\/fr\/wp-json\/wp\/v2\/types\/page"}],"author":[{"embeddable":true,"href":"https:\/\/www.praktivak.be\/fr\/wp-json\/wp\/v2\/users\/1"}],"replies":[{"embeddable":true,"href":"https:\/\/www.praktivak.be\/fr\/wp-json\/wp\/v2\/comments?post=121"}],"version-history":[{"count":22,"href":"https:\/\/www.praktivak.be\/fr\/wp-json\/wp\/v2\/pages\/121\/revisions"}],"predecessor-version":[{"id":284134,"href":"https:\/\/www.praktivak.be\/fr\/wp-json\/wp\/v2\/pages\/121\/revisions\/284134"}],"wp:attachment":[{"href":"https:\/\/www.praktivak.be\/fr\/wp-json\/wp\/v2\/media?parent=121"}],"curies":[{"name":"wp","href":"https:\/\/api.w.org\/{rel}","templated":true}]}}