

{"id":120,"date":"2024-09-25T11:11:10","date_gmt":"2024-09-25T09:11:10","guid":{"rendered":"https:\/\/www.praktivak.be\/contact\/"},"modified":"2026-03-02T11:19:34","modified_gmt":"2026-03-02T10:19:34","slug":"contact","status":"publish","type":"page","link":"https:\/\/www.praktivak.be\/fr\/contact\/","title":{"rendered":"Contact"},"content":{"rendered":"\n<div class=\"wp-block-madeit-block-content container margin-column-mobile\" style=\"margin-top:100px;margin-bottom:100px\"><div class=\"row\">\n<div class=\"wp-block-madeit-block-content-column col-12 col-lg-7\">\n<h2 class=\"wp-block-heading\">Prenez contact avec nous<\/h2>\n\n\n\n<div style=\"height:20px\" aria-hidden=\"true\" class=\"wp-block-spacer\"><\/div>\n\n\n<form action=\"\" method=\"post\" id=\"form_188\" class=\"madeit-forms-noajax\"><input type=\"hidden\" name=\"form_id\" value=\"188\">\n<div class=\"wp-block-columns is-layout-flex wp-container-core-columns-is-layout-9d6595d7 wp-block-columns-is-layout-flex\">\n<div class=\"wp-block-column is-layout-flow wp-block-column-is-layout-flow\">\n<div class=\"wp-block-madeitforms-input-field\"><div><label>Nom<\/label><\/div><input class=\"madeit-forms-input-field\" type=\"text\" name=\"field-1\" value=\"\" required=\"\"><\/div>\n<\/div>\n\n\n\n<div class=\"wp-block-column is-layout-flow wp-block-column-is-layout-flow\">\n<div class=\"wp-block-madeitforms-input-field\"><div><label>Num&eacute;ro de t&eacute;l&eacute;phone<\/label><\/div><input class=\"madeit-forms-input-field\" type=\"tel\" name=\"field-2\" value=\"\" required=\"\"><\/div>\n<\/div>\n<\/div>\n\n<div class=\"wp-block-madeitforms-input-field\"><div><label>Adresse &eacute;lectronique<\/label><\/div><input class=\"madeit-forms-input-field\" type=\"email\" name=\"field-3\" value=\"\" required=\"\"><\/div>\n\n<div class=\"wp-block-madeitforms-largeinput-field\"><div><label>Votre message<\/label><\/div><textarea class=\"madeit-forms-largeinput-field\" name=\"field-4\" required=\"\"><\/textarea><\/div>\n\n<div class=\"wp-block-madeitforms-submit-field\"><button  data-sitekey=\"6Lfy2h0pAAAAAFFrRlTMj2zfAGNJKwpWnnQen2cr\" data-callback=\"onSubmit946275642\" data-error-callback=\"onErrorSubmit90642462\"class=\"g-recaptcha wp-block-madeitforms-submit-button__link\">Envoyer<\/button><\/div>\n\n<script>function onSubmit946275642(token) { submitMadeitForm('form_188'); }<\/script><script>function onErrorSubmit90642462(token) { }<\/script><\/form>\n<\/div>\n\n\n\n<div class=\"wp-block-madeit-block-content-column col-12 col-lg-1\"><\/div>\n\n\n\n<div class=\"wp-block-madeit-block-content-column col-12 col-lg-4 order-first order-lg-last\">\n<h2 class=\"wp-block-heading\">Contact<\/h2>\n\n\n\n<div style=\"height:20px\" aria-hidden=\"true\" class=\"wp-block-spacer\"><\/div>\n\n\n\n<p><strong>Praktivak.be<\/strong><\/p>\n\n\n\n<p><\/p>\n\n\n\n<p>Brugstraat 51<br>2300 Turnhout<\/p>\n\n\n\n<p><a href=\"mailto:info@praktivak.be\">info@praktivak.be<\/a><\/p>\n\n\n\n<p>Tel. <a href=\"tel:+3214237724\">+32 14 277990<\/a><br>BTW BE0877.935.617<\/p>\n\n\n\n<figure class=\"wp-block-image size-large do-lightbox\"><a href=\"https:\/\/wa.me\/32476630626\" target=\"_blank\" rel=\" noreferrer noopener\"><img loading=\"lazy\" decoding=\"async\" width=\"175\" height=\"48\" src=\"https:\/\/www.praktivak.be\/wp-content\/uploads\/2025\/06\/Middel-1.svg\" alt=\"\" class=\"wp-image-91331\"><\/a><\/figure>\n\n\n\n<div style=\"height:20px\" aria-hidden=\"true\" class=\"wp-block-spacer\"><\/div>\n\n\n\n<p><strong>Heures de contact:<\/strong><\/p>\n\n\n\n<p>Du lundi au vendredi : de 9h30 &agrave; 17h30<\/p>\n\n\n\n<p><\/p>\n\n\n\n<p class=\"has-text-color has-link-color wp-elements-76e4046467244b0b58639a01ed02f561\" style=\"color:#243619;font-size:12px\"><strong>Jours de fermeture exceptionnels en 2026<\/strong><\/p>\n\n\n\n<p class=\"has-text-color has-link-color wp-elements-465740879d4184d650c8a5078e1086c5\" style=\"color:#243619;font-size:12px\">Vendredi 6 mars<\/p>\n\n\n\n<p class=\"has-text-color has-link-color wp-elements-e6fc1d831dad28a887503543a92080a3\" style=\"color:#243619;font-size:12px\">Lundi 9 mars<\/p>\n\n\n\n<p class=\"has-text-color has-link-color wp-elements-8cb420d9971e9cc43a9016e31fa393b9\" style=\"color:#243619;font-size:12px\">Mardi 17 mars<\/p>\n\n\n\n<p class=\"has-text-color has-link-color wp-elements-2b2c9ee3c5d69474f059445179f73f73\" style=\"color:#243619;font-size:12px\">Lundi 6 avril (lundi de P&acirc;ques)<\/p>\n\n\n\n<p class=\"has-text-color has-link-color wp-elements-92635deb9e08ba6192dd85650339c112\" style=\"color:#243619;font-size:12px\">Vendredi 1er mai (F&ecirc;te du Travail)<\/p>\n\n\n\n<p class=\"has-text-color has-link-color wp-elements-f1f9ed407d3d4abbfc125b7c6ac5e9dc\" style=\"color:#243619;font-size:12px\">Jeudi 14 et vendredi 15 mai (Ascension)<\/p>\n\n\n\n<p class=\"has-text-color has-link-color wp-elements-9aed05e32119305f116c6145ca955b3a\" style=\"color:#243619;font-size:12px\">Lundi 25 mai (Pentec&ocirc;te)<\/p>\n\n\n\n<p class=\"has-text-color has-link-color wp-elements-91a6a19cfb1a98654ea701b3e930d4e4\" style=\"color:#243619;font-size:12px\">Du vendredi 17 au mercredi 29 juillet (cong&eacute;s d&rsquo;&eacute;t&eacute;)<\/p>\n\n\n\n<p class=\"has-text-color has-link-color wp-elements-7318d38644881e45d6dc3d6220738c59\" style=\"color:#243619;font-size:12px\">Vendredi 9 octobre<\/p>\n\n\n\n<p class=\"has-text-color has-link-color wp-elements-5e59759b41d0193d714590602fee09e0\" style=\"color:#243619;font-size:12px\">Lundi 12 octobre<\/p>\n\n\n\n<p class=\"has-text-color has-link-color wp-elements-195464d52385d7688dda7e2ce4fca4e0\" style=\"color:#243619;font-size:12px\">Mercredi 11 novembre (Armistice)<\/p>\n\n\n\n<p class=\"has-text-color has-link-color wp-elements-65053cd96312d253bb97b1dc1bf95aa9\" style=\"color:#243619;font-size:12px\">Du jeudi 24 d&eacute;cembre au vendredi 3 janvier inclus<\/p>\n<\/div>\n<\/div><\/div>\n\n<div class=\"wp-block-madeit-block-content container-fluid margin-column-mobile\" style=\"padding-top:50px;padding-bottom:50px;padding-left:50px;padding-right:50px\"><div class=\"row\"><div class=\"col\"><div class=\"container\"><div class=\"row\">\n<div class=\"wp-block-madeit-block-content-column is-vertically-aligned-center col-12 col-lg-7\">\n<h2 class=\"wp-block-heading\">Contactez nous<\/h2>\n\n\n\n<div style=\"height:20px\" aria-hidden=\"true\" class=\"wp-block-spacer\"><\/div>\n\n\n\n<p>Vous avez des questions ou souhaitez obtenir de plus amples informations ?\nNotre service client&egrave;le se fera un plaisir de vous aider.\nContactez-nous par e-mail &agrave; l&rsquo;adresse info@praktivak.be ou par t&eacute;l&eacute;phone au (+)32 (0)14 237724.  <\/p>\n\n\n\n<p>D&eacute;couvrez le confort de la commande en ligne et profitez du service de qualit&eacute; de Praktivak.\nPour tous vos consommables dans le secteur de la beaut&eacute; et du toilettage, Praktivak.be est votre partenaire id&eacute;al. <\/p>\n\n\n\n<div style=\"height:30px\" aria-hidden=\"true\" class=\"wp-block-spacer\"><\/div>\n\n\n\n<div class=\"wp-block-buttons is-layout-flex wp-block-buttons-is-layout-flex\">\n<div class=\"wp-block-button\"><a class=\"wp-block-button__link wp-element-button\" href=\"https:\/\/www.praktivak.be\/fr\/contact\/\">Contactez nous<\/a><\/div>\n<\/div>\n<\/div>\n\n\n\n<div class=\"wp-block-madeit-block-content-column col-12 col-lg-1\"><\/div>\n\n\n\n<div class=\"wp-block-madeit-block-content-column col-12 col-lg-4\"><div id=\"googlemaps\"><\/div>\n<\/div>\n<\/div><\/div><\/div><\/div><\/div>\n\n","protected":false},"excerpt":{"rendered":"","protected":false},"author":1,"featured_media":0,"parent":0,"menu_order":0,"comment_status":"closed","ping_status":"closed","template":"","meta":{"_acf_changed":false,"_relevanssi_hide_post":"","_relevanssi_hide_content":"","_relevanssi_pin_for_all":"","_relevanssi_pin_keywords":"","_relevanssi_unpin_keywords":"","_relevanssi_related_keywords":"","_relevanssi_related_include_ids":"","_relevanssi_related_exclude_ids":"","_relevanssi_related_no_append":"","_relevanssi_related_not_related":"","_relevanssi_related_posts":"","_relevanssi_noindex_reason":"","advgb_blocks_editor_width":"","advgb_blocks_columns_visual_guide":"","footnotes":""},"class_list":["post-120","page","type-page","status-publish","hentry"],"acf":[],"yoast_head":"<!-- This site is optimized with the Yoast SEO plugin v27.2 - https:\/\/yoast.com\/product\/yoast-seo-wordpress\/ -->\n<title>Contact - Praktivak<\/title>\n<meta name=\"robots\" content=\"index, follow, max-snippet:-1, max-image-preview:large, max-video-preview:-1\" \/>\n<link rel=\"canonical\" href=\"https:\/\/www.praktivak.be\/fr\/contact\/\" \/>\n<meta property=\"og:locale\" content=\"fr_FR\" \/>\n<meta property=\"og:type\" content=\"article\" \/>\n<meta property=\"og:title\" content=\"Contact - Praktivak\" \/>\n<meta property=\"og:url\" content=\"https:\/\/www.praktivak.be\/fr\/contact\/\" \/>\n<meta property=\"og:site_name\" content=\"Praktivak\" \/>\n<meta property=\"article:modified_time\" content=\"2026-03-02T10:19:34+00:00\" \/>\n<meta name=\"twitter:card\" content=\"summary_large_image\" \/>\n<script type=\"application\/ld+json\" class=\"yoast-schema-graph\">{\"@context\":\"https:\/\/schema.org\",\"@graph\":[{\"@type\":\"WebPage\",\"@id\":\"https:\/\/www.praktivak.be\/fr\/contact\/\",\"url\":\"https:\/\/www.praktivak.be\/fr\/contact\/\",\"name\":\"Contact - Praktivak\",\"isPartOf\":{\"@id\":\"https:\/\/www.praktivak.be\/fr\/#website\"},\"primaryImageOfPage\":{\"@id\":\"https:\/\/www.praktivak.be\/fr\/contact\/#primaryimage\"},\"image\":{\"@id\":\"https:\/\/www.praktivak.be\/fr\/contact\/#primaryimage\"},\"thumbnailUrl\":\"https:\/\/www.praktivak.be\/wp-content\/uploads\/2025\/06\/Middel-1.svg\",\"datePublished\":\"2024-09-25T09:11:10+00:00\",\"dateModified\":\"2026-03-02T10:19:34+00:00\",\"breadcrumb\":{\"@id\":\"https:\/\/www.praktivak.be\/fr\/contact\/#breadcrumb\"},\"inLanguage\":\"fr-FR\",\"potentialAction\":[{\"@type\":\"ReadAction\",\"target\":[\"https:\/\/www.praktivak.be\/fr\/contact\/\"]}]},{\"@type\":\"ImageObject\",\"inLanguage\":\"fr-FR\",\"@id\":\"https:\/\/www.praktivak.be\/fr\/contact\/#primaryimage\",\"url\":\"https:\/\/www.praktivak.be\/wp-content\/uploads\/2025\/06\/Middel-1.svg\",\"contentUrl\":\"https:\/\/www.praktivak.be\/wp-content\/uploads\/2025\/06\/Middel-1.svg\"},{\"@type\":\"BreadcrumbList\",\"@id\":\"https:\/\/www.praktivak.be\/fr\/contact\/#breadcrumb\",\"itemListElement\":[{\"@type\":\"ListItem\",\"position\":1,\"name\":\"Home\",\"item\":\"https:\/\/www.praktivak.be\/fr\/\"},{\"@type\":\"ListItem\",\"position\":2,\"name\":\"Contact\"}]},{\"@type\":\"WebSite\",\"@id\":\"https:\/\/www.praktivak.be\/fr\/#website\",\"url\":\"https:\/\/www.praktivak.be\/fr\/\",\"name\":\"Praktivak\",\"description\":\"\",\"publisher\":{\"@id\":\"https:\/\/www.praktivak.be\/fr\/#organization\"},\"potentialAction\":[{\"@type\":\"SearchAction\",\"target\":{\"@type\":\"EntryPoint\",\"urlTemplate\":\"https:\/\/www.praktivak.be\/fr\/?s={search_term_string}\"},\"query-input\":{\"@type\":\"PropertyValueSpecification\",\"valueRequired\":true,\"valueName\":\"search_term_string\"}}],\"inLanguage\":\"fr-FR\"},{\"@type\":\"Organization\",\"@id\":\"https:\/\/www.praktivak.be\/fr\/#organization\",\"name\":\"Praktivak\",\"url\":\"https:\/\/www.praktivak.be\/fr\/\",\"logo\":{\"@type\":\"ImageObject\",\"inLanguage\":\"fr-FR\",\"@id\":\"https:\/\/www.praktivak.be\/fr\/#\/schema\/logo\/image\/\",\"url\":\"https:\/\/www.praktivak.be\/wp-content\/uploads\/2024\/09\/Logo.png\",\"contentUrl\":\"https:\/\/www.praktivak.be\/wp-content\/uploads\/2024\/09\/Logo.png\",\"width\":1774,\"height\":337,\"caption\":\"Praktivak\"},\"image\":{\"@id\":\"https:\/\/www.praktivak.be\/fr\/#\/schema\/logo\/image\/\"}}]}<\/script>\n<!-- \/ Yoast SEO plugin. -->","yoast_head_json":{"title":"Contact - Praktivak","robots":{"index":"index","follow":"follow","max-snippet":"max-snippet:-1","max-image-preview":"max-image-preview:large","max-video-preview":"max-video-preview:-1"},"canonical":"https:\/\/www.praktivak.be\/fr\/contact\/","og_locale":"fr_FR","og_type":"article","og_title":"Contact - Praktivak","og_url":"https:\/\/www.praktivak.be\/fr\/contact\/","og_site_name":"Praktivak","article_modified_time":"2026-03-02T10:19:34+00:00","twitter_card":"summary_large_image","schema":{"@context":"https:\/\/schema.org","@graph":[{"@type":"WebPage","@id":"https:\/\/www.praktivak.be\/fr\/contact\/","url":"https:\/\/www.praktivak.be\/fr\/contact\/","name":"Contact - Praktivak","isPartOf":{"@id":"https:\/\/www.praktivak.be\/fr\/#website"},"primaryImageOfPage":{"@id":"https:\/\/www.praktivak.be\/fr\/contact\/#primaryimage"},"image":{"@id":"https:\/\/www.praktivak.be\/fr\/contact\/#primaryimage"},"thumbnailUrl":"https:\/\/www.praktivak.be\/wp-content\/uploads\/2025\/06\/Middel-1.svg","datePublished":"2024-09-25T09:11:10+00:00","dateModified":"2026-03-02T10:19:34+00:00","breadcrumb":{"@id":"https:\/\/www.praktivak.be\/fr\/contact\/#breadcrumb"},"inLanguage":"fr-FR","potentialAction":[{"@type":"ReadAction","target":["https:\/\/www.praktivak.be\/fr\/contact\/"]}]},{"@type":"ImageObject","inLanguage":"fr-FR","@id":"https:\/\/www.praktivak.be\/fr\/contact\/#primaryimage","url":"https:\/\/www.praktivak.be\/wp-content\/uploads\/2025\/06\/Middel-1.svg","contentUrl":"https:\/\/www.praktivak.be\/wp-content\/uploads\/2025\/06\/Middel-1.svg"},{"@type":"BreadcrumbList","@id":"https:\/\/www.praktivak.be\/fr\/contact\/#breadcrumb","itemListElement":[{"@type":"ListItem","position":1,"name":"Home","item":"https:\/\/www.praktivak.be\/fr\/"},{"@type":"ListItem","position":2,"name":"Contact"}]},{"@type":"WebSite","@id":"https:\/\/www.praktivak.be\/fr\/#website","url":"https:\/\/www.praktivak.be\/fr\/","name":"Praktivak","description":"","publisher":{"@id":"https:\/\/www.praktivak.be\/fr\/#organization"},"potentialAction":[{"@type":"SearchAction","target":{"@type":"EntryPoint","urlTemplate":"https:\/\/www.praktivak.be\/fr\/?s={search_term_string}"},"query-input":{"@type":"PropertyValueSpecification","valueRequired":true,"valueName":"search_term_string"}}],"inLanguage":"fr-FR"},{"@type":"Organization","@id":"https:\/\/www.praktivak.be\/fr\/#organization","name":"Praktivak","url":"https:\/\/www.praktivak.be\/fr\/","logo":{"@type":"ImageObject","inLanguage":"fr-FR","@id":"https:\/\/www.praktivak.be\/fr\/#\/schema\/logo\/image\/","url":"https:\/\/www.praktivak.be\/wp-content\/uploads\/2024\/09\/Logo.png","contentUrl":"https:\/\/www.praktivak.be\/wp-content\/uploads\/2024\/09\/Logo.png","width":1774,"height":337,"caption":"Praktivak"},"image":{"@id":"https:\/\/www.praktivak.be\/fr\/#\/schema\/logo\/image\/"}}]}},"coauthors":[],"author_meta":{"author_link":"https:\/\/www.praktivak.be\/fr\/author\/madeit\/","display_name":"Tjebbe Lievens"},"relative_dates":{"created":"Publi\u00e9 2 ans il y a","modified":"Mis \u00e0 jour 1 mois il y a"},"absolute_dates":{"created":"Publi\u00e9 le 25 septembre 2024","modified":"Mise \u00e0 jour le 2 mars 2026"},"absolute_dates_time":{"created":"Publi\u00e9 le 25 septembre 2024 11h11","modified":"Mise \u00e0 jour le 2 mars 2026 11h19"},"featured_img_caption":"","featured_img":false,"series_order":"","_links":{"self":[{"href":"https:\/\/www.praktivak.be\/fr\/wp-json\/wp\/v2\/pages\/120","targetHints":{"allow":["GET"]}}],"collection":[{"href":"https:\/\/www.praktivak.be\/fr\/wp-json\/wp\/v2\/pages"}],"about":[{"href":"https:\/\/www.praktivak.be\/fr\/wp-json\/wp\/v2\/types\/page"}],"author":[{"embeddable":true,"href":"https:\/\/www.praktivak.be\/fr\/wp-json\/wp\/v2\/users\/1"}],"replies":[{"embeddable":true,"href":"https:\/\/www.praktivak.be\/fr\/wp-json\/wp\/v2\/comments?post=120"}],"version-history":[{"count":15,"href":"https:\/\/www.praktivak.be\/fr\/wp-json\/wp\/v2\/pages\/120\/revisions"}],"predecessor-version":[{"id":346903,"href":"https:\/\/www.praktivak.be\/fr\/wp-json\/wp\/v2\/pages\/120\/revisions\/346903"}],"wp:attachment":[{"href":"https:\/\/www.praktivak.be\/fr\/wp-json\/wp\/v2\/media?parent=120"}],"curies":[{"name":"wp","href":"https:\/\/api.w.org\/{rel}","templated":true}]}}